{"id":11448,"date":"2024-03-04T13:42:14","date_gmt":"2024-03-04T12:42:14","guid":{"rendered":"https:\/\/sc-aix.fr\/?page_id=11448"},"modified":"2025-12-12T12:00:09","modified_gmt":"2025-12-12T11:00:09","slug":"concours","status":"publish","type":"page","link":"https:\/\/sc-aix.fr\/index.php\/concours\/","title":{"rendered":"Concours"},"content":{"rendered":"<div class=\"wpb-content-wrapper\"><p>[vc_row css_animation=&#8221;fadeIn&#8221;][vc_column css_animation=&#8221;fadeInUp&#8221;]\n        <div class=\"rs-heading style5  vc_custom_1733831081906  \">\n        \t<div class=\"title-inner \">\n        \t\t       \t\t\n\t            \n\t            <h2 class=\"title \" style=\"color: #ffffff\"><span class=\"watermark\">Bluelock<\/span><span class=\"left\">[<\/span>Soccer Club Aix-en-Provence F\u00e9minines<span class=\"right\">]<\/span><\/h2> <span class=\"lines-bg\"><\/span>\n\t            <div class=\"title-img bottom-img\"><\/div>\n\t        <\/div><\/div>[vc_separator color=&#8221;custom&#8221; accent_color=&#8221;rgba(255,255,255,0.1)&#8221;][vc_column_text css=&#8221;&#8221;]<span class=\"text-recrut\">Bienvenue dans notre jeu concours exclusif qui vous donne une nouvelle fois la chance de remporter le maillot Ext\u00e9rieur avec le soutien de Jardin Mazarin et Embaldis du Soccer Club Aix-en-Provence F\u00e9minines. Avant de participer, veuillez lire attentivement les r\u00e8gles ci-dessous :<\/span><\/p>\n<p><strong>1. \u00c9ligibilit\u00e9 :<\/strong><\/p>\n<p><span class=\"text-recrut\">Le jeu concours est ouvert \u00e0 toute personne majeure r\u00e9sidant en France.<\/span><\/p>\n<p><strong>2. Comment Participer :<\/strong><\/p>\n<p><span class=\"text-recrut\">La participation se fait en remplissant le formulaire de participation disponible ci-dessous.<br \/>\nUne seule participation par personne est autoris\u00e9e.<\/span><\/p>\n<p><strong>3. Dur\u00e9e du Concours :<\/strong><\/p>\n<p><span class=\"text-recrut\">Le concours d\u00e9bute le 14\/12\/2025 et se termine 25\/12\/2025.<\/span><\/p>\n<p><strong>4. S\u00e9lection du Gagnant :<\/strong><\/p>\n<p><span class=\"text-recrut\">Le gagnant sera choisi au hasard par un tirage au sort effectu\u00e9 le 02\/01\/2026.<br \/>\nLe gagnant sera notifi\u00e9 par e-mail dans les 48 heures suivant le tirage.<\/span><\/p>\n<p><strong>5. R\u00e9clamation du Prix :<\/strong><\/p>\n<p><span class=\"text-recrut\">Le gagnant devra r\u00e9pondre dans les 7 jours suivant la notification pour r\u00e9clamer son prix.<br \/>\nEn cas de non-r\u00e9ponse dans les d\u00e9lais, un nouveau tirage au sort sera effectu\u00e9.<\/span><\/p>\n<p><strong>6. Utilisation des Donn\u00e9es Personnelles :<\/strong><\/p>\n<p><span class=\"text-recrut\">Les informations collect\u00e9es ne seront utilis\u00e9es que dans le cadre du jeu concours et conform\u00e9ment \u00e0 notre politique de confidentialit\u00e9.<\/span><\/p>\n<p><strong>7. Promotion du Gagnant :<\/strong><\/p>\n<p><span class=\"text-recrut\">En participant, vous consentez \u00e0 ce que votre nom et image soit annonc\u00e9 sur nos plateformes de m\u00e9dias sociaux en cas de victoire.<\/span><\/p>\n<p><strong>8. Modifications :<\/strong><\/p>\n<p><span class=\"text-recrut\">Le Soccer Club Aix-en-Provence F\u00e9minines se r\u00e9serve le droit de modifier les r\u00e8gles du jeu concours \u00e0 tout moment.<br \/>\nEn participant, vous acceptez pleinement et sans r\u00e9serve toutes les conditions \u00e9nonc\u00e9es dans cette charte.<\/span><\/p>\n<p><span class=\"text-recrut\">Bonne chance \u00e0 tous les participants ! \ud83c\udf1f<br \/>\nLe Soccer Club Aix-en-Provence F\u00e9minines<\/span>[\/vc_column_text]\n<div class=\"wpcf7 no-js\" id=\"wpcf7-f11453-o1\" lang=\"fr-FR\" dir=\"ltr\" data-wpcf7-id=\"11453\">\n<div class=\"screen-reader-response\"><p role=\"status\" aria-live=\"polite\" aria-atomic=\"true\"><\/p> <ul><\/ul><\/div>\n<form action=\"\/index.php\/wp-json\/wp\/v2\/pages\/11448#wpcf7-f11453-o1\" method=\"post\" class=\"wpcf7-form init\" aria-label=\"Formulaire de contact\" novalidate=\"novalidate\" data-status=\"init\">\n<fieldset class=\"hidden-fields-container\"><input type=\"hidden\" name=\"_wpcf7\" value=\"11453\" \/><input type=\"hidden\" name=\"_wpcf7_version\" value=\"6.1.5\" \/><input type=\"hidden\" name=\"_wpcf7_locale\" value=\"fr_FR\" \/><input type=\"hidden\" name=\"_wpcf7_unit_tag\" value=\"wpcf7-f11453-o1\" \/><input type=\"hidden\" name=\"_wpcf7_container_post\" value=\"0\" \/><input type=\"hidden\" name=\"_wpcf7_posted_data_hash\" value=\"\" \/>\n<\/fieldset>\n<div class=\"contact-page1 row\">\n\t<div class=\"col-md-4\">\n\t\t<div class=\"form-group\">\n\t\t\t<p><label>Nom <span class=\"required\">*<\/span><\/label><br \/>\n<span class=\"wpcf7-form-control-wrap\" data-name=\"input-name\"><input size=\"40\" maxlength=\"400\" class=\"wpcf7-form-control wpcf7-text wpcf7-validates-as-required form-control\" id=\"input-name\" aria-required=\"true\" aria-invalid=\"false\" placeholder=\"Votre nom\u2026\" value=\"\" type=\"text\" name=\"input-name\" \/><\/span>\n\t\t\t<\/p>\n\t\t<\/div>\n\t<\/div>\n\t<div class=\"col-md-4\">\n\t\t<div class=\"form-group\">\n\t\t\t<p><label>Pr\u00e9nom <span class=\"required\">*<\/span><\/label><br \/>\n<span class=\"wpcf7-form-control-wrap\" data-name=\"prenom\"><input size=\"40\" maxlength=\"400\" class=\"wpcf7-form-control wpcf7-text wpcf7-validates-as-required form-control\" aria-required=\"true\" aria-invalid=\"false\" placeholder=\"Votre pr\u00e9nom\u2026\" value=\"\" type=\"text\" name=\"prenom\" \/><\/span>\n\t\t\t<\/p>\n\t\t<\/div>\n\t<\/div>\n\t<div class=\"col-md-4\">\n\t\t<div class=\"form-group\">\n\t\t\t<p><label>Votre Email <span class=\"required\">*<\/span><\/label><br \/>\n<span class=\"wpcf7-form-control-wrap\" data-name=\"input-email\"><input size=\"40\" maxlength=\"400\" class=\"wpcf7-form-control wpcf7-email wpcf7-validates-as-required wpcf7-text wpcf7-validates-as-email form-control\" id=\"input-email\" aria-required=\"true\" aria-invalid=\"false\" placeholder=\"Votre email\u2026\" value=\"\" type=\"email\" name=\"input-email\" \/><\/span>\n\t\t\t<\/p>\n\t\t<\/div>\n\t<\/div>\n\t<div class=\"col-md-4\">\n\t\t<div class=\"form-group\">\n\t\t\t<p><label>T\u00e9l\u00e9phone portable <span class=\"required\">*<\/span><\/label><br \/>\n<span class=\"wpcf7-form-control-wrap\" data-name=\"tel-615\"><input size=\"40\" maxlength=\"400\" class=\"wpcf7-form-control wpcf7-tel wpcf7-validates-as-required wpcf7-text wpcf7-validates-as-tel form-control\" id=\"tel-615\" aria-required=\"true\" aria-invalid=\"false\" placeholder=\"T\u00e9l\u00e9phone portable\u2026\" value=\"\" type=\"tel\" name=\"tel-615\" \/><\/span>\n\t\t\t<\/p>\n\t\t<\/div>\n\t<\/div>\n\t<div class=\"col-md-4\">\n\t\t<div class=\"form-group\">\n\t\t\t<p><label>Ville <span class=\"required\">*<\/span><\/label><br \/>\n<span class=\"wpcf7-form-control-wrap\" data-name=\"ville\"><input size=\"40\" maxlength=\"400\" class=\"wpcf7-form-control wpcf7-text wpcf7-validates-as-required form-control\" aria-required=\"true\" aria-invalid=\"false\" placeholder=\"Ville\u2026\" value=\"\" type=\"text\" name=\"ville\" \/><\/span>\n\t\t\t<\/p>\n\t\t<\/div>\n\t<\/div>\n\t<div class=\"col-md-4\">\n\t\t<p><label>Taille de t-shirt <span class=\"required\">*<\/span><\/label><br \/>\n<span class=\"wpcf7-form-control-wrap\" data-name=\"menu-668\"><select class=\"wpcf7-form-control wpcf7-select\" aria-invalid=\"false\" name=\"menu-668\"><option value=\"M (femme)\">M (femme)<\/option><option value=\"L (femme)\">L (femme)<\/option><\/select><\/span>\n\t\t<\/p>\n\t<\/div>\n<\/div>\n<p><span class=\"stage\">Tous les champs doivent \u00eatre cocher pour pouvoir continuer.<\/span>\n<\/p>\n<div class=\"contact-page1 row\">\n\t<div class=\"col-md-4\">\n\t\t<p><span class=\"wpcf7-form-control-wrap\" data-name=\"checkbox-754\"><span class=\"wpcf7-form-control wpcf7-checkbox wpcf7-validates-as-required\"><span class=\"wpcf7-list-item first last\"><input type=\"checkbox\" name=\"checkbox-754[]\" value=\"* Oui, j&#039;ai 18 ans ou plus.\" \/><span class=\"wpcf7-list-item-label\">* Oui, j&#039;ai 18 ans ou plus.<\/span><\/span><\/span><\/span>\n\t\t<\/p>\n\t<\/div>\n\t<div class=\"col-md-4\">\n\t\t<p><span class=\"wpcf7-form-control-wrap\" data-name=\"checkbox-755\"><span class=\"wpcf7-form-control wpcf7-checkbox wpcf7-validates-as-required\"><span class=\"wpcf7-list-item first last\"><input type=\"checkbox\" name=\"checkbox-755[]\" value=\"* Je confirme avoir pris connaissance, compris et accept\u00e9 d&#039;adh\u00e9rer aux conditions de participation du jeu concours du SCAF.\" \/><span class=\"wpcf7-list-item-label\">* Je confirme avoir pris connaissance, compris et accept\u00e9 d&#039;adh\u00e9rer aux conditions de participation du jeu concours du SCAF.<\/span><\/span><\/span><\/span>\n\t\t<\/p>\n\t<\/div>\n<\/div>\n<div class=\"form-button col-sm-12\">\n\t<p class=\"submit-btn\"><input class=\"wpcf7-form-control wpcf7-submit has-spinner\" type=\"submit\" value=\"Envoyer\" \/>\n\t<\/p>\n<\/div><p style=\"display: none !important;\" class=\"akismet-fields-container\" data-prefix=\"_wpcf7_ak_\"><label>&#916;<textarea name=\"_wpcf7_ak_hp_textarea\" cols=\"45\" rows=\"8\" maxlength=\"100\"><\/textarea><\/label><input type=\"hidden\" id=\"ak_js_1\" name=\"_wpcf7_ak_js\" value=\"49\"\/><script>document.getElementById( \"ak_js_1\" ).setAttribute( \"value\", ( new Date() ).getTime() );<\/script><\/p><div class=\"wpcf7-response-output\" aria-hidden=\"true\"><\/div>\n<\/form>\n<\/div>\n[\/vc_column][\/vc_row]<\/p>\n<\/div>","protected":false},"excerpt":{"rendered":"<p>[vc_row css_animation=&#8221;fadeIn&#8221;][vc_column css_animation=&#8221;fadeInUp&#8221;][vc_separator color=&#8221;custom&#8221; accent_color=&#8221;rgba(255,255,255,0.1)&#8221;][vc_column_text css=&#8221;&#8221;]Bienvenue dans notre jeu concours exclusif qui vous donne une nouvelle fois la chance de remporter le maillot Ext\u00e9rieur avec le soutien de Jardin Mazarin et Embaldis du Soccer Club Aix-en-Provence F\u00e9minines. Avant de participer, veuillez lire attentivement les r\u00e8gles ci-dessous : 1. \u00c9ligibilit\u00e9 : Le jeu concours est ouvert&#8230;<\/p>\n","protected":false},"author":1,"featured_media":0,"parent":0,"menu_order":0,"comment_status":"closed","ping_status":"closed","template":"","meta":{"rs_blank_template":"","rs_page_bg_color":"","slide_template_v7":"","footnotes":""},"class_list":["post-11448","page","type-page","status-publish","hentry"],"yoast_head":"<!-- This site is optimized with the Yoast SEO plugin v27.4 - https:\/\/yoast.com\/product\/yoast-seo-wordpress\/ -->\n<title>Concours | Site officiel du Soccer Club Aix-en-Provence F\u00e9minines<\/title>\n<meta name=\"description\" content=\"Page du club de football f\u00e9minin SCAF fond\u00e9 en 2023 \u00e0 Aix-en-Provence pr\u00e8s de Luynes, Bouc Bel Air, Gardanne et Marseille.\" \/>\n<meta name=\"robots\" content=\"index, follow, max-snippet:-1, max-image-preview:large, max-video-preview:-1\" \/>\n<link rel=\"canonical\" href=\"https:\/\/sc-aix.fr\/index.php\/concours\/\" \/>\n<meta property=\"og:locale\" content=\"fr_FR\" \/>\n<meta property=\"og:type\" content=\"article\" \/>\n<meta property=\"og:title\" content=\"Concours | Site officiel du Soccer Club Aix-en-Provence F\u00e9minines\" \/>\n<meta property=\"og:description\" content=\"Page du club de football f\u00e9minin SCAF fond\u00e9 en 2023 \u00e0 Aix-en-Provence pr\u00e8s de Luynes, Bouc Bel Air, Gardanne et Marseille.\" \/>\n<meta property=\"og:url\" content=\"https:\/\/sc-aix.fr\/index.php\/concours\/\" \/>\n<meta property=\"og:site_name\" content=\"Site officiel du Soccer Club Aix-en-Provence F\u00e9minines\" \/>\n<meta property=\"article:publisher\" content=\"https:\/\/www.facebook.com\/SportingClubAixois\/\" \/>\n<meta property=\"article:modified_time\" content=\"2025-12-12T11:00:09+00:00\" \/>\n<meta property=\"og:image\" content=\"https:\/\/sc-aix.fr\/wp-content\/uploads\/2023\/09\/logo_yoast.jpg\" \/>\n\t<meta property=\"og:image:width\" content=\"1200\" \/>\n\t<meta property=\"og:image:height\" content=\"675\" \/>\n\t<meta property=\"og:image:type\" content=\"image\/jpeg\" \/>\n<script type=\"application\/ld+json\" class=\"yoast-schema-graph\">{\"@context\":\"https:\\\/\\\/schema.org\",\"@graph\":[{\"@type\":\"WebPage\",\"@id\":\"https:\\\/\\\/sc-aix.fr\\\/index.php\\\/concours\\\/\",\"url\":\"https:\\\/\\\/sc-aix.fr\\\/index.php\\\/concours\\\/\",\"name\":\"Concours | Site officiel du Soccer Club Aix-en-Provence F\u00e9minines\",\"isPartOf\":{\"@id\":\"https:\\\/\\\/sc-aix.fr\\\/#website\"},\"datePublished\":\"2024-03-04T12:42:14+00:00\",\"dateModified\":\"2025-12-12T11:00:09+00:00\",\"description\":\"Page du club de football f\u00e9minin SCAF fond\u00e9 en 2023 \u00e0 Aix-en-Provence pr\u00e8s de Luynes, Bouc Bel Air, Gardanne et Marseille.\",\"breadcrumb\":{\"@id\":\"https:\\\/\\\/sc-aix.fr\\\/index.php\\\/concours\\\/#breadcrumb\"},\"inLanguage\":\"fr-FR\",\"potentialAction\":[{\"@type\":\"ReadAction\",\"target\":[\"https:\\\/\\\/sc-aix.fr\\\/index.php\\\/concours\\\/\"]}]},{\"@type\":\"BreadcrumbList\",\"@id\":\"https:\\\/\\\/sc-aix.fr\\\/index.php\\\/concours\\\/#breadcrumb\",\"itemListElement\":[{\"@type\":\"ListItem\",\"position\":1,\"name\":\"Accueil\",\"item\":\"https:\\\/\\\/sc-aix.fr\\\/\"},{\"@type\":\"ListItem\",\"position\":2,\"name\":\"Concours\"}]},{\"@type\":\"WebSite\",\"@id\":\"https:\\\/\\\/sc-aix.fr\\\/#website\",\"url\":\"https:\\\/\\\/sc-aix.fr\\\/\",\"name\":\"Soccer Club Aix-en-Provence F\u00e9minines\",\"description\":\"Un club de football 100% F\u00e9minin au c\u0153ur d&#039;Aix-en-Provence.\",\"publisher\":{\"@id\":\"https:\\\/\\\/sc-aix.fr\\\/#organization\"},\"alternateName\":\"SCAF\",\"potentialAction\":[{\"@type\":\"SearchAction\",\"target\":{\"@type\":\"EntryPoint\",\"urlTemplate\":\"https:\\\/\\\/sc-aix.fr\\\/?s={search_term_string}\"},\"query-input\":{\"@type\":\"PropertyValueSpecification\",\"valueRequired\":true,\"valueName\":\"search_term_string\"}}],\"inLanguage\":\"fr-FR\"},{\"@type\":\"Organization\",\"@id\":\"https:\\\/\\\/sc-aix.fr\\\/#organization\",\"name\":\"Soccer Club Aix-en-Provence F\u00e9minines\",\"alternateName\":\"SCAF\",\"url\":\"https:\\\/\\\/sc-aix.fr\\\/\",\"logo\":{\"@type\":\"ImageObject\",\"inLanguage\":\"fr-FR\",\"@id\":\"https:\\\/\\\/sc-aix.fr\\\/#\\\/schema\\\/logo\\\/image\\\/\",\"url\":\"https:\\\/\\\/sc-aix.fr\\\/wp-content\\\/uploads\\\/2023\\\/03\\\/logo_aix_260x260.png\",\"contentUrl\":\"https:\\\/\\\/sc-aix.fr\\\/wp-content\\\/uploads\\\/2023\\\/03\\\/logo_aix_260x260.png\",\"width\":260,\"height\":260,\"caption\":\"Soccer Club Aix-en-Provence F\u00e9minines\"},\"image\":{\"@id\":\"https:\\\/\\\/sc-aix.fr\\\/#\\\/schema\\\/logo\\\/image\\\/\"},\"sameAs\":[\"https:\\\/\\\/www.facebook.com\\\/SportingClubAixois\\\/\",\"https:\\\/\\\/www.instagram.com\\\/scaixf\\\/\",\"https:\\\/\\\/www.youtube.com\\\/@SportingClubAix\",\"https:\\\/\\\/www.tiktok.com\\\/@scaixf\"]}]}<\/script>\n<!-- \/ Yoast SEO plugin. -->","yoast_head_json":{"title":"Concours | Site officiel du Soccer Club Aix-en-Provence F\u00e9minines","description":"Page du club de football f\u00e9minin SCAF fond\u00e9 en 2023 \u00e0 Aix-en-Provence pr\u00e8s de Luynes, Bouc Bel Air, Gardanne et Marseille.","robots":{"index":"index","follow":"follow","max-snippet":"max-snippet:-1","max-image-preview":"max-image-preview:large","max-video-preview":"max-video-preview:-1"},"canonical":"https:\/\/sc-aix.fr\/index.php\/concours\/","og_locale":"fr_FR","og_type":"article","og_title":"Concours | Site officiel du Soccer Club Aix-en-Provence F\u00e9minines","og_description":"Page du club de football f\u00e9minin SCAF fond\u00e9 en 2023 \u00e0 Aix-en-Provence pr\u00e8s de Luynes, Bouc Bel Air, Gardanne et Marseille.","og_url":"https:\/\/sc-aix.fr\/index.php\/concours\/","og_site_name":"Site officiel du Soccer Club Aix-en-Provence F\u00e9minines","article_publisher":"https:\/\/www.facebook.com\/SportingClubAixois\/","article_modified_time":"2025-12-12T11:00:09+00:00","og_image":[{"width":1200,"height":675,"url":"https:\/\/sc-aix.fr\/wp-content\/uploads\/2023\/09\/logo_yoast.jpg","type":"image\/jpeg"}],"schema":{"@context":"https:\/\/schema.org","@graph":[{"@type":"WebPage","@id":"https:\/\/sc-aix.fr\/index.php\/concours\/","url":"https:\/\/sc-aix.fr\/index.php\/concours\/","name":"Concours | Site officiel du Soccer Club Aix-en-Provence F\u00e9minines","isPartOf":{"@id":"https:\/\/sc-aix.fr\/#website"},"datePublished":"2024-03-04T12:42:14+00:00","dateModified":"2025-12-12T11:00:09+00:00","description":"Page du club de football f\u00e9minin SCAF fond\u00e9 en 2023 \u00e0 Aix-en-Provence pr\u00e8s de Luynes, Bouc Bel Air, Gardanne et Marseille.","breadcrumb":{"@id":"https:\/\/sc-aix.fr\/index.php\/concours\/#breadcrumb"},"inLanguage":"fr-FR","potentialAction":[{"@type":"ReadAction","target":["https:\/\/sc-aix.fr\/index.php\/concours\/"]}]},{"@type":"BreadcrumbList","@id":"https:\/\/sc-aix.fr\/index.php\/concours\/#breadcrumb","itemListElement":[{"@type":"ListItem","position":1,"name":"Accueil","item":"https:\/\/sc-aix.fr\/"},{"@type":"ListItem","position":2,"name":"Concours"}]},{"@type":"WebSite","@id":"https:\/\/sc-aix.fr\/#website","url":"https:\/\/sc-aix.fr\/","name":"Soccer Club Aix-en-Provence F\u00e9minines","description":"Un club de football 100% F\u00e9minin au c\u0153ur d&#039;Aix-en-Provence.","publisher":{"@id":"https:\/\/sc-aix.fr\/#organization"},"alternateName":"SCAF","potentialAction":[{"@type":"SearchAction","target":{"@type":"EntryPoint","urlTemplate":"https:\/\/sc-aix.fr\/?s={search_term_string}"},"query-input":{"@type":"PropertyValueSpecification","valueRequired":true,"valueName":"search_term_string"}}],"inLanguage":"fr-FR"},{"@type":"Organization","@id":"https:\/\/sc-aix.fr\/#organization","name":"Soccer Club Aix-en-Provence F\u00e9minines","alternateName":"SCAF","url":"https:\/\/sc-aix.fr\/","logo":{"@type":"ImageObject","inLanguage":"fr-FR","@id":"https:\/\/sc-aix.fr\/#\/schema\/logo\/image\/","url":"https:\/\/sc-aix.fr\/wp-content\/uploads\/2023\/03\/logo_aix_260x260.png","contentUrl":"https:\/\/sc-aix.fr\/wp-content\/uploads\/2023\/03\/logo_aix_260x260.png","width":260,"height":260,"caption":"Soccer Club Aix-en-Provence F\u00e9minines"},"image":{"@id":"https:\/\/sc-aix.fr\/#\/schema\/logo\/image\/"},"sameAs":["https:\/\/www.facebook.com\/SportingClubAixois\/","https:\/\/www.instagram.com\/scaixf\/","https:\/\/www.youtube.com\/@SportingClubAix","https:\/\/www.tiktok.com\/@scaixf"]}]}},"_links":{"self":[{"href":"https:\/\/sc-aix.fr\/index.php\/wp-json\/wp\/v2\/pages\/11448","targetHints":{"allow":["GET"]}}],"collection":[{"href":"https:\/\/sc-aix.fr\/index.php\/wp-json\/wp\/v2\/pages"}],"about":[{"href":"https:\/\/sc-aix.fr\/index.php\/wp-json\/wp\/v2\/types\/page"}],"author":[{"embeddable":true,"href":"https:\/\/sc-aix.fr\/index.php\/wp-json\/wp\/v2\/users\/1"}],"replies":[{"embeddable":true,"href":"https:\/\/sc-aix.fr\/index.php\/wp-json\/wp\/v2\/comments?post=11448"}],"version-history":[{"count":0,"href":"https:\/\/sc-aix.fr\/index.php\/wp-json\/wp\/v2\/pages\/11448\/revisions"}],"wp:attachment":[{"href":"https:\/\/sc-aix.fr\/index.php\/wp-json\/wp\/v2\/media?parent=11448"}],"curies":[{"name":"wp","href":"https:\/\/api.w.org\/{rel}","templated":true}]}}