{"id":1983,"date":"2020-10-27T06:56:57","date_gmt":"2020-10-27T05:56:57","guid":{"rendered":"https:\/\/rstheme.com\/products\/wordpress\/khelo\/?page_id=1983"},"modified":"2026-03-06T16:46:29","modified_gmt":"2026-03-06T15:46:29","slug":"histoire","status":"publish","type":"page","link":"https:\/\/sc-aix.fr\/index.php\/histoire\/","title":{"rendered":"Histoire"},"content":{"rendered":"<div class=\"wpb-content-wrapper\"><p>[vc_row css=&#8221;.vc_custom_1680701001371{margin-bottom: 70px !important;}&#8221;][vc_column css_animation=&#8221;fadeInUp&#8221;]\n        <div class=\"rs-heading style5  vc_custom_1723379404565  text-center\">\n        \t<div class=\"title-inner \">\n        \t\t       \t\t\n\t            \n\t            <h2 class=\"title \" style=\"color: #ffffff\"><span class=\"watermark\">Histoire<\/span><span class=\"left\">[<\/span>Histoire<span class=\"right\">]<\/span><\/h2> <span class=\"lines-bg\"><\/span>\n\t            <div class=\"title-img bottom-img\"><\/div>\n\t        <\/div><\/div>[vc_separator color=&#8221;custom&#8221; accent_color=&#8221;rgba(255,255,255,0.1)&#8221;][vc_column_text css=&#8221;&#8221;]<span class=\"text-recrut\">Le <strong>Soccer Club Aix-en-Provence F\u00e9minines<\/strong> est un club de football f\u00e9minin cr\u00e9\u00e9 le 01\/06\/2023 et bas\u00e9 \u00e0 Aix-en-Provence, dans le sud de la France, en Provence-Alpes-C\u00f4te d\u2019Azur. Fond\u00e9 par des passionn\u00e9s, le club a rapidement \u00e9crit son histoire en se faisant remarquer dans la sc\u00e8ne locale du football f\u00e9minin.<\/span><\/p>\n<p><span class=\"text-recrut\">L\u2019histoire du club remonte au 01\/06\/2023. Avec une \u00e9quipe dirigeante d\u00e9vou\u00e9e, dont Valentin Bakircilar en tant que pr\u00e9sident, Bairam Haidri en tant que secr\u00e9taire g\u00e9n\u00e9ral et Anthony Caracena en tant que tr\u00e9sorier, ainsi que d\u2019autres membres du Conseil d\u2019administration, dont Yoan Belle, Romain Borderies, Ana\u00efs Caramelo et Olivier Schmutz, le Soccer Club Aix-en-Provence F\u00e9minines s\u2019est structur\u00e9 et d\u00e9velopp\u00e9 rapidement.<\/span><\/p>\n<p><span class=\"text-recrut\">L\u2019\u00e9quipe premi\u00e8re f\u00e9minine senior, entra\u00een\u00e9e par Olivier Schmutz, avec Yoan Belle en tant qu\u2019entra\u00eeneur adjoint et Anthony Caracena au sein du staff, travaille avec d\u00e9termination pour d\u00e9velopper l\u2019\u00e9quipe et la mener vers le succ\u00e8s. D\u00e8s sa deuxi\u00e8me ann\u00e9e d\u2019existence, le club a r\u00e9alis\u00e9 une mont\u00e9e historique en R\u00e9gional 1 \u2014 une premi\u00e8re pour le football f\u00e9minin dans la ville d\u2019Aix-en-Provence.<\/span><\/p>\n<p><span class=\"text-recrut\">L\u2019avenir du Soccer Club Aix-en-Provence s\u2019annonce prometteur, avec une \u00e9quipe dirigeante d\u00e9vou\u00e9e, un staff technique exp\u00e9riment\u00e9 et des joueuses passionn\u00e9es. Le club continue de promouvoir les valeurs du sport, de favoriser l\u2019\u00e9panouissement des femmes dans le football et de repr\u00e9senter fi\u00e8rement la r\u00e9gion d\u2019Aix-en-Provence sur la sc\u00e8ne du football f\u00e9minin.<\/span>[\/vc_column_text][\/vc_column][\/vc_row][vc_row css=&#8221;.vc_custom_1681432349842{margin-top: 30px !important;margin-bottom: 30px !important;}&#8221;][vc_column css_animation=&#8221;fadeInLeft&#8221; width=&#8221;1\/4&#8243;][vc_single_image image=&#8221;11769&#8243; img_size=&#8221;200&#215;200&#8243; css=&#8221;&#8221;][\/vc_column][vc_column css_animation=&#8221;fadeInRight&#8221; width=&#8221;1\/4&#8243; css=&#8221;.vc_custom_1681732500774{margin-top: 30px !important;}&#8221;][vc_column_text css=&#8221;&#8221;]<span class=\"fonction\">Membre CA<\/span><br \/>\n<span class=\"stage\">Serge Roatta<\/span>[\/vc_column_text][vc_column_text]<span class=\"fonction\">Membre CA<\/span><br \/>\n<span class=\"stage\">Olivier Schmutz<\/span>[\/vc_column_text][vc_column_text css=&#8221;&#8221;]<span class=\"fonction\">Membre CA<\/span><br \/>\n<span class=\"stage\">Yoan Belle<\/span>[\/vc_column_text][\/vc_column][vc_column css_animation=&#8221;fadeInRight&#8221; width=&#8221;1\/4&#8243; css=&#8221;.vc_custom_1681732513395{margin-top: 30px !important;}&#8221;][vc_column_text]<span class=\"fonction\">Membre CA<\/span><br \/>\n<span class=\"stage\">Valentin Bakircilar<\/span>[\/vc_column_text][vc_column_text css=&#8221;&#8221;]<span class=\"fonction\">Membre CA<\/span><br \/>\n<span class=\"stage\">Romain Serratore<\/span>[\/vc_column_text][vc_column_text css=&#8221;&#8221;]<span class=\"fonction\">Membre CA<\/span><br \/>\n<span class=\"stage\">Sana Achour<\/span>[\/vc_column_text][\/vc_column][vc_column css_animation=&#8221;fadeInRight&#8221; width=&#8221;1\/4&#8243; css=&#8221;.vc_custom_1681732519388{margin-top: 30px !important;}&#8221;][vc_column_text]<span class=\"fonction\">Membre CA<\/span><br \/>\n<span class=\"stage\">Anthony Caracena<\/span>[\/vc_column_text][vc_column_text css=&#8221;&#8221;]<span class=\"fonction\">Membre CA<\/span><br \/>\n<span class=\"stage\">Ana\u00efs Caramelo<\/span>[\/vc_column_text][\/vc_column][\/vc_row][vc_row full_width=&#8221;stretch_row&#8221; css_animation=&#8221;fadeIn&#8221; el_class=&#8221;home3-upcome&#8221; css=&#8221;.vc_custom_1681565074339{padding-top: 95px !important;padding-bottom: 100px !important;background-color: #f4f4f4 !important;}&#8221;][vc_column css_animation=&#8221;fadeInLeft&#8221; width=&#8221;1\/4&#8243;][vc_single_image image=&#8221;14219&#8243; img_size=&#8221;145&#215;192&#8243; alignment=&#8221;center&#8221; css_animation=&#8221;none&#8221; css=&#8221;&#8221;][\/vc_column][vc_column css_animation=&#8221;fadeInUp&#8221; width=&#8221;1\/4&#8243;][vc_single_image image=&#8221;14225&#8243; img_size=&#8221;145&#215;192&#8243; alignment=&#8221;center&#8221; css_animation=&#8221;none&#8221; css=&#8221;&#8221;][\/vc_column][vc_column css_animation=&#8221;fadeInUp&#8221; width=&#8221;1\/4&#8243;][vc_single_image image=&#8221;14227&#8243; img_size=&#8221;145&#215;192&#8243; alignment=&#8221;center&#8221; css_animation=&#8221;none&#8221; css=&#8221;&#8221;][\/vc_column][vc_column css_animation=&#8221;fadeInRight&#8221; width=&#8221;1\/4&#8243;][vc_single_image image=&#8221;14229&#8243; img_size=&#8221;145&#215;192&#8243; alignment=&#8221;center&#8221; css_animation=&#8221;none&#8221; css=&#8221;&#8221;][\/vc_column][\/vc_row][vc_row][vc_column css_animation=&#8221;fadeInUp&#8221;]\n        <div class=\"rs-heading style5  vc_custom_1752944661402  text-center\">\n        \t<div class=\"title-inner \">\n        \t\t       \t\t\n\t            \n\t            <h2 class=\"title \" style=\"color: #ffffff\"><span class=\"watermark\">EN VEDETTE<\/span><span class=\"left\">[<\/span>MAILLOTS 25-26<span class=\"right\">]<\/span><\/h2> <span class=\"lines-bg\"><\/span>\n\t            <div class=\"title-img bottom-img\"><\/div>\n\t        <\/div><\/div>[vc_separator color=&#8221;custom&#8221; accent_color=&#8221;rgba(255,255,255,0.1)&#8221;][\/vc_column][\/vc_row][vc_row full_width=&#8221;stretch_row&#8221; css_animation=&#8221;fadeIn&#8221;][vc_column css_animation=&#8221;fadeInLeft&#8221; width=&#8221;1\/3&#8243;][vc_hoverbox image=&#8221;15056&#8243; primary_title=&#8221;&#8221; hover_title=&#8221;&#8221; shape=&#8221;square&#8221; hover_background_color=&#8221;custom&#8221;]<img loading=\"lazy\" decoding=\"async\" class=\"wp-image-15057 size-full\" src=\"https:\/\/sc-aix.fr\/wp-content\/uploads\/2025\/08\/domicile_dos-25-26.webp\" alt=\"Maillot domicile dos saison 2024\/25, club de foot f\u00e9minin\" width=\"2000\" height=\"2000\" srcset=\"https:\/\/sc-aix.fr\/wp-content\/uploads\/2025\/08\/domicile_dos-25-26.webp 2000w, https:\/\/sc-aix.fr\/wp-content\/uploads\/2025\/08\/domicile_dos-25-26-300x300.webp 300w, https:\/\/sc-aix.fr\/wp-content\/uploads\/2025\/08\/domicile_dos-25-26-1024x1024.webp 1024w, https:\/\/sc-aix.fr\/wp-content\/uploads\/2025\/08\/domicile_dos-25-26-150x150.webp 150w, https:\/\/sc-aix.fr\/wp-content\/uploads\/2025\/08\/domicile_dos-25-26-768x768.webp 768w, https:\/\/sc-aix.fr\/wp-content\/uploads\/2025\/08\/domicile_dos-25-26-1536x1536.webp 1536w, https:\/\/sc-aix.fr\/wp-content\/uploads\/2025\/08\/domicile_dos-25-26-128x128.webp 128w, https:\/\/sc-aix.fr\/wp-content\/uploads\/2025\/08\/domicile_dos-25-26-32x32.webp 32w, https:\/\/sc-aix.fr\/wp-content\/uploads\/2025\/08\/domicile_dos-25-26-600x600.webp 600w, https:\/\/sc-aix.fr\/wp-content\/uploads\/2025\/08\/domicile_dos-25-26-100x100.webp 100w\" sizes=\"auto, (max-width: 2000px) 100vw, 2000px\" \/>[\/vc_hoverbox][\/vc_column][vc_column css_animation=&#8221;fadeInUp&#8221; width=&#8221;1\/3&#8243;][vc_hoverbox image=&#8221;15058&#8243; primary_title=&#8221;&#8221; hover_title=&#8221;&#8221; shape=&#8221;square&#8221; hover_background_color=&#8221;custom&#8221;]<img loading=\"lazy\" decoding=\"async\" class=\"wp-image-15059 size-full\" src=\"https:\/\/sc-aix.fr\/wp-content\/uploads\/2025\/08\/ext_dos_25-26.webp\" alt=\"Maillot dos ext\u00e9rieur saison 2024\/25, club de foot f\u00e9minin\" width=\"2000\" height=\"2000\" srcset=\"https:\/\/sc-aix.fr\/wp-content\/uploads\/2025\/08\/ext_dos_25-26.webp 2000w, https:\/\/sc-aix.fr\/wp-content\/uploads\/2025\/08\/ext_dos_25-26-300x300.webp 300w, https:\/\/sc-aix.fr\/wp-content\/uploads\/2025\/08\/ext_dos_25-26-1024x1024.webp 1024w, https:\/\/sc-aix.fr\/wp-content\/uploads\/2025\/08\/ext_dos_25-26-150x150.webp 150w, https:\/\/sc-aix.fr\/wp-content\/uploads\/2025\/08\/ext_dos_25-26-768x768.webp 768w, https:\/\/sc-aix.fr\/wp-content\/uploads\/2025\/08\/ext_dos_25-26-1536x1536.webp 1536w, https:\/\/sc-aix.fr\/wp-content\/uploads\/2025\/08\/ext_dos_25-26-128x128.webp 128w, https:\/\/sc-aix.fr\/wp-content\/uploads\/2025\/08\/ext_dos_25-26-32x32.webp 32w, https:\/\/sc-aix.fr\/wp-content\/uploads\/2025\/08\/ext_dos_25-26-600x600.webp 600w, https:\/\/sc-aix.fr\/wp-content\/uploads\/2025\/08\/ext_dos_25-26-100x100.webp 100w\" sizes=\"auto, (max-width: 2000px) 100vw, 2000px\" \/>[\/vc_hoverbox][\/vc_column][vc_column css_animation=&#8221;fadeInRight&#8221; width=&#8221;1\/3&#8243;][vc_hoverbox image=&#8221;15060&#8243; primary_title=&#8221;&#8221; hover_title=&#8221;&#8221; shape=&#8221;square&#8221; hover_background_color=&#8221;custom&#8221; css_animation=&#8221;none&#8221;]<img loading=\"lazy\" decoding=\"async\" class=\"wp-image-15061 size-full\" src=\"https:\/\/sc-aix.fr\/wp-content\/uploads\/2025\/08\/third_dos.webp\" alt=\"Maillot dos third saison 2024\/25, football f\u00e9minin aix\" width=\"2000\" height=\"2000\" srcset=\"https:\/\/sc-aix.fr\/wp-content\/uploads\/2025\/08\/third_dos.webp 2000w, https:\/\/sc-aix.fr\/wp-content\/uploads\/2025\/08\/third_dos-300x300.webp 300w, https:\/\/sc-aix.fr\/wp-content\/uploads\/2025\/08\/third_dos-1024x1024.webp 1024w, https:\/\/sc-aix.fr\/wp-content\/uploads\/2025\/08\/third_dos-150x150.webp 150w, https:\/\/sc-aix.fr\/wp-content\/uploads\/2025\/08\/third_dos-768x768.webp 768w, https:\/\/sc-aix.fr\/wp-content\/uploads\/2025\/08\/third_dos-1536x1536.webp 1536w, https:\/\/sc-aix.fr\/wp-content\/uploads\/2025\/08\/third_dos-128x128.webp 128w, https:\/\/sc-aix.fr\/wp-content\/uploads\/2025\/08\/third_dos-32x32.webp 32w, https:\/\/sc-aix.fr\/wp-content\/uploads\/2025\/08\/third_dos-600x600.webp 600w, https:\/\/sc-aix.fr\/wp-content\/uploads\/2025\/08\/third_dos-100x100.webp 100w\" sizes=\"auto, (max-width: 2000px) 100vw, 2000px\" \/>[\/vc_hoverbox][\/vc_column][\/vc_row][vc_row][vc_column][vc_column_text][\/vc_column_text][\/vc_column][\/vc_row]<\/p>\n<\/div>","protected":false},"excerpt":{"rendered":"<p>[vc_row css=&#8221;.vc_custom_1680701001371{margin-bottom: 70px !important;}&#8221;][vc_column css_animation=&#8221;fadeInUp&#8221;][vc_separator color=&#8221;custom&#8221; accent_color=&#8221;rgba(255,255,255,0.1)&#8221;][vc_column_text css=&#8221;&#8221;]Le Soccer Club Aix-en-Provence F\u00e9minines est un club de football f\u00e9minin cr\u00e9\u00e9 le 01\/06\/2023 et bas\u00e9 \u00e0 Aix-en-Provence, dans le sud de la France, en Provence-Alpes-C\u00f4te d\u2019Azur. Fond\u00e9 par des passionn\u00e9s, le club a rapidement \u00e9crit son histoire en se faisant remarquer dans la sc\u00e8ne locale du football&#8230;<\/p>\n","protected":false},"author":1,"featured_media":0,"parent":0,"menu_order":0,"comment_status":"closed","ping_status":"closed","template":"","meta":{"rs_blank_template":"","rs_page_bg_color":"","slide_template_v7":"","footnotes":""},"class_list":["post-1983","page","type-page","status-publish","hentry"],"yoast_head":"<!-- This site is optimized with the Yoast SEO plugin v27.4 - https:\/\/yoast.com\/product\/yoast-seo-wordpress\/ -->\n<title>Histoire | Site officiel du Soccer Club Aix-en-Provence F\u00e9minines<\/title>\n<meta name=\"description\" content=\"Le SC Aix-en-Provence est un club de football f\u00e9minin fond\u00e9 en 2023 \u00e0 Aix-en-Provence pr\u00e8s de Luynes, Bouc Bel Air, Gardanne et Marseille.\" \/>\n<meta name=\"robots\" content=\"index, follow, max-snippet:-1, max-image-preview:large, max-video-preview:-1\" \/>\n<link rel=\"canonical\" href=\"https:\/\/sc-aix.fr\/index.php\/histoire\/\" \/>\n<meta property=\"og:locale\" content=\"fr_FR\" \/>\n<meta property=\"og:type\" content=\"article\" \/>\n<meta property=\"og:title\" content=\"Histoire | Site officiel du Soccer Club Aix-en-Provence F\u00e9minines\" \/>\n<meta property=\"og:description\" content=\"Le SC Aix-en-Provence est un club de football f\u00e9minin fond\u00e9 en 2023 \u00e0 Aix-en-Provence pr\u00e8s de Luynes, Bouc Bel Air, Gardanne et Marseille.\" \/>\n<meta property=\"og:url\" content=\"https:\/\/sc-aix.fr\/index.php\/histoire\/\" \/>\n<meta property=\"og:site_name\" content=\"Site officiel du Soccer Club Aix-en-Provence F\u00e9minines\" \/>\n<meta property=\"article:publisher\" content=\"https:\/\/www.facebook.com\/SportingClubAixois\/\" \/>\n<meta property=\"article:modified_time\" content=\"2026-03-06T15:46:29+00:00\" \/>\n<meta property=\"og:image\" content=\"https:\/\/sc-aix.fr\/wp-content\/uploads\/2025\/08\/domicile_dos-25-26.webp\" \/>\n<script type=\"application\/ld+json\" class=\"yoast-schema-graph\">{\"@context\":\"https:\\\/\\\/schema.org\",\"@graph\":[{\"@type\":\"WebPage\",\"@id\":\"https:\\\/\\\/sc-aix.fr\\\/index.php\\\/histoire\\\/\",\"url\":\"https:\\\/\\\/sc-aix.fr\\\/index.php\\\/histoire\\\/\",\"name\":\"Histoire | Site officiel du Soccer Club Aix-en-Provence F\u00e9minines\",\"isPartOf\":{\"@id\":\"https:\\\/\\\/sc-aix.fr\\\/#website\"},\"primaryImageOfPage\":{\"@id\":\"https:\\\/\\\/sc-aix.fr\\\/index.php\\\/histoire\\\/#primaryimage\"},\"image\":{\"@id\":\"https:\\\/\\\/sc-aix.fr\\\/index.php\\\/histoire\\\/#primaryimage\"},\"thumbnailUrl\":\"https:\\\/\\\/sc-aix.fr\\\/wp-content\\\/uploads\\\/2025\\\/08\\\/domicile_dos-25-26.webp\",\"datePublished\":\"2020-10-27T05:56:57+00:00\",\"dateModified\":\"2026-03-06T15:46:29+00:00\",\"description\":\"Le SC Aix-en-Provence est un club de football f\u00e9minin fond\u00e9 en 2023 \u00e0 Aix-en-Provence pr\u00e8s de Luynes, Bouc Bel Air, Gardanne et Marseille.\",\"breadcrumb\":{\"@id\":\"https:\\\/\\\/sc-aix.fr\\\/index.php\\\/histoire\\\/#breadcrumb\"},\"inLanguage\":\"fr-FR\",\"potentialAction\":[{\"@type\":\"ReadAction\",\"target\":[\"https:\\\/\\\/sc-aix.fr\\\/index.php\\\/histoire\\\/\"]}]},{\"@type\":\"ImageObject\",\"inLanguage\":\"fr-FR\",\"@id\":\"https:\\\/\\\/sc-aix.fr\\\/index.php\\\/histoire\\\/#primaryimage\",\"url\":\"https:\\\/\\\/sc-aix.fr\\\/wp-content\\\/uploads\\\/2025\\\/08\\\/domicile_dos-25-26.webp\",\"contentUrl\":\"https:\\\/\\\/sc-aix.fr\\\/wp-content\\\/uploads\\\/2025\\\/08\\\/domicile_dos-25-26.webp\",\"width\":2000,\"height\":2000,\"caption\":\"Maillot domicile dos saison 2024\\\/25, club de foot f\u00e9minin\"},{\"@type\":\"BreadcrumbList\",\"@id\":\"https:\\\/\\\/sc-aix.fr\\\/index.php\\\/histoire\\\/#breadcrumb\",\"itemListElement\":[{\"@type\":\"ListItem\",\"position\":1,\"name\":\"Accueil\",\"item\":\"https:\\\/\\\/sc-aix.fr\\\/\"},{\"@type\":\"ListItem\",\"position\":2,\"name\":\"Histoire\"}]},{\"@type\":\"WebSite\",\"@id\":\"https:\\\/\\\/sc-aix.fr\\\/#website\",\"url\":\"https:\\\/\\\/sc-aix.fr\\\/\",\"name\":\"Soccer Club Aix-en-Provence F\u00e9minines\",\"description\":\"Un club de football 100% F\u00e9minin au c\u0153ur d&#039;Aix-en-Provence.\",\"publisher\":{\"@id\":\"https:\\\/\\\/sc-aix.fr\\\/#organization\"},\"alternateName\":\"SCAF\",\"potentialAction\":[{\"@type\":\"SearchAction\",\"target\":{\"@type\":\"EntryPoint\",\"urlTemplate\":\"https:\\\/\\\/sc-aix.fr\\\/?s={search_term_string}\"},\"query-input\":{\"@type\":\"PropertyValueSpecification\",\"valueRequired\":true,\"valueName\":\"search_term_string\"}}],\"inLanguage\":\"fr-FR\"},{\"@type\":\"Organization\",\"@id\":\"https:\\\/\\\/sc-aix.fr\\\/#organization\",\"name\":\"Soccer Club Aix-en-Provence F\u00e9minines\",\"alternateName\":\"SCAF\",\"url\":\"https:\\\/\\\/sc-aix.fr\\\/\",\"logo\":{\"@type\":\"ImageObject\",\"inLanguage\":\"fr-FR\",\"@id\":\"https:\\\/\\\/sc-aix.fr\\\/#\\\/schema\\\/logo\\\/image\\\/\",\"url\":\"https:\\\/\\\/sc-aix.fr\\\/wp-content\\\/uploads\\\/2023\\\/03\\\/logo_aix_260x260.png\",\"contentUrl\":\"https:\\\/\\\/sc-aix.fr\\\/wp-content\\\/uploads\\\/2023\\\/03\\\/logo_aix_260x260.png\",\"width\":260,\"height\":260,\"caption\":\"Soccer Club Aix-en-Provence F\u00e9minines\"},\"image\":{\"@id\":\"https:\\\/\\\/sc-aix.fr\\\/#\\\/schema\\\/logo\\\/image\\\/\"},\"sameAs\":[\"https:\\\/\\\/www.facebook.com\\\/SportingClubAixois\\\/\",\"https:\\\/\\\/www.instagram.com\\\/scaixf\\\/\",\"https:\\\/\\\/www.youtube.com\\\/@SportingClubAix\",\"https:\\\/\\\/www.tiktok.com\\\/@scaixf\"]}]}<\/script>\n<!-- \/ Yoast SEO plugin. -->","yoast_head_json":{"title":"Histoire | Site officiel du Soccer Club Aix-en-Provence F\u00e9minines","description":"Le SC Aix-en-Provence est un club de football f\u00e9minin fond\u00e9 en 2023 \u00e0 Aix-en-Provence pr\u00e8s de Luynes, Bouc Bel Air, Gardanne et Marseille.","robots":{"index":"index","follow":"follow","max-snippet":"max-snippet:-1","max-image-preview":"max-image-preview:large","max-video-preview":"max-video-preview:-1"},"canonical":"https:\/\/sc-aix.fr\/index.php\/histoire\/","og_locale":"fr_FR","og_type":"article","og_title":"Histoire | Site officiel du Soccer Club Aix-en-Provence F\u00e9minines","og_description":"Le SC Aix-en-Provence est un club de football f\u00e9minin fond\u00e9 en 2023 \u00e0 Aix-en-Provence pr\u00e8s de Luynes, Bouc Bel Air, Gardanne et Marseille.","og_url":"https:\/\/sc-aix.fr\/index.php\/histoire\/","og_site_name":"Site officiel du Soccer Club Aix-en-Provence F\u00e9minines","article_publisher":"https:\/\/www.facebook.com\/SportingClubAixois\/","article_modified_time":"2026-03-06T15:46:29+00:00","og_image":[{"url":"https:\/\/sc-aix.fr\/wp-content\/uploads\/2025\/08\/domicile_dos-25-26.webp","type":"","width":"","height":""}],"schema":{"@context":"https:\/\/schema.org","@graph":[{"@type":"WebPage","@id":"https:\/\/sc-aix.fr\/index.php\/histoire\/","url":"https:\/\/sc-aix.fr\/index.php\/histoire\/","name":"Histoire | Site officiel du Soccer Club Aix-en-Provence F\u00e9minines","isPartOf":{"@id":"https:\/\/sc-aix.fr\/#website"},"primaryImageOfPage":{"@id":"https:\/\/sc-aix.fr\/index.php\/histoire\/#primaryimage"},"image":{"@id":"https:\/\/sc-aix.fr\/index.php\/histoire\/#primaryimage"},"thumbnailUrl":"https:\/\/sc-aix.fr\/wp-content\/uploads\/2025\/08\/domicile_dos-25-26.webp","datePublished":"2020-10-27T05:56:57+00:00","dateModified":"2026-03-06T15:46:29+00:00","description":"Le SC Aix-en-Provence est un club de football f\u00e9minin fond\u00e9 en 2023 \u00e0 Aix-en-Provence pr\u00e8s de Luynes, Bouc Bel Air, Gardanne et Marseille.","breadcrumb":{"@id":"https:\/\/sc-aix.fr\/index.php\/histoire\/#breadcrumb"},"inLanguage":"fr-FR","potentialAction":[{"@type":"ReadAction","target":["https:\/\/sc-aix.fr\/index.php\/histoire\/"]}]},{"@type":"ImageObject","inLanguage":"fr-FR","@id":"https:\/\/sc-aix.fr\/index.php\/histoire\/#primaryimage","url":"https:\/\/sc-aix.fr\/wp-content\/uploads\/2025\/08\/domicile_dos-25-26.webp","contentUrl":"https:\/\/sc-aix.fr\/wp-content\/uploads\/2025\/08\/domicile_dos-25-26.webp","width":2000,"height":2000,"caption":"Maillot domicile dos saison 2024\/25, club de foot f\u00e9minin"},{"@type":"BreadcrumbList","@id":"https:\/\/sc-aix.fr\/index.php\/histoire\/#breadcrumb","itemListElement":[{"@type":"ListItem","position":1,"name":"Accueil","item":"https:\/\/sc-aix.fr\/"},{"@type":"ListItem","position":2,"name":"Histoire"}]},{"@type":"WebSite","@id":"https:\/\/sc-aix.fr\/#website","url":"https:\/\/sc-aix.fr\/","name":"Soccer Club Aix-en-Provence F\u00e9minines","description":"Un club de football 100% F\u00e9minin au c\u0153ur d&#039;Aix-en-Provence.","publisher":{"@id":"https:\/\/sc-aix.fr\/#organization"},"alternateName":"SCAF","potentialAction":[{"@type":"SearchAction","target":{"@type":"EntryPoint","urlTemplate":"https:\/\/sc-aix.fr\/?s={search_term_string}"},"query-input":{"@type":"PropertyValueSpecification","valueRequired":true,"valueName":"search_term_string"}}],"inLanguage":"fr-FR"},{"@type":"Organization","@id":"https:\/\/sc-aix.fr\/#organization","name":"Soccer Club Aix-en-Provence F\u00e9minines","alternateName":"SCAF","url":"https:\/\/sc-aix.fr\/","logo":{"@type":"ImageObject","inLanguage":"fr-FR","@id":"https:\/\/sc-aix.fr\/#\/schema\/logo\/image\/","url":"https:\/\/sc-aix.fr\/wp-content\/uploads\/2023\/03\/logo_aix_260x260.png","contentUrl":"https:\/\/sc-aix.fr\/wp-content\/uploads\/2023\/03\/logo_aix_260x260.png","width":260,"height":260,"caption":"Soccer Club Aix-en-Provence F\u00e9minines"},"image":{"@id":"https:\/\/sc-aix.fr\/#\/schema\/logo\/image\/"},"sameAs":["https:\/\/www.facebook.com\/SportingClubAixois\/","https:\/\/www.instagram.com\/scaixf\/","https:\/\/www.youtube.com\/@SportingClubAix","https:\/\/www.tiktok.com\/@scaixf"]}]}},"_links":{"self":[{"href":"https:\/\/sc-aix.fr\/index.php\/wp-json\/wp\/v2\/pages\/1983","targetHints":{"allow":["GET"]}}],"collection":[{"href":"https:\/\/sc-aix.fr\/index.php\/wp-json\/wp\/v2\/pages"}],"about":[{"href":"https:\/\/sc-aix.fr\/index.php\/wp-json\/wp\/v2\/types\/page"}],"author":[{"embeddable":true,"href":"https:\/\/sc-aix.fr\/index.php\/wp-json\/wp\/v2\/users\/1"}],"replies":[{"embeddable":true,"href":"https:\/\/sc-aix.fr\/index.php\/wp-json\/wp\/v2\/comments?post=1983"}],"version-history":[{"count":0,"href":"https:\/\/sc-aix.fr\/index.php\/wp-json\/wp\/v2\/pages\/1983\/revisions"}],"wp:attachment":[{"href":"https:\/\/sc-aix.fr\/index.php\/wp-json\/wp\/v2\/media?parent=1983"}],"curies":[{"name":"wp","href":"https:\/\/api.w.org\/{rel}","templated":true}]}}