{"id":2085,"date":"2019-04-13T06:21:51","date_gmt":"2019-04-13T06:21:51","guid":{"rendered":"http:\/\/192.168.0.110\/sports\/?page_id=14"},"modified":"2025-12-01T22:59:49","modified_gmt":"2025-12-01T21:59:49","slug":"contact","status":"publish","type":"page","link":"https:\/\/sc-aix.fr\/index.php\/contact\/","title":{"rendered":"Contact"},"content":{"rendered":"<div class=\"wpb-content-wrapper\"><p>[vc_row full_width=&#8221;stretch_row&#8221; content_placement=&#8221;top&#8221; css_animation=&#8221;fadeIn&#8221; css=&#8221;.vc_custom_1681174801233{padding-top: 100px !important;padding-bottom: 100px !important;background-position: center !important;background-repeat: no-repeat !important;background-size: cover !important;}&#8221; el_class=&#8221;overflow-visible&#8221;][vc_column css_animation=&#8221;fadeInLeft&#8221; width=&#8221;1\/2&#8243; el_id=&#8221;google-map&#8221; css=&#8221;.vc_custom_1681340994515{padding-top: 0px !important;}&#8221; el_class=&#8221;mob-mb40&#8243;][vc_single_image image=&#8221;15553&#8243; img_size=&#8221;full&#8221; alignment=&#8221;center&#8221; style=&#8221;vc_box_rounded&#8221; css_animation=&#8221;none&#8221; css=&#8221;&#8221;][\/vc_column][vc_column css_animation=&#8221;fadeInRight&#8221; width=&#8221;1\/2&#8243; el_class=&#8221;left-btn left-btn mobc-pl15&#8243; css=&#8221;.vc_custom_1681341001099{padding-top: 0px !important;padding-left: 50px !important;}&#8221;]\n        <div class=\"rs-heading style5  vc_custom_1679172417326  \">\n        \t<div class=\"title-inner \">\n        \t\t       \t\t\n\t            \n\t            <h2 class=\"title \" style=\"color: #ffffff\"><span class=\"left\">[<\/span>Contact<span class=\"right\">]<\/span><\/h2> <span class=\"lines-bg\"><\/span>\n\t            <div class=\"title-img bottom-img\"><\/div>\n\t        <\/div><\/div>\n<div class=\"wpcf7 no-js\" id=\"wpcf7-f572-o1\" lang=\"en-US\" dir=\"ltr\" data-wpcf7-id=\"572\">\n<div class=\"screen-reader-response\"><p role=\"status\" aria-live=\"polite\" aria-atomic=\"true\"><\/p> <ul><\/ul><\/div>\n<form action=\"\/index.php\/wp-json\/wp\/v2\/pages\/2085#wpcf7-f572-o1\" method=\"post\" class=\"wpcf7-form init\" aria-label=\"Contact form\" novalidate=\"novalidate\" data-status=\"init\">\n<fieldset class=\"hidden-fields-container\"><input type=\"hidden\" name=\"_wpcf7\" value=\"572\" \/><input type=\"hidden\" name=\"_wpcf7_version\" value=\"6.1.5\" \/><input type=\"hidden\" name=\"_wpcf7_locale\" value=\"en_US\" \/><input type=\"hidden\" name=\"_wpcf7_unit_tag\" value=\"wpcf7-f572-o1\" \/><input type=\"hidden\" name=\"_wpcf7_container_post\" value=\"0\" \/><input type=\"hidden\" name=\"_wpcf7_posted_data_hash\" value=\"\" \/>\n<\/fieldset>\n<div class=\"contact-page1 row\">\n\t<div class=\"col-sm-6\">\n\t\t<p><span class=\"wpcf7-form-control-wrap\" data-name=\"your-name\"><input size=\"40\" maxlength=\"400\" class=\"wpcf7-form-control wpcf7-text wpcf7-validates-as-required\" autocomplete=\"name\" aria-required=\"true\" aria-invalid=\"false\" placeholder=\"Nom\" value=\"\" type=\"text\" name=\"your-name\" \/><\/span>\n\t\t<\/p>\n\t<\/div>\n\t<div class=\"col-sm-6\">\n\t\t<p><span class=\"wpcf7-form-control-wrap\" data-name=\"your-email\"><input size=\"40\" maxlength=\"400\" class=\"wpcf7-form-control wpcf7-email wpcf7-validates-as-required wpcf7-text wpcf7-validates-as-email\" autocomplete=\"email\" aria-required=\"true\" aria-invalid=\"false\" placeholder=\"E-Mail\" value=\"\" type=\"email\" name=\"your-email\" \/><\/span>\n\t\t<\/p>\n\t<\/div>\n\t<div class=\"col-sm-6\">\n\t\t<p><span class=\"wpcf7-form-control-wrap\" data-name=\"your-phone\"><input size=\"40\" maxlength=\"400\" class=\"wpcf7-form-control wpcf7-text wpcf7-validates-as-required\" aria-required=\"true\" aria-invalid=\"false\" placeholder=\"T\u00e9l\u00e9phone\" value=\"\" type=\"text\" name=\"your-phone\" \/><\/span>\n\t\t<\/p>\n\t<\/div>\n\t<div class=\"col-sm-6\">\n\t\t<p><span class=\"wpcf7-form-control-wrap\" data-name=\"menu-969\"><select class=\"wpcf7-form-control wpcf7-select\" aria-invalid=\"false\" name=\"menu-969\"><option value=\"Divers\">Divers<\/option><option value=\"Cartes Fid\u00e9lit\u00e9s\">Cartes Fid\u00e9lit\u00e9s<\/option><option value=\"Maillots Flocages\">Maillots Flocages<\/option><option value=\"Inscription\">Inscription<\/option><option value=\"Partenariats\">Partenariats<\/option><option value=\"Renseignements\">Renseignements<\/option><\/select><\/span>\n\t\t<\/p>\n\t<\/div>\n\t<div class=\"col-sm-12\">\n\t\t<p><span class=\"wpcf7-form-control-wrap\" data-name=\"your-message\"><textarea cols=\"40\" rows=\"10\" maxlength=\"2000\" class=\"wpcf7-form-control wpcf7-textarea\" aria-invalid=\"false\" placeholder=\"Votre message\" name=\"your-message\"><\/textarea><\/span>\n\t\t<\/p>\n\t<\/div>\n\t<div class=\"form-button col-sm-12\">\n\t\t<p class=\"submit-btn\"><input class=\"wpcf7-form-control wpcf7-submit has-spinner\" type=\"submit\" value=\"Envoyer\" \/>\n\t\t<\/p>\n\t<\/div>\n<\/div><p style=\"display: none !important;\" class=\"akismet-fields-container\" data-prefix=\"_wpcf7_ak_\"><label>&#916;<textarea name=\"_wpcf7_ak_hp_textarea\" cols=\"45\" rows=\"8\" maxlength=\"100\"><\/textarea><\/label><input type=\"hidden\" id=\"ak_js_1\" name=\"_wpcf7_ak_js\" value=\"90\"\/><script>document.getElementById( \"ak_js_1\" ).setAttribute( \"value\", ( new Date() ).getTime() );<\/script><\/p><div class=\"wpcf7-response-output\" aria-hidden=\"true\"><\/div>\n<\/form>\n<\/div>\n[\/vc_column][\/vc_row]<\/p>\n<\/div>","protected":false},"excerpt":{"rendered":"<p>[vc_row full_width=&#8221;stretch_row&#8221; content_placement=&#8221;top&#8221; css_animation=&#8221;fadeIn&#8221; css=&#8221;.vc_custom_1681174801233{padding-top: 100px !important;padding-bottom: 100px !important;background-position: center !important;background-repeat: no-repeat !important;background-size: cover !important;}&#8221; el_class=&#8221;overflow-visible&#8221;][vc_column css_animation=&#8221;fadeInLeft&#8221; width=&#8221;1\/2&#8243; el_id=&#8221;google-map&#8221; css=&#8221;.vc_custom_1681340994515{padding-top: 0px !important;}&#8221; el_class=&#8221;mob-mb40&#8243;][vc_single_image image=&#8221;15553&#8243; img_size=&#8221;full&#8221; alignment=&#8221;center&#8221; style=&#8221;vc_box_rounded&#8221; css_animation=&#8221;none&#8221; css=&#8221;&#8221;][\/vc_column][vc_column css_animation=&#8221;fadeInRight&#8221; width=&#8221;1\/2&#8243; el_class=&#8221;left-btn left-btn mobc-pl15&#8243; css=&#8221;.vc_custom_1681341001099{padding-top: 0px !important;padding-left: 50px !important;}&#8221;][\/vc_column]&#8230;<\/p>\n","protected":false},"author":1,"featured_media":0,"parent":0,"menu_order":0,"comment_status":"closed","ping_status":"closed","template":"","meta":{"rs_blank_template":"","rs_page_bg_color":"","slide_template_v7":"","footnotes":""},"class_list":["post-2085","page","type-page","status-publish","hentry"],"yoast_head":"<!-- This site is optimized with the Yoast SEO plugin v27.4 - https:\/\/yoast.com\/product\/yoast-seo-wordpress\/ -->\n<title>Contact | Site officiel du Soccer Club Aix-en-Provence F\u00e9minines<\/title>\n<meta name=\"description\" content=\"Page Contact du club de football f\u00e9minin SCAF fond\u00e9 en 2023 \u00e0 Aix-en-Provence pr\u00e8s de Luynes, Bouc Bel Air, Gardanne et Marseille.\" \/>\n<meta name=\"robots\" content=\"index, follow, max-snippet:-1, max-image-preview:large, max-video-preview:-1\" \/>\n<link rel=\"canonical\" href=\"https:\/\/sc-aix.fr\/index.php\/contact\/\" \/>\n<meta property=\"og:locale\" content=\"fr_FR\" \/>\n<meta property=\"og:type\" content=\"article\" \/>\n<meta property=\"og:title\" content=\"Contact | Site officiel du Soccer Club Aix-en-Provence F\u00e9minines\" \/>\n<meta property=\"og:description\" content=\"Page Contact du club de football f\u00e9minin SCAF fond\u00e9 en 2023 \u00e0 Aix-en-Provence pr\u00e8s de Luynes, Bouc Bel Air, Gardanne et Marseille.\" \/>\n<meta property=\"og:url\" content=\"https:\/\/sc-aix.fr\/index.php\/contact\/\" \/>\n<meta property=\"og:site_name\" content=\"Site officiel du Soccer Club Aix-en-Provence F\u00e9minines\" \/>\n<meta property=\"article:publisher\" content=\"https:\/\/www.facebook.com\/SportingClubAixois\/\" \/>\n<meta property=\"article:modified_time\" content=\"2025-12-01T21:59:49+00:00\" \/>\n<meta property=\"og:image\" content=\"https:\/\/sc-aix.fr\/wp-content\/uploads\/2023\/09\/logo_yoast.jpg\" \/>\n\t<meta property=\"og:image:width\" content=\"1200\" \/>\n\t<meta property=\"og:image:height\" content=\"675\" \/>\n\t<meta property=\"og:image:type\" content=\"image\/jpeg\" \/>\n<script type=\"application\/ld+json\" class=\"yoast-schema-graph\">{\"@context\":\"https:\\\/\\\/schema.org\",\"@graph\":[{\"@type\":\"WebPage\",\"@id\":\"https:\\\/\\\/sc-aix.fr\\\/index.php\\\/contact\\\/\",\"url\":\"https:\\\/\\\/sc-aix.fr\\\/index.php\\\/contact\\\/\",\"name\":\"Contact | Site officiel du Soccer Club Aix-en-Provence F\u00e9minines\",\"isPartOf\":{\"@id\":\"https:\\\/\\\/sc-aix.fr\\\/#website\"},\"datePublished\":\"2019-04-13T06:21:51+00:00\",\"dateModified\":\"2025-12-01T21:59:49+00:00\",\"description\":\"Page Contact du club de football f\u00e9minin SCAF fond\u00e9 en 2023 \u00e0 Aix-en-Provence pr\u00e8s de Luynes, Bouc Bel Air, Gardanne et Marseille.\",\"breadcrumb\":{\"@id\":\"https:\\\/\\\/sc-aix.fr\\\/index.php\\\/contact\\\/#breadcrumb\"},\"inLanguage\":\"fr-FR\",\"potentialAction\":[{\"@type\":\"ReadAction\",\"target\":[\"https:\\\/\\\/sc-aix.fr\\\/index.php\\\/contact\\\/\"]}]},{\"@type\":\"BreadcrumbList\",\"@id\":\"https:\\\/\\\/sc-aix.fr\\\/index.php\\\/contact\\\/#breadcrumb\",\"itemListElement\":[{\"@type\":\"ListItem\",\"position\":1,\"name\":\"Accueil\",\"item\":\"https:\\\/\\\/sc-aix.fr\\\/\"},{\"@type\":\"ListItem\",\"position\":2,\"name\":\"Contact\"}]},{\"@type\":\"WebSite\",\"@id\":\"https:\\\/\\\/sc-aix.fr\\\/#website\",\"url\":\"https:\\\/\\\/sc-aix.fr\\\/\",\"name\":\"Soccer Club Aix-en-Provence F\u00e9minines\",\"description\":\"Un club de football 100% F\u00e9minin au c\u0153ur d&#039;Aix-en-Provence.\",\"publisher\":{\"@id\":\"https:\\\/\\\/sc-aix.fr\\\/#organization\"},\"alternateName\":\"SCAF\",\"potentialAction\":[{\"@type\":\"SearchAction\",\"target\":{\"@type\":\"EntryPoint\",\"urlTemplate\":\"https:\\\/\\\/sc-aix.fr\\\/?s={search_term_string}\"},\"query-input\":{\"@type\":\"PropertyValueSpecification\",\"valueRequired\":true,\"valueName\":\"search_term_string\"}}],\"inLanguage\":\"fr-FR\"},{\"@type\":\"Organization\",\"@id\":\"https:\\\/\\\/sc-aix.fr\\\/#organization\",\"name\":\"Soccer Club Aix-en-Provence F\u00e9minines\",\"alternateName\":\"SCAF\",\"url\":\"https:\\\/\\\/sc-aix.fr\\\/\",\"logo\":{\"@type\":\"ImageObject\",\"inLanguage\":\"fr-FR\",\"@id\":\"https:\\\/\\\/sc-aix.fr\\\/#\\\/schema\\\/logo\\\/image\\\/\",\"url\":\"https:\\\/\\\/sc-aix.fr\\\/wp-content\\\/uploads\\\/2023\\\/03\\\/logo_aix_260x260.png\",\"contentUrl\":\"https:\\\/\\\/sc-aix.fr\\\/wp-content\\\/uploads\\\/2023\\\/03\\\/logo_aix_260x260.png\",\"width\":260,\"height\":260,\"caption\":\"Soccer Club Aix-en-Provence F\u00e9minines\"},\"image\":{\"@id\":\"https:\\\/\\\/sc-aix.fr\\\/#\\\/schema\\\/logo\\\/image\\\/\"},\"sameAs\":[\"https:\\\/\\\/www.facebook.com\\\/SportingClubAixois\\\/\",\"https:\\\/\\\/www.instagram.com\\\/scaixf\\\/\",\"https:\\\/\\\/www.youtube.com\\\/@SportingClubAix\",\"https:\\\/\\\/www.tiktok.com\\\/@scaixf\"]}]}<\/script>\n<!-- \/ Yoast SEO plugin. -->","yoast_head_json":{"title":"Contact | Site officiel du Soccer Club Aix-en-Provence F\u00e9minines","description":"Page Contact du club de football f\u00e9minin SCAF fond\u00e9 en 2023 \u00e0 Aix-en-Provence pr\u00e8s de Luynes, Bouc Bel Air, Gardanne et Marseille.","robots":{"index":"index","follow":"follow","max-snippet":"max-snippet:-1","max-image-preview":"max-image-preview:large","max-video-preview":"max-video-preview:-1"},"canonical":"https:\/\/sc-aix.fr\/index.php\/contact\/","og_locale":"fr_FR","og_type":"article","og_title":"Contact | Site officiel du Soccer Club Aix-en-Provence F\u00e9minines","og_description":"Page Contact du club de football f\u00e9minin SCAF fond\u00e9 en 2023 \u00e0 Aix-en-Provence pr\u00e8s de Luynes, Bouc Bel Air, Gardanne et Marseille.","og_url":"https:\/\/sc-aix.fr\/index.php\/contact\/","og_site_name":"Site officiel du Soccer Club Aix-en-Provence F\u00e9minines","article_publisher":"https:\/\/www.facebook.com\/SportingClubAixois\/","article_modified_time":"2025-12-01T21:59:49+00:00","og_image":[{"width":1200,"height":675,"url":"https:\/\/sc-aix.fr\/wp-content\/uploads\/2023\/09\/logo_yoast.jpg","type":"image\/jpeg"}],"schema":{"@context":"https:\/\/schema.org","@graph":[{"@type":"WebPage","@id":"https:\/\/sc-aix.fr\/index.php\/contact\/","url":"https:\/\/sc-aix.fr\/index.php\/contact\/","name":"Contact | Site officiel du Soccer Club Aix-en-Provence F\u00e9minines","isPartOf":{"@id":"https:\/\/sc-aix.fr\/#website"},"datePublished":"2019-04-13T06:21:51+00:00","dateModified":"2025-12-01T21:59:49+00:00","description":"Page Contact du club de football f\u00e9minin SCAF fond\u00e9 en 2023 \u00e0 Aix-en-Provence pr\u00e8s de Luynes, Bouc Bel Air, Gardanne et Marseille.","breadcrumb":{"@id":"https:\/\/sc-aix.fr\/index.php\/contact\/#breadcrumb"},"inLanguage":"fr-FR","potentialAction":[{"@type":"ReadAction","target":["https:\/\/sc-aix.fr\/index.php\/contact\/"]}]},{"@type":"BreadcrumbList","@id":"https:\/\/sc-aix.fr\/index.php\/contact\/#breadcrumb","itemListElement":[{"@type":"ListItem","position":1,"name":"Accueil","item":"https:\/\/sc-aix.fr\/"},{"@type":"ListItem","position":2,"name":"Contact"}]},{"@type":"WebSite","@id":"https:\/\/sc-aix.fr\/#website","url":"https:\/\/sc-aix.fr\/","name":"Soccer Club Aix-en-Provence F\u00e9minines","description":"Un club de football 100% F\u00e9minin au c\u0153ur d&#039;Aix-en-Provence.","publisher":{"@id":"https:\/\/sc-aix.fr\/#organization"},"alternateName":"SCAF","potentialAction":[{"@type":"SearchAction","target":{"@type":"EntryPoint","urlTemplate":"https:\/\/sc-aix.fr\/?s={search_term_string}"},"query-input":{"@type":"PropertyValueSpecification","valueRequired":true,"valueName":"search_term_string"}}],"inLanguage":"fr-FR"},{"@type":"Organization","@id":"https:\/\/sc-aix.fr\/#organization","name":"Soccer Club Aix-en-Provence F\u00e9minines","alternateName":"SCAF","url":"https:\/\/sc-aix.fr\/","logo":{"@type":"ImageObject","inLanguage":"fr-FR","@id":"https:\/\/sc-aix.fr\/#\/schema\/logo\/image\/","url":"https:\/\/sc-aix.fr\/wp-content\/uploads\/2023\/03\/logo_aix_260x260.png","contentUrl":"https:\/\/sc-aix.fr\/wp-content\/uploads\/2023\/03\/logo_aix_260x260.png","width":260,"height":260,"caption":"Soccer Club Aix-en-Provence F\u00e9minines"},"image":{"@id":"https:\/\/sc-aix.fr\/#\/schema\/logo\/image\/"},"sameAs":["https:\/\/www.facebook.com\/SportingClubAixois\/","https:\/\/www.instagram.com\/scaixf\/","https:\/\/www.youtube.com\/@SportingClubAix","https:\/\/www.tiktok.com\/@scaixf"]}]}},"_links":{"self":[{"href":"https:\/\/sc-aix.fr\/index.php\/wp-json\/wp\/v2\/pages\/2085","targetHints":{"allow":["GET"]}}],"collection":[{"href":"https:\/\/sc-aix.fr\/index.php\/wp-json\/wp\/v2\/pages"}],"about":[{"href":"https:\/\/sc-aix.fr\/index.php\/wp-json\/wp\/v2\/types\/page"}],"author":[{"embeddable":true,"href":"https:\/\/sc-aix.fr\/index.php\/wp-json\/wp\/v2\/users\/1"}],"replies":[{"embeddable":true,"href":"https:\/\/sc-aix.fr\/index.php\/wp-json\/wp\/v2\/comments?post=2085"}],"version-history":[{"count":0,"href":"https:\/\/sc-aix.fr\/index.php\/wp-json\/wp\/v2\/pages\/2085\/revisions"}],"wp:attachment":[{"href":"https:\/\/sc-aix.fr\/index.php\/wp-json\/wp\/v2\/media?parent=2085"}],"curies":[{"name":"wp","href":"https:\/\/api.w.org\/{rel}","templated":true}]}}