{"id":2644,"date":"2023-03-17T18:37:17","date_gmt":"2023-03-17T17:37:17","guid":{"rendered":"https:\/\/sc-aix.fr\/?page_id=2644"},"modified":"2025-12-06T21:37:35","modified_gmt":"2025-12-06T20:37:35","slug":"scaf-tv","status":"publish","type":"page","link":"https:\/\/sc-aix.fr\/index.php\/scaf-tv\/","title":{"rendered":"SCAF TV"},"content":{"rendered":"<div class=\"wpb-content-wrapper\"><p>[vc_row css_animation=&#8221;fadeIn&#8221;][vc_column css_animation=&#8221;fadeInUp&#8221;]\n        <div class=\"rs-heading style5  vc_custom_1723379865652  text-center\">\n        \t<div class=\"title-inner \">\n        \t\t       \t\t\n\t            \n\t            <h2 class=\"title \" style=\"color: #ffffff\"><span class=\"watermark\">SCAF TV<\/span><span class=\"left\">[<\/span>SCAF TV<span class=\"right\">]<\/span><\/h2> <span class=\"lines-bg\"><\/span>\n\t            <div class=\"title-img bottom-img\"><\/div>\n\t        <\/div><\/div>[vc_separator color=&#8221;custom&#8221; accent_color=&#8221;rgba(255,255,255,0.1)&#8221;][\/vc_column][\/vc_row][vc_row css_animation=&#8221;fadeIn&#8221; css=&#8221;.vc_custom_1684817581219{padding-bottom: 30px !important;}&#8221;][vc_column css_animation=&#8221;fadeInLeft&#8221; width=&#8221;1\/4&#8243;]<div class=\"rs-video-2 Style2 video-item-17  vc_custom_1765053455547\"><img decoding=\"async\" src=\"https:\/\/sc-aix.fr\/wp-content\/uploads\/2025\/12\/buts-pour_elles2.webp\" alt=\"\"><a style=\"background-color:#000000!important\" class=\"popup-videos\" id=\"video-item-17\" data-bg=\"#000000\" href=\"https:\/\/www.youtube.com\/watch?v=xwWCfmuz6JE\" title=\"\">\n\t\t\t\t\t\t<i data-icolor=\"#ffffff\" class=\"fa fa-play\"><\/i>\n\t\t\t\t\t<\/a>\n\t\t\t\t\t\n\t\t\t<\/div>[\/vc_column][vc_column css_animation=&#8221;fadeInUp&#8221; width=&#8221;1\/4&#8243;]<div class=\"rs-video-2 Style2 video-item-10  vc_custom_1753971272117\"><img decoding=\"async\" src=\"https:\/\/sc-aix.fr\/wp-content\/uploads\/2025\/07\/buts-pour_elles.webp\" alt=\"\"><a style=\"background-color:#000000!important\" class=\"popup-videos\" id=\"video-item-10\" data-bg=\"#000000\" href=\"https:\/\/www.youtube.com\/watch?v=UzpupMvWQEY\" title=\"\">\n\t\t\t\t\t\t<i data-icolor=\"#ffffff\" class=\"fa fa-play\"><\/i>\n\t\t\t\t\t<\/a>\n\t\t\t\t\t\n\t\t\t<\/div>[\/vc_column][vc_column css_animation=&#8221;fadeInUp&#8221; width=&#8221;1\/4&#8243;]<div class=\"rs-video-2 Style2 video-item-16  vc_custom_1748113725691\"><img decoding=\"async\" src=\"https:\/\/sc-aix.fr\/wp-content\/uploads\/2025\/05\/scaf_bocage.jpg\" alt=\"\"><a style=\"background-color:#000000!important\" class=\"popup-videos\" id=\"video-item-16\" data-bg=\"#000000\" href=\"https:\/\/www.youtube.com\/watch?v=SkAsv-PF1ik&amp;t=136s\" title=\"\">\n\t\t\t\t\t\t<i data-icolor=\"#ffffff\" class=\"fa fa-play\"><\/i>\n\t\t\t\t\t<\/a>\n\t\t\t\t\t\n\t\t\t<\/div>[\/vc_column][vc_column css_animation=&#8221;fadeInRight&#8221; width=&#8221;1\/4&#8243;]<div class=\"rs-video-2 Style2 video-item-2  vc_custom_1748113666536\"><img decoding=\"async\" src=\"https:\/\/sc-aix.fr\/wp-content\/uploads\/2025\/05\/scaf_miragrans.jpg\" alt=\"\"><a style=\"background-color:#000000!important\" class=\"popup-videos\" id=\"video-item-2\" data-bg=\"#000000\" href=\"https:\/\/www.youtube.com\/watch?v=0hu6zNKS0Nw\" title=\"\">\n\t\t\t\t\t\t<i data-icolor=\"#ffffff\" class=\"fa fa-play\"><\/i>\n\t\t\t\t\t<\/a>\n\t\t\t\t\t\n\t\t\t<\/div>[\/vc_column][\/vc_row][vc_row css_animation=&#8221;fadeIn&#8221; css=&#8221;.vc_custom_1684817581219{padding-bottom: 30px !important;}&#8221;][vc_column css_animation=&#8221;fadeInLeft&#8221; width=&#8221;1\/4&#8243;]<div class=\"rs-video-2 Style2 video-item-11  vc_custom_1748113595918\"><img decoding=\"async\" src=\"https:\/\/sc-aix.fr\/wp-content\/uploads\/2025\/05\/scaf_fa_marseille2.jpg\" alt=\"``YouTube\"><a style=\"background-color:#000000!important\" class=\"popup-videos\" id=\"video-item-11\" data-bg=\"#000000\" href=\"https:\/\/www.youtube.com\/watch?v=H1qva0zecwI\" title=\"``YouTube\">\n\t\t\t\t\t\t<i data-icolor=\"#ffffff\" class=\"fa fa-play\"><\/i>\n\t\t\t\t\t<\/a>\n\t\t\t\t\t\n\t\t\t<\/div>[\/vc_column][vc_column css_animation=&#8221;fadeInUp&#8221; width=&#8221;1\/4&#8243;]<div class=\"rs-video-2 Style2 video-item-12  vc_custom_1748113525546\"><img decoding=\"async\" src=\"https:\/\/sc-aix.fr\/wp-content\/uploads\/2025\/05\/scaf_fa_marseille.jpg\" alt=\"\"><a style=\"background-color:#000000!important\" class=\"popup-videos\" id=\"video-item-12\" data-bg=\"#000000\" href=\"https:\/\/www.youtube.com\/watch?v=m8t9bLkI1YQ\" title=\"\">\n\t\t\t\t\t\t<i data-icolor=\"#ffffff\" class=\"fa fa-play\"><\/i>\n\t\t\t\t\t<\/a>\n\t\t\t\t\t\n\t\t\t<\/div>[\/vc_column][vc_column css_animation=&#8221;fadeInUp&#8221; width=&#8221;1\/4&#8243;]<div class=\"rs-video-2 Style2 video-item-8  vc_custom_1742038448072\"><img decoding=\"async\" src=\"https:\/\/sc-aix.fr\/wp-content\/uploads\/2025\/03\/scaf_vs_smuc.jpg\" alt=\"\"><a style=\"background-color:#000000!important\" class=\"popup-videos\" id=\"video-item-8\" data-bg=\"#000000\" href=\"https:\/\/www.youtube.com\/watch?v=ivWdvoi_M7Y\" title=\"\">\n\t\t\t\t\t\t<i data-icolor=\"#ffffff\" class=\"fa fa-play\"><\/i>\n\t\t\t\t\t<\/a>\n\t\t\t\t\t\n\t\t\t<\/div>[\/vc_column][vc_column css_animation=&#8221;fadeInRight&#8221; width=&#8221;1\/4&#8243;]<div class=\"rs-video-2 Style2 video-item-22  vc_custom_1742037881939\"><img decoding=\"async\" src=\"https:\/\/sc-aix.fr\/wp-content\/uploads\/2025\/03\/maxresdefault.jpg\" alt=\"\"><a style=\"background-color:#000000!important\" class=\"popup-videos\" id=\"video-item-22\" data-bg=\"#000000\" href=\"https:\/\/youtu.be\/GAQiLcLk7D0?si=f0D9c6APw4YPvu75\" title=\"\">\n\t\t\t\t\t\t<i data-icolor=\"#ffffff\" class=\"fa fa-play\"><\/i>\n\t\t\t\t\t<\/a>\n\t\t\t\t\t\n\t\t\t<\/div>[\/vc_column][\/vc_row][vc_row css_animation=&#8221;fadeIn&#8221; css=&#8221;.vc_custom_1684817581219{padding-bottom: 30px !important;}&#8221;][vc_column css_animation=&#8221;fadeInLeft&#8221; width=&#8221;1\/4&#8243;]<div class=\"rs-video-2 Style2 video-item-30  vc_custom_1742038399672\"><img decoding=\"async\" src=\"https:\/\/sc-aix.fr\/wp-content\/uploads\/2024\/12\/saintcannat.jpg\" alt=\"``YouTube\"><a style=\"background-color:#000000!important\" class=\"popup-videos\" id=\"video-item-30\" data-bg=\"#000000\" href=\"https:\/\/youtu.be\/SqZo_fnTSgY?si=UwZC3Dd-ReuIEBTQ\" title=\"``YouTube\">\n\t\t\t\t\t\t<i data-icolor=\"#ffffff\" class=\"fa fa-play\"><\/i>\n\t\t\t\t\t<\/a>\n\t\t\t\t\t\n\t\t\t<\/div>[\/vc_column][vc_column css_animation=&#8221;fadeInUp&#8221; width=&#8221;1\/4&#8243;]<div class=\"rs-video-2 Style2 video-item-16  vc_custom_1734731941992\"><img decoding=\"async\" src=\"https:\/\/sc-aix.fr\/wp-content\/uploads\/2024\/12\/miragrans2.jpg\" alt=\"\"><a style=\"background-color:#000000!important\" class=\"popup-videos\" id=\"video-item-16\" data-bg=\"#000000\" href=\"https:\/\/www.youtube.com\/watch?v=gKgttj4OXpc\" title=\"\">\n\t\t\t\t\t\t<i data-icolor=\"#ffffff\" class=\"fa fa-play\"><\/i>\n\t\t\t\t\t<\/a>\n\t\t\t\t\t\n\t\t\t<\/div>[\/vc_column][vc_column css_animation=&#8221;fadeInUp&#8221; width=&#8221;1\/4&#8243;]<div class=\"rs-video-2 Style2 video-item-3  vc_custom_1734731937225\"><img decoding=\"async\" src=\"https:\/\/sc-aix.fr\/wp-content\/uploads\/2024\/12\/miragrans.webp\" alt=\"\"><a style=\"background-color:#000000!important\" class=\"popup-videos\" id=\"video-item-3\" data-bg=\"#000000\" href=\"https:\/\/www.youtube.com\/watch?v=wP7gRL_D8Lk&amp;t\" title=\"\">\n\t\t\t\t\t\t<i data-icolor=\"#ffffff\" class=\"fa fa-play\"><\/i>\n\t\t\t\t\t<\/a>\n\t\t\t\t\t\n\t\t\t<\/div>[\/vc_column][vc_column css_animation=&#8221;fadeInRight&#8221; width=&#8221;1\/4&#8243;]<div class=\"rs-video-2 Style2 video-item-13  vc_custom_1734731954941\"><img decoding=\"async\" src=\"https:\/\/sc-aix.fr\/wp-content\/uploads\/2024\/12\/beinsquad.webp\" alt=\"\"><a style=\"background-color:#000000!important\" class=\"popup-videos\" id=\"video-item-13\" data-bg=\"#000000\" href=\"https:\/\/www.youtube.com\/watch?v=yWqK0xkTBrA\" title=\"\">\n\t\t\t\t\t\t<i data-icolor=\"#ffffff\" class=\"fa fa-play\"><\/i>\n\t\t\t\t\t<\/a>\n\t\t\t\t\t\n\t\t\t<\/div>[\/vc_column][\/vc_row][vc_row css_animation=&#8221;fadeIn&#8221; css=&#8221;.vc_custom_1684817581219{padding-bottom: 30px !important;}&#8221;][vc_column css_animation=&#8221;fadeInLeft&#8221; width=&#8221;1\/4&#8243;]<div class=\"rs-video-2 Style2 video-item-20  vc_custom_1734695090092\"><img decoding=\"async\" src=\"https:\/\/sc-aix.fr\/wp-content\/uploads\/2024\/12\/training.webp\" alt=\"\"><a style=\"background-color:#000000!important\" class=\"popup-videos\" id=\"video-item-20\" data-bg=\"#000000\" href=\"https:\/\/www.youtube.com\/watch?v=5i8Ah3i6rDE&amp;t=12s\" title=\"\">\n\t\t\t\t\t\t<i data-icolor=\"#ffffff\" class=\"fa fa-play\"><\/i>\n\t\t\t\t\t<\/a>\n\t\t\t\t\t\n\t\t\t<\/div>[\/vc_column][vc_column css_animation=&#8221;fadeInUp&#8221; width=&#8221;1\/4&#8243;]<div class=\"rs-video-2 Style2 video-item-2  vc_custom_1734694918466\"><img decoding=\"async\" src=\"https:\/\/sc-aix.fr\/wp-content\/uploads\/2024\/12\/maxresdefault.webp\" alt=\"\"><a style=\"background-color:#000000!important\" class=\"popup-videos\" id=\"video-item-2\" data-bg=\"#000000\" href=\"https:\/\/www.youtube.com\/watch?v=5-VqTyQaTwU\" title=\"\">\n\t\t\t\t\t\t<i data-icolor=\"#ffffff\" class=\"fa fa-play\"><\/i>\n\t\t\t\t\t<\/a>\n\t\t\t\t\t\n\t\t\t<\/div>[\/vc_column][vc_column css_animation=&#8221;fadeInUp&#8221; width=&#8221;1\/4&#8243;][\/vc_column][vc_column css_animation=&#8221;fadeInRight&#8221; width=&#8221;1\/4&#8243;][\/vc_column][\/vc_row]<\/p>\n<\/div>","protected":false},"excerpt":{"rendered":"<p>[vc_row css_animation=&#8221;fadeIn&#8221;][vc_column css_animation=&#8221;fadeInUp&#8221;][vc_separator color=&#8221;custom&#8221; accent_color=&#8221;rgba(255,255,255,0.1)&#8221;][\/vc_column][\/vc_row][vc_row css_animation=&#8221;fadeIn&#8221; css=&#8221;.vc_custom_1684817581219{padding-bottom: 30px !important;}&#8221;][vc_column css_animation=&#8221;fadeInLeft&#8221; width=&#8221;1\/4&#8243;][\/vc_column][vc_column css_animation=&#8221;fadeInUp&#8221; width=&#8221;1\/4&#8243;][\/vc_column][vc_column css_animation=&#8221;fadeInUp&#8221; width=&#8221;1\/4&#8243;][\/vc_column][vc_column css_animation=&#8221;fadeInRight&#8221; width=&#8221;1\/4&#8243;][\/vc_column][\/vc_row][vc_row css_animation=&#8221;fadeIn&#8221; css=&#8221;.vc_custom_1684817581219{padding-bottom: 30px !important;}&#8221;][vc_column css_animation=&#8221;fadeInLeft&#8221; width=&#8221;1\/4&#8243;][\/vc_column][vc_column css_animation=&#8221;fadeInUp&#8221; width=&#8221;1\/4&#8243;][\/vc_column][vc_column css_animation=&#8221;fadeInUp&#8221; width=&#8221;1\/4&#8243;][\/vc_column][vc_column css_animation=&#8221;fadeInRight&#8221; width=&#8221;1\/4&#8243;][\/vc_column][\/vc_row][vc_row css_animation=&#8221;fadeIn&#8221; css=&#8221;.vc_custom_1684817581219{padding-bottom: 30px !important;}&#8221;][vc_column css_animation=&#8221;fadeInLeft&#8221; width=&#8221;1\/4&#8243;][\/vc_column][vc_column css_animation=&#8221;fadeInUp&#8221; width=&#8221;1\/4&#8243;][\/vc_column][vc_column css_animation=&#8221;fadeInUp&#8221; width=&#8221;1\/4&#8243;][\/vc_column][vc_column css_animation=&#8221;fadeInRight&#8221; width=&#8221;1\/4&#8243;][\/vc_column][\/vc_row][vc_row css_animation=&#8221;fadeIn&#8221; css=&#8221;.vc_custom_1684817581219{padding-bottom: 30px !important;}&#8221;][vc_column css_animation=&#8221;fadeInLeft&#8221; width=&#8221;1\/4&#8243;][\/vc_column][vc_column css_animation=&#8221;fadeInUp&#8221; width=&#8221;1\/4&#8243;][\/vc_column][vc_column css_animation=&#8221;fadeInUp&#8221; width=&#8221;1\/4&#8243;][\/vc_column][vc_column css_animation=&#8221;fadeInRight&#8221; width=&#8221;1\/4&#8243;][\/vc_column]&#8230;<\/p>\n","protected":false},"author":1,"featured_media":0,"parent":0,"menu_order":0,"comment_status":"closed","ping_status":"closed","template":"","meta":{"rs_blank_template":"","rs_page_bg_color":"","slide_template_v7":"","footnotes":""},"class_list":["post-2644","page","type-page","status-publish","hentry"],"yoast_head":"<!-- This site is optimized with the Yoast SEO plugin v27.4 - https:\/\/yoast.com\/product\/yoast-seo-wordpress\/ -->\n<title>SCAF TV | Site officiel du Soccer Club Aix-en-Provence F\u00e9minines<\/title>\n<meta name=\"description\" content=\"Page SCA TV du site officiel du club de football f\u00e9minin fond\u00e9 en 2023 \u00e0 Aix-en-Provence pr\u00e8s de Luynes, Bouc Bel Air, Gardanne et Marseille.\" \/>\n<meta name=\"robots\" content=\"index, follow, max-snippet:-1, max-image-preview:large, max-video-preview:-1\" \/>\n<link rel=\"canonical\" href=\"https:\/\/sc-aix.fr\/index.php\/scaf-tv\/\" \/>\n<meta property=\"og:locale\" content=\"fr_FR\" \/>\n<meta property=\"og:type\" content=\"article\" \/>\n<meta property=\"og:title\" content=\"SCAF TV | Site officiel du Soccer Club Aix-en-Provence F\u00e9minines\" \/>\n<meta property=\"og:description\" content=\"Page SCA TV du site officiel du club de football f\u00e9minin fond\u00e9 en 2023 \u00e0 Aix-en-Provence pr\u00e8s de Luynes, Bouc Bel Air, Gardanne et Marseille.\" \/>\n<meta property=\"og:url\" content=\"https:\/\/sc-aix.fr\/index.php\/scaf-tv\/\" \/>\n<meta property=\"og:site_name\" content=\"Site officiel du Soccer Club Aix-en-Provence F\u00e9minines\" \/>\n<meta property=\"article:publisher\" content=\"https:\/\/www.facebook.com\/SportingClubAixois\/\" \/>\n<meta property=\"article:modified_time\" content=\"2025-12-06T20:37:35+00:00\" \/>\n<meta property=\"og:image\" content=\"https:\/\/sc-aix.fr\/wp-content\/uploads\/2023\/09\/logo_yoast.jpg\" \/>\n\t<meta property=\"og:image:width\" content=\"1200\" \/>\n\t<meta property=\"og:image:height\" content=\"675\" \/>\n\t<meta property=\"og:image:type\" content=\"image\/jpeg\" \/>\n<script type=\"application\/ld+json\" class=\"yoast-schema-graph\">{\"@context\":\"https:\\\/\\\/schema.org\",\"@graph\":[{\"@type\":\"WebPage\",\"@id\":\"https:\\\/\\\/sc-aix.fr\\\/index.php\\\/scaf-tv\\\/\",\"url\":\"https:\\\/\\\/sc-aix.fr\\\/index.php\\\/scaf-tv\\\/\",\"name\":\"SCAF TV | Site officiel du Soccer Club Aix-en-Provence F\u00e9minines\",\"isPartOf\":{\"@id\":\"https:\\\/\\\/sc-aix.fr\\\/#website\"},\"datePublished\":\"2023-03-17T17:37:17+00:00\",\"dateModified\":\"2025-12-06T20:37:35+00:00\",\"description\":\"Page SCA TV du site officiel du club de football f\u00e9minin fond\u00e9 en 2023 \u00e0 Aix-en-Provence pr\u00e8s de Luynes, Bouc Bel Air, Gardanne et Marseille.\",\"breadcrumb\":{\"@id\":\"https:\\\/\\\/sc-aix.fr\\\/index.php\\\/scaf-tv\\\/#breadcrumb\"},\"inLanguage\":\"fr-FR\",\"potentialAction\":[{\"@type\":\"ReadAction\",\"target\":[\"https:\\\/\\\/sc-aix.fr\\\/index.php\\\/scaf-tv\\\/\"]}]},{\"@type\":\"BreadcrumbList\",\"@id\":\"https:\\\/\\\/sc-aix.fr\\\/index.php\\\/scaf-tv\\\/#breadcrumb\",\"itemListElement\":[{\"@type\":\"ListItem\",\"position\":1,\"name\":\"Accueil\",\"item\":\"https:\\\/\\\/sc-aix.fr\\\/\"},{\"@type\":\"ListItem\",\"position\":2,\"name\":\"SCAF TV\"}]},{\"@type\":\"WebSite\",\"@id\":\"https:\\\/\\\/sc-aix.fr\\\/#website\",\"url\":\"https:\\\/\\\/sc-aix.fr\\\/\",\"name\":\"Soccer Club Aix-en-Provence F\u00e9minines\",\"description\":\"Un club de football 100% F\u00e9minin au c\u0153ur d&#039;Aix-en-Provence.\",\"publisher\":{\"@id\":\"https:\\\/\\\/sc-aix.fr\\\/#organization\"},\"alternateName\":\"SCAF\",\"potentialAction\":[{\"@type\":\"SearchAction\",\"target\":{\"@type\":\"EntryPoint\",\"urlTemplate\":\"https:\\\/\\\/sc-aix.fr\\\/?s={search_term_string}\"},\"query-input\":{\"@type\":\"PropertyValueSpecification\",\"valueRequired\":true,\"valueName\":\"search_term_string\"}}],\"inLanguage\":\"fr-FR\"},{\"@type\":\"Organization\",\"@id\":\"https:\\\/\\\/sc-aix.fr\\\/#organization\",\"name\":\"Soccer Club Aix-en-Provence F\u00e9minines\",\"alternateName\":\"SCAF\",\"url\":\"https:\\\/\\\/sc-aix.fr\\\/\",\"logo\":{\"@type\":\"ImageObject\",\"inLanguage\":\"fr-FR\",\"@id\":\"https:\\\/\\\/sc-aix.fr\\\/#\\\/schema\\\/logo\\\/image\\\/\",\"url\":\"https:\\\/\\\/sc-aix.fr\\\/wp-content\\\/uploads\\\/2023\\\/03\\\/logo_aix_260x260.png\",\"contentUrl\":\"https:\\\/\\\/sc-aix.fr\\\/wp-content\\\/uploads\\\/2023\\\/03\\\/logo_aix_260x260.png\",\"width\":260,\"height\":260,\"caption\":\"Soccer Club Aix-en-Provence F\u00e9minines\"},\"image\":{\"@id\":\"https:\\\/\\\/sc-aix.fr\\\/#\\\/schema\\\/logo\\\/image\\\/\"},\"sameAs\":[\"https:\\\/\\\/www.facebook.com\\\/SportingClubAixois\\\/\",\"https:\\\/\\\/www.instagram.com\\\/scaixf\\\/\",\"https:\\\/\\\/www.youtube.com\\\/@SportingClubAix\",\"https:\\\/\\\/www.tiktok.com\\\/@scaixf\"]}]}<\/script>\n<!-- \/ Yoast SEO plugin. -->","yoast_head_json":{"title":"SCAF TV | Site officiel du Soccer Club Aix-en-Provence F\u00e9minines","description":"Page SCA TV du site officiel du club de football f\u00e9minin fond\u00e9 en 2023 \u00e0 Aix-en-Provence pr\u00e8s de Luynes, Bouc Bel Air, Gardanne et Marseille.","robots":{"index":"index","follow":"follow","max-snippet":"max-snippet:-1","max-image-preview":"max-image-preview:large","max-video-preview":"max-video-preview:-1"},"canonical":"https:\/\/sc-aix.fr\/index.php\/scaf-tv\/","og_locale":"fr_FR","og_type":"article","og_title":"SCAF TV | Site officiel du Soccer Club Aix-en-Provence F\u00e9minines","og_description":"Page SCA TV du site officiel du club de football f\u00e9minin fond\u00e9 en 2023 \u00e0 Aix-en-Provence pr\u00e8s de Luynes, Bouc Bel Air, Gardanne et Marseille.","og_url":"https:\/\/sc-aix.fr\/index.php\/scaf-tv\/","og_site_name":"Site officiel du Soccer Club Aix-en-Provence F\u00e9minines","article_publisher":"https:\/\/www.facebook.com\/SportingClubAixois\/","article_modified_time":"2025-12-06T20:37:35+00:00","og_image":[{"width":1200,"height":675,"url":"https:\/\/sc-aix.fr\/wp-content\/uploads\/2023\/09\/logo_yoast.jpg","type":"image\/jpeg"}],"schema":{"@context":"https:\/\/schema.org","@graph":[{"@type":"WebPage","@id":"https:\/\/sc-aix.fr\/index.php\/scaf-tv\/","url":"https:\/\/sc-aix.fr\/index.php\/scaf-tv\/","name":"SCAF TV | Site officiel du Soccer Club Aix-en-Provence F\u00e9minines","isPartOf":{"@id":"https:\/\/sc-aix.fr\/#website"},"datePublished":"2023-03-17T17:37:17+00:00","dateModified":"2025-12-06T20:37:35+00:00","description":"Page SCA TV du site officiel du club de football f\u00e9minin fond\u00e9 en 2023 \u00e0 Aix-en-Provence pr\u00e8s de Luynes, Bouc Bel Air, Gardanne et Marseille.","breadcrumb":{"@id":"https:\/\/sc-aix.fr\/index.php\/scaf-tv\/#breadcrumb"},"inLanguage":"fr-FR","potentialAction":[{"@type":"ReadAction","target":["https:\/\/sc-aix.fr\/index.php\/scaf-tv\/"]}]},{"@type":"BreadcrumbList","@id":"https:\/\/sc-aix.fr\/index.php\/scaf-tv\/#breadcrumb","itemListElement":[{"@type":"ListItem","position":1,"name":"Accueil","item":"https:\/\/sc-aix.fr\/"},{"@type":"ListItem","position":2,"name":"SCAF TV"}]},{"@type":"WebSite","@id":"https:\/\/sc-aix.fr\/#website","url":"https:\/\/sc-aix.fr\/","name":"Soccer Club Aix-en-Provence F\u00e9minines","description":"Un club de football 100% F\u00e9minin au c\u0153ur d&#039;Aix-en-Provence.","publisher":{"@id":"https:\/\/sc-aix.fr\/#organization"},"alternateName":"SCAF","potentialAction":[{"@type":"SearchAction","target":{"@type":"EntryPoint","urlTemplate":"https:\/\/sc-aix.fr\/?s={search_term_string}"},"query-input":{"@type":"PropertyValueSpecification","valueRequired":true,"valueName":"search_term_string"}}],"inLanguage":"fr-FR"},{"@type":"Organization","@id":"https:\/\/sc-aix.fr\/#organization","name":"Soccer Club Aix-en-Provence F\u00e9minines","alternateName":"SCAF","url":"https:\/\/sc-aix.fr\/","logo":{"@type":"ImageObject","inLanguage":"fr-FR","@id":"https:\/\/sc-aix.fr\/#\/schema\/logo\/image\/","url":"https:\/\/sc-aix.fr\/wp-content\/uploads\/2023\/03\/logo_aix_260x260.png","contentUrl":"https:\/\/sc-aix.fr\/wp-content\/uploads\/2023\/03\/logo_aix_260x260.png","width":260,"height":260,"caption":"Soccer Club Aix-en-Provence F\u00e9minines"},"image":{"@id":"https:\/\/sc-aix.fr\/#\/schema\/logo\/image\/"},"sameAs":["https:\/\/www.facebook.com\/SportingClubAixois\/","https:\/\/www.instagram.com\/scaixf\/","https:\/\/www.youtube.com\/@SportingClubAix","https:\/\/www.tiktok.com\/@scaixf"]}]}},"_links":{"self":[{"href":"https:\/\/sc-aix.fr\/index.php\/wp-json\/wp\/v2\/pages\/2644","targetHints":{"allow":["GET"]}}],"collection":[{"href":"https:\/\/sc-aix.fr\/index.php\/wp-json\/wp\/v2\/pages"}],"about":[{"href":"https:\/\/sc-aix.fr\/index.php\/wp-json\/wp\/v2\/types\/page"}],"author":[{"embeddable":true,"href":"https:\/\/sc-aix.fr\/index.php\/wp-json\/wp\/v2\/users\/1"}],"replies":[{"embeddable":true,"href":"https:\/\/sc-aix.fr\/index.php\/wp-json\/wp\/v2\/comments?post=2644"}],"version-history":[{"count":0,"href":"https:\/\/sc-aix.fr\/index.php\/wp-json\/wp\/v2\/pages\/2644\/revisions"}],"wp:attachment":[{"href":"https:\/\/sc-aix.fr\/index.php\/wp-json\/wp\/v2\/media?parent=2644"}],"curies":[{"name":"wp","href":"https:\/\/api.w.org\/{rel}","templated":true}]}}