{"id":2696,"date":"2023-03-18T00:54:50","date_gmt":"2023-03-17T23:54:50","guid":{"rendered":"https:\/\/sc-aix.fr\/?page_id=2696"},"modified":"2025-11-28T03:06:35","modified_gmt":"2025-11-28T02:06:35","slug":"projet-sportif","status":"publish","type":"page","link":"https:\/\/sc-aix.fr\/index.php\/projet-sportif\/","title":{"rendered":"Projet Sportif"},"content":{"rendered":"<div class=\"wpb-content-wrapper\"><p>[vc_row css_animation=&#8221;fadeIn&#8221;][vc_column css_animation=&#8221;fadeInUp&#8221;]\n        <div class=\"rs-heading style5  vc_custom_1723379653520  text-center\">\n        \t<div class=\"title-inner \">\n        \t\t       \t\t\n\t            \n\t            <h2 class=\"title \" style=\"color: #ffffff\"><span class=\"watermark\">SPORTIF<\/span><span class=\"left\">[<\/span>LE PROJET SPORTIF<span class=\"right\">]<\/span><\/h2> <span class=\"lines-bg\"><\/span>\n\t            <div class=\"title-img bottom-img\"><\/div>\n\t        <\/div><\/div>[vc_separator color=&#8221;custom&#8221; accent_color=&#8221;rgba(255,255,255,0.1)&#8221;][\/vc_column][\/vc_row][vc_row css_animation=&#8221;fadeIn&#8221; css=&#8221;.vc_custom_1680566539844{padding-bottom: 100px !important;}&#8221;][vc_column css_animation=&#8221;fadeInLeft&#8221; width=&#8221;1\/3&#8243;][vc_single_image image=&#8221;15452&#8243; img_size=&#8221;full&#8221; css=&#8221;&#8221;][\/vc_column][vc_column css_animation=&#8221;fadeInRight&#8221; width=&#8221;2\/3&#8243;][vc_column_text css=&#8221;&#8221;]<span class=\"text-recrut\">Le Soccer Club Aix-en-Provence f\u00e9minin a pour ambition de d\u00e9velopper et structurer son projet sportif en coh\u00e9rence avec les objectifs fix\u00e9s \u00e0 long terme par l&#8217;ensemble du CA. Pour y parvenir, le club se donne les moyens de r\u00e9ussir en se basant sur les derni\u00e8res ann\u00e9es et l&#8217;exp\u00e9rience de chacun dans le domaine du football f\u00e9minin et de la gestion de club.<\/span><\/p>\n<h4 class=\"text-recrut\">D\u00e9veloppement du Sponsoring<\/h4>\n<p><span class=\"text-recrut\">Le d\u00e9veloppement du sponsoring est un objectif majeur pour le club. Cela permettra de financer du mat\u00e9riel, des tournois et le transport pour toutes les cat\u00e9gories du club. Pour atteindre cet objectif, le club mettra en place une strat\u00e9gie de partenariat avec les entreprises locales et les partenaires du monde du sport.<\/span><\/p>\n<h4 class=\"text-recrut\">Coh\u00e9rence de la Communication<\/h4>\n<p><span class=\"text-recrut\">Le club souhaite avoir une communication coh\u00e9rente sur tous les supports de communication tels que le site internet, les r\u00e9seaux sociaux, l&#8217;image du club et des joueuses. Pour cela, le club engagera une personne sp\u00e9cialis\u00e9e en communication pour g\u00e9rer et d\u00e9velopper la communication du club.<\/span><\/p>\n<h4 class=\"text-recrut\">Toutes les Cat\u00e9gories<\/h4>\n<p><span class=\"text-recrut\">Le club s&#8217;engage \u00e0 d\u00e9velopper toutes les cat\u00e9gories de l&#8217;\u00e9cole de football jusqu&#8217;\u00e0 l&#8217;\u00e9quipe senior. Cela permettra de fid\u00e9liser les joueuses et de les pr\u00e9parer pour les comp\u00e9titions futures.<\/span><\/p>\n<h4 class=\"text-recrut\">Equipes Performantes<\/h4>\n<p><span class=\"text-recrut\">Le club souhaite constituer des \u00e9quipes performantes qui peuvent servir de tremplin aux joueuses les plus ambitieuses. Pour y parvenir, le club engagera des entra\u00eeneurs et des \u00e9ducateurs dipl\u00f4m\u00e9s pour encadrer les \u00e9quipes et d\u00e9velopper les comp\u00e9tences des joueuses.<\/span><\/p>\n<h4 class=\"text-recrut\">Obtenir un Label<\/h4>\n<p><span class=\"text-recrut\">Le club s&#8217;organisera du mieux possible afin d&#8217;effectuer les d\u00e9marches pour obtenir un Label. Cela permettra de valoriser le club et de mettre en avant la qualit\u00e9 de la formation propos\u00e9e.<\/span><\/p>\n<h4 class=\"text-recrut\">Fid\u00e9lisation des Joueuses<\/h4>\n<p><span class=\"text-recrut\">Le club souhaite fid\u00e9liser les joueuses en d\u00e9veloppant un sentiment d&#8217;appartenance et en cr\u00e9ant un environnement convivial et une identit\u00e9 club forte. Le club mettra en place des \u00e9v\u00e9nements sportifs (stage de foot, loto, tombola, tournois, etc.) pour inviter les joueuses \u00e0 participer \u00e0 la vie du club et contribuer \u00e0 la mise en place des projets du club.<\/span><\/p>\n<h4 class=\"text-recrut\">Renforcement du Staff<\/h4>\n<p><span class=\"text-recrut\">Le club renforcera son staff en int\u00e9grant des \u00e9ducatrices\/\u00e9ducateurs et des dirigeantes\/dirigeants dipl\u00f4m\u00e9(e)s (CFF3)(BMF). Cela permettra d&#8217;am\u00e9liorer la qualit\u00e9 des entra\u00eenements et des formations propos\u00e9es aux joueuses.<\/span><\/p>\n<h4 class=\"text-recrut\">Formation des Joueuses<\/h4>\n<p><span class=\"text-recrut\">Le club perfectionnera l&#8217;organisation, la structure et le contenu des entra\u00eenements en utilisant des sous-ateliers et en ayant recours \u00e0 l&#8217;utilisation de la vid\u00e9o pour former les joueuses. Le club mettra en place un suivi des joueuses (fiches individuelles visibles sur le site internet du club, des tests, entretien) pour suivre leur progression et les aider \u00e0 se d\u00e9velopper.<\/span><\/p>\n<h4 class=\"text-recrut\">Passage en Cat\u00e9gorie Sup\u00e9rieure<\/h4>\n<p><span class=\"text-recrut\">Le club pr\u00e9parera les joueuses au passage en cat\u00e9gorie sup\u00e9rieure en leur fournissant une formation de qualit\u00e9 et en favorisant leur acc\u00e8s \u00e0 des clubs de haut niveau comme MHSC, Olympique Lyonnais etc. voir des clubs \u00e0 l&#8217;\u00e9tranger.<\/span>[\/vc_column_text][\/vc_column][\/vc_row]<\/p>\n<\/div>","protected":false},"excerpt":{"rendered":"<p>[vc_row css_animation=&#8221;fadeIn&#8221;][vc_column css_animation=&#8221;fadeInUp&#8221;][vc_separator color=&#8221;custom&#8221; accent_color=&#8221;rgba(255,255,255,0.1)&#8221;][\/vc_column][\/vc_row][vc_row css_animation=&#8221;fadeIn&#8221; css=&#8221;.vc_custom_1680566539844{padding-bottom: 100px !important;}&#8221;][vc_column css_animation=&#8221;fadeInLeft&#8221; width=&#8221;1\/3&#8243;][vc_single_image image=&#8221;15452&#8243; img_size=&#8221;full&#8221; css=&#8221;&#8221;][\/vc_column][vc_column css_animation=&#8221;fadeInRight&#8221; width=&#8221;2\/3&#8243;][vc_column_text css=&#8221;&#8221;]Le Soccer Club Aix-en-Provence f\u00e9minin a pour ambition de d\u00e9velopper et structurer son projet sportif en coh\u00e9rence avec les objectifs fix\u00e9s \u00e0 long terme par l&#8217;ensemble du CA. Pour y parvenir, le club se donne les moyens de r\u00e9ussir&#8230;<\/p>\n","protected":false},"author":1,"featured_media":0,"parent":0,"menu_order":0,"comment_status":"closed","ping_status":"closed","template":"","meta":{"rs_blank_template":"","rs_page_bg_color":"","slide_template_v7":"","footnotes":""},"class_list":["post-2696","page","type-page","status-publish","hentry"],"yoast_head":"<!-- This site is optimized with the Yoast SEO plugin v27.4 - https:\/\/yoast.com\/product\/yoast-seo-wordpress\/ -->\n<title>Projet Sportif | Site officiel du Soccer Club Aix-en-Provence F\u00e9minines<\/title>\n<meta name=\"description\" content=\"Page projet sportif du club de football f\u00e9minin SCA fond\u00e9 en 2023 \u00e0 Aix-en-Provence pr\u00e8s de Luynes, Bouc Bel Air, Gardanne et Marseille.\" \/>\n<meta name=\"robots\" content=\"index, follow, max-snippet:-1, max-image-preview:large, max-video-preview:-1\" \/>\n<link rel=\"canonical\" href=\"https:\/\/sc-aix.fr\/index.php\/projet-sportif\/\" \/>\n<meta property=\"og:locale\" content=\"fr_FR\" \/>\n<meta property=\"og:type\" content=\"article\" \/>\n<meta property=\"og:title\" content=\"Projet Sportif | Site officiel du Soccer Club Aix-en-Provence F\u00e9minines\" \/>\n<meta property=\"og:description\" content=\"Page projet sportif du club de football f\u00e9minin SCA fond\u00e9 en 2023 \u00e0 Aix-en-Provence pr\u00e8s de Luynes, Bouc Bel Air, Gardanne et Marseille.\" \/>\n<meta property=\"og:url\" content=\"https:\/\/sc-aix.fr\/index.php\/projet-sportif\/\" \/>\n<meta property=\"og:site_name\" content=\"Site officiel du Soccer Club Aix-en-Provence F\u00e9minines\" \/>\n<meta property=\"article:publisher\" content=\"https:\/\/www.facebook.com\/SportingClubAixois\/\" \/>\n<meta property=\"article:modified_time\" content=\"2025-11-28T02:06:35+00:00\" \/>\n<meta property=\"og:image\" content=\"https:\/\/sc-aix.fr\/wp-content\/uploads\/2023\/09\/logo_yoast.jpg\" \/>\n\t<meta property=\"og:image:width\" content=\"1200\" \/>\n\t<meta property=\"og:image:height\" content=\"675\" \/>\n\t<meta property=\"og:image:type\" content=\"image\/jpeg\" \/>\n<script type=\"application\/ld+json\" class=\"yoast-schema-graph\">{\"@context\":\"https:\\\/\\\/schema.org\",\"@graph\":[{\"@type\":\"WebPage\",\"@id\":\"https:\\\/\\\/sc-aix.fr\\\/index.php\\\/projet-sportif\\\/\",\"url\":\"https:\\\/\\\/sc-aix.fr\\\/index.php\\\/projet-sportif\\\/\",\"name\":\"Projet Sportif | Site officiel du Soccer Club Aix-en-Provence F\u00e9minines\",\"isPartOf\":{\"@id\":\"https:\\\/\\\/sc-aix.fr\\\/#website\"},\"datePublished\":\"2023-03-17T23:54:50+00:00\",\"dateModified\":\"2025-11-28T02:06:35+00:00\",\"description\":\"Page projet sportif du club de football f\u00e9minin SCA fond\u00e9 en 2023 \u00e0 Aix-en-Provence pr\u00e8s de Luynes, Bouc Bel Air, Gardanne et Marseille.\",\"breadcrumb\":{\"@id\":\"https:\\\/\\\/sc-aix.fr\\\/index.php\\\/projet-sportif\\\/#breadcrumb\"},\"inLanguage\":\"fr-FR\",\"potentialAction\":[{\"@type\":\"ReadAction\",\"target\":[\"https:\\\/\\\/sc-aix.fr\\\/index.php\\\/projet-sportif\\\/\"]}]},{\"@type\":\"BreadcrumbList\",\"@id\":\"https:\\\/\\\/sc-aix.fr\\\/index.php\\\/projet-sportif\\\/#breadcrumb\",\"itemListElement\":[{\"@type\":\"ListItem\",\"position\":1,\"name\":\"Accueil\",\"item\":\"https:\\\/\\\/sc-aix.fr\\\/\"},{\"@type\":\"ListItem\",\"position\":2,\"name\":\"Projet Sportif\"}]},{\"@type\":\"WebSite\",\"@id\":\"https:\\\/\\\/sc-aix.fr\\\/#website\",\"url\":\"https:\\\/\\\/sc-aix.fr\\\/\",\"name\":\"Soccer Club Aix-en-Provence F\u00e9minines\",\"description\":\"Un club de football 100% F\u00e9minin au c\u0153ur d&#039;Aix-en-Provence.\",\"publisher\":{\"@id\":\"https:\\\/\\\/sc-aix.fr\\\/#organization\"},\"alternateName\":\"SCAF\",\"potentialAction\":[{\"@type\":\"SearchAction\",\"target\":{\"@type\":\"EntryPoint\",\"urlTemplate\":\"https:\\\/\\\/sc-aix.fr\\\/?s={search_term_string}\"},\"query-input\":{\"@type\":\"PropertyValueSpecification\",\"valueRequired\":true,\"valueName\":\"search_term_string\"}}],\"inLanguage\":\"fr-FR\"},{\"@type\":\"Organization\",\"@id\":\"https:\\\/\\\/sc-aix.fr\\\/#organization\",\"name\":\"Soccer Club Aix-en-Provence F\u00e9minines\",\"alternateName\":\"SCAF\",\"url\":\"https:\\\/\\\/sc-aix.fr\\\/\",\"logo\":{\"@type\":\"ImageObject\",\"inLanguage\":\"fr-FR\",\"@id\":\"https:\\\/\\\/sc-aix.fr\\\/#\\\/schema\\\/logo\\\/image\\\/\",\"url\":\"https:\\\/\\\/sc-aix.fr\\\/wp-content\\\/uploads\\\/2023\\\/03\\\/logo_aix_260x260.png\",\"contentUrl\":\"https:\\\/\\\/sc-aix.fr\\\/wp-content\\\/uploads\\\/2023\\\/03\\\/logo_aix_260x260.png\",\"width\":260,\"height\":260,\"caption\":\"Soccer Club Aix-en-Provence F\u00e9minines\"},\"image\":{\"@id\":\"https:\\\/\\\/sc-aix.fr\\\/#\\\/schema\\\/logo\\\/image\\\/\"},\"sameAs\":[\"https:\\\/\\\/www.facebook.com\\\/SportingClubAixois\\\/\",\"https:\\\/\\\/www.instagram.com\\\/scaixf\\\/\",\"https:\\\/\\\/www.youtube.com\\\/@SportingClubAix\",\"https:\\\/\\\/www.tiktok.com\\\/@scaixf\"]}]}<\/script>\n<!-- \/ Yoast SEO plugin. -->","yoast_head_json":{"title":"Projet Sportif | Site officiel du Soccer Club Aix-en-Provence F\u00e9minines","description":"Page projet sportif du club de football f\u00e9minin SCA fond\u00e9 en 2023 \u00e0 Aix-en-Provence pr\u00e8s de Luynes, Bouc Bel Air, Gardanne et Marseille.","robots":{"index":"index","follow":"follow","max-snippet":"max-snippet:-1","max-image-preview":"max-image-preview:large","max-video-preview":"max-video-preview:-1"},"canonical":"https:\/\/sc-aix.fr\/index.php\/projet-sportif\/","og_locale":"fr_FR","og_type":"article","og_title":"Projet Sportif | Site officiel du Soccer Club Aix-en-Provence F\u00e9minines","og_description":"Page projet sportif du club de football f\u00e9minin SCA fond\u00e9 en 2023 \u00e0 Aix-en-Provence pr\u00e8s de Luynes, Bouc Bel Air, Gardanne et Marseille.","og_url":"https:\/\/sc-aix.fr\/index.php\/projet-sportif\/","og_site_name":"Site officiel du Soccer Club Aix-en-Provence F\u00e9minines","article_publisher":"https:\/\/www.facebook.com\/SportingClubAixois\/","article_modified_time":"2025-11-28T02:06:35+00:00","og_image":[{"width":1200,"height":675,"url":"https:\/\/sc-aix.fr\/wp-content\/uploads\/2023\/09\/logo_yoast.jpg","type":"image\/jpeg"}],"schema":{"@context":"https:\/\/schema.org","@graph":[{"@type":"WebPage","@id":"https:\/\/sc-aix.fr\/index.php\/projet-sportif\/","url":"https:\/\/sc-aix.fr\/index.php\/projet-sportif\/","name":"Projet Sportif | Site officiel du Soccer Club Aix-en-Provence F\u00e9minines","isPartOf":{"@id":"https:\/\/sc-aix.fr\/#website"},"datePublished":"2023-03-17T23:54:50+00:00","dateModified":"2025-11-28T02:06:35+00:00","description":"Page projet sportif du club de football f\u00e9minin SCA fond\u00e9 en 2023 \u00e0 Aix-en-Provence pr\u00e8s de Luynes, Bouc Bel Air, Gardanne et Marseille.","breadcrumb":{"@id":"https:\/\/sc-aix.fr\/index.php\/projet-sportif\/#breadcrumb"},"inLanguage":"fr-FR","potentialAction":[{"@type":"ReadAction","target":["https:\/\/sc-aix.fr\/index.php\/projet-sportif\/"]}]},{"@type":"BreadcrumbList","@id":"https:\/\/sc-aix.fr\/index.php\/projet-sportif\/#breadcrumb","itemListElement":[{"@type":"ListItem","position":1,"name":"Accueil","item":"https:\/\/sc-aix.fr\/"},{"@type":"ListItem","position":2,"name":"Projet Sportif"}]},{"@type":"WebSite","@id":"https:\/\/sc-aix.fr\/#website","url":"https:\/\/sc-aix.fr\/","name":"Soccer Club Aix-en-Provence F\u00e9minines","description":"Un club de football 100% F\u00e9minin au c\u0153ur d&#039;Aix-en-Provence.","publisher":{"@id":"https:\/\/sc-aix.fr\/#organization"},"alternateName":"SCAF","potentialAction":[{"@type":"SearchAction","target":{"@type":"EntryPoint","urlTemplate":"https:\/\/sc-aix.fr\/?s={search_term_string}"},"query-input":{"@type":"PropertyValueSpecification","valueRequired":true,"valueName":"search_term_string"}}],"inLanguage":"fr-FR"},{"@type":"Organization","@id":"https:\/\/sc-aix.fr\/#organization","name":"Soccer Club Aix-en-Provence F\u00e9minines","alternateName":"SCAF","url":"https:\/\/sc-aix.fr\/","logo":{"@type":"ImageObject","inLanguage":"fr-FR","@id":"https:\/\/sc-aix.fr\/#\/schema\/logo\/image\/","url":"https:\/\/sc-aix.fr\/wp-content\/uploads\/2023\/03\/logo_aix_260x260.png","contentUrl":"https:\/\/sc-aix.fr\/wp-content\/uploads\/2023\/03\/logo_aix_260x260.png","width":260,"height":260,"caption":"Soccer Club Aix-en-Provence F\u00e9minines"},"image":{"@id":"https:\/\/sc-aix.fr\/#\/schema\/logo\/image\/"},"sameAs":["https:\/\/www.facebook.com\/SportingClubAixois\/","https:\/\/www.instagram.com\/scaixf\/","https:\/\/www.youtube.com\/@SportingClubAix","https:\/\/www.tiktok.com\/@scaixf"]}]}},"_links":{"self":[{"href":"https:\/\/sc-aix.fr\/index.php\/wp-json\/wp\/v2\/pages\/2696","targetHints":{"allow":["GET"]}}],"collection":[{"href":"https:\/\/sc-aix.fr\/index.php\/wp-json\/wp\/v2\/pages"}],"about":[{"href":"https:\/\/sc-aix.fr\/index.php\/wp-json\/wp\/v2\/types\/page"}],"author":[{"embeddable":true,"href":"https:\/\/sc-aix.fr\/index.php\/wp-json\/wp\/v2\/users\/1"}],"replies":[{"embeddable":true,"href":"https:\/\/sc-aix.fr\/index.php\/wp-json\/wp\/v2\/comments?post=2696"}],"version-history":[{"count":0,"href":"https:\/\/sc-aix.fr\/index.php\/wp-json\/wp\/v2\/pages\/2696\/revisions"}],"wp:attachment":[{"href":"https:\/\/sc-aix.fr\/index.php\/wp-json\/wp\/v2\/media?parent=2696"}],"curies":[{"name":"wp","href":"https:\/\/api.w.org\/{rel}","templated":true}]}}