{"id":2706,"date":"2023-03-18T01:25:21","date_gmt":"2023-03-18T00:25:21","guid":{"rendered":"https:\/\/sc-aix.fr\/?page_id=2706"},"modified":"2025-11-28T03:01:53","modified_gmt":"2025-11-28T02:01:53","slug":"reglement-interieur","status":"publish","type":"page","link":"https:\/\/sc-aix.fr\/index.php\/reglement-interieur\/","title":{"rendered":"R\u00e8glement Int\u00e9rieur"},"content":{"rendered":"<div class=\"wpb-content-wrapper\"><p>[vc_row css_animation=&#8221;fadeIn&#8221;][vc_column css_animation=&#8221;fadeInUp&#8221;]\n        <div class=\"rs-heading style5  vc_custom_1723378859758  text-center\">\n        \t<div class=\"title-inner \">\n        \t\t       \t\t\n\t            \n\t            <h2 class=\"title \" style=\"color: #ffffff\"><span class=\"watermark\">R\u00c8GLEMENT<\/span><span class=\"left\">[<\/span>LE R\u00c8GLEMENT INT\u00c9RIEUR<span class=\"right\">]<\/span><\/h2> <span class=\"lines-bg\"><\/span>\n\t            <div class=\"title-img bottom-img\"><\/div>\n\t        <\/div><\/div>[vc_separator color=&#8221;custom&#8221; accent_color=&#8221;rgba(255,255,255,0.1)&#8221;][\/vc_column][\/vc_row][vc_row css=&#8221;.vc_custom_1679098031735{padding-bottom: 100px !important;}&#8221;][vc_column css_animation=&#8221;fadeInLeft&#8221; width=&#8221;1\/3&#8243;][vc_single_image image=&#8221;15454&#8243; img_size=&#8221;full&#8221; css=&#8221;&#8221;][\/vc_column][vc_column css_animation=&#8221;fadeInRight&#8221; width=&#8221;2\/3&#8243;][vc_column_text css=&#8221;&#8221;]<\/p>\n<h4 class=\"text-recrut\">ARTICLE 1 : OBJET<\/h4>\n<p><span class=\"text-recrut\">Le pr\u00e9sent r\u00e8glement a pour objet de d\u00e9finir les r\u00e8gles de fonctionnement du Soccer Club Aix-en-Provence F\u00e9minines, ainsi que les droits et devoirs des membres du club.<\/span><\/p>\n<h4 class=\"text-recrut\">ARTICLE 2 : ADMISSION<\/h4>\n<p><span class=\"text-recrut\">Toute personne d\u00e9sirant devenir membre du club doit remplir un formulaire d&#8217;adh\u00e9sion et s&#8217;acquitter de la cotisation annuelle. L&#8217;adh\u00e9sion est soumise \u00e0 l&#8217;approbation du bureau du club. Les mineurs doivent fournir une autorisation parentale.<\/span><\/p>\n<h4 class=\"text-recrut\">ARTICLE 3 : COTISATION<\/h4>\n<p><span class=\"text-recrut\">La cotisation annuelle est fix\u00e9e chaque ann\u00e9e par le bureau du club et doit \u00eatre acquitt\u00e9e avant le d\u00e9but de la saison sportive. Tout membre n&#8217;ayant pas pay\u00e9 sa cotisation ne pourra participer aux activit\u00e9s du club.<\/span><\/p>\n<h4 class=\"text-recrut\">ARTICLE 4 : ASSURANCE<\/h4>\n<p><span class=\"text-recrut\">Le club souscrit une assurance responsabilit\u00e9 civile pour ses membres. Il appartient \u00e0 chaque membre de souscrire une assurance individuelle compl\u00e9mentaire pour couvrir ses propres dommages corporels.<\/span><\/p>\n<h4 class=\"text-recrut\">ARTICLE 5 : COMPORTEMENT<\/h4>\n<p><span class=\"text-recrut\">Les membres du club sont tenus de respecter les r\u00e8gles de fair-play et de respecter les d\u00e9cisions de l&#8217;arbitre et des dirigeants du club. Tout comportement violent, raciste ou discriminatoire ne sera pas tol\u00e9r\u00e9 et entra\u00eenera des sanctions disciplinaires.<\/span><\/p>\n<h4 class=\"text-recrut\">ARTICLE 6 : ENTRA\u00ceNEMENTS ET MATCHS<\/h4>\n<p><span class=\"text-recrut\">Les entra\u00eenements et les matchs sont obligatoires pour les membres du club. En cas d&#8217;absence, il est imp\u00e9ratif de pr\u00e9venir l&#8217;entra\u00eeneur ou le responsable de l&#8217;\u00e9quipe concern\u00e9e. Tout membre en retard pourra \u00eatre exclu de la s\u00e9ance d&#8217;entra\u00eenement ou du match.<\/span><\/p>\n<h4 class=\"text-recrut\">ARTICLE 7 : TENUE<\/h4>\n<p><span class=\"text-recrut\">Les membres du club doivent se pr\u00e9senter aux entra\u00eenements et aux matchs avec la tenue r\u00e9glementaire du club, \u00e0 savoir le maillot, le short et les chaussettes ainsi que le surv\u00eatement les jours de matchs. Les chaussures de football sont obligatoires.<\/span><\/p>\n<h4 class=\"text-recrut\">ARTICLE 8 : MAT\u00c9RIEL<\/h4>\n<p><span class=\"text-recrut\">Le mat\u00e9riel mis \u00e0 disposition par le club doit \u00eatre utilis\u00e9 avec pr\u00e9caution et ne doit pas \u00eatre emprunt\u00e9 sans autorisation. En cas de perte ou de d\u00e9t\u00e9rioration du mat\u00e9riel, le membre concern\u00e9 devra en assumer les frais.<\/span><\/p>\n<h4 class=\"text-recrut\">ARTICLE 9 : DISCIPLINE<\/h4>\n<p><span class=\"text-recrut\">En cas de manquement aux r\u00e8gles du pr\u00e9sent r\u00e8glement, des sanctions disciplinaires pourront \u00eatre prises \u00e0 l&#8217;encontre des membres du club, allant de l&#8217;avertissement \u00e0 l&#8217;exclusion d\u00e9finitive en passant par la suspension temporaire. Les sanctions seront d\u00e9cid\u00e9es par le bureau du club.<\/span><\/p>\n<h4 class=\"text-recrut\">ARTICLE 10 : MODIFICATION DU R\u00c8GLEMENT<\/h4>\n<p><span class=\"text-recrut\">Le pr\u00e9sent r\u00e8glement peut \u00eatre modifi\u00e9 \u00e0 tout moment par le bureau du club. Les membres en seront inform\u00e9s par voie d&#8217;affichage ou par courrier \u00e9lectronique.<\/span><\/p>\n<p><span class=\"text-recrut\">Fait \u00e0 Aix-en-Provence, le 01\/06\/2023<\/span><\/p>\n<p><span class=\"text-recrut\">Le pr\u00e9sident du Soccer Club Aix-en-Provence F\u00e9minines<\/span>[\/vc_column_text][\/vc_column][\/vc_row]<\/p>\n<\/div>","protected":false},"excerpt":{"rendered":"<p>[vc_row css_animation=&#8221;fadeIn&#8221;][vc_column css_animation=&#8221;fadeInUp&#8221;][vc_separator color=&#8221;custom&#8221; accent_color=&#8221;rgba(255,255,255,0.1)&#8221;][\/vc_column][\/vc_row][vc_row css=&#8221;.vc_custom_1679098031735{padding-bottom: 100px !important;}&#8221;][vc_column css_animation=&#8221;fadeInLeft&#8221; width=&#8221;1\/3&#8243;][vc_single_image image=&#8221;15454&#8243; img_size=&#8221;full&#8221; css=&#8221;&#8221;][\/vc_column][vc_column css_animation=&#8221;fadeInRight&#8221; width=&#8221;2\/3&#8243;][vc_column_text css=&#8221;&#8221;] ARTICLE 1 : OBJET Le pr\u00e9sent r\u00e8glement a pour objet de d\u00e9finir les r\u00e8gles de fonctionnement du Soccer Club Aix-en-Provence F\u00e9minines, ainsi que les droits et devoirs des membres du club. ARTICLE 2 : ADMISSION Toute personne d\u00e9sirant devenir&#8230;<\/p>\n","protected":false},"author":1,"featured_media":0,"parent":0,"menu_order":0,"comment_status":"closed","ping_status":"closed","template":"","meta":{"rs_blank_template":"","rs_page_bg_color":"","slide_template_v7":"","footnotes":""},"class_list":["post-2706","page","type-page","status-publish","hentry"],"yoast_head":"<!-- This site is optimized with the Yoast SEO plugin v27.4 - https:\/\/yoast.com\/product\/yoast-seo-wordpress\/ -->\n<title>R\u00e8glement Int\u00e9rieur | Site officiel du Soccer Club Aix-en-Provence F\u00e9minines<\/title>\n<meta name=\"description\" content=\"Page R\u00e8glement Int\u00e9rieur du club de football f\u00e9minin SCA fond\u00e9 en 2023 \u00e0 Aix-en-Provence pr\u00e8s de Luynes, Bouc Bel Air, Gardanne et Marseille.\" \/>\n<meta name=\"robots\" content=\"index, follow, max-snippet:-1, max-image-preview:large, max-video-preview:-1\" \/>\n<link rel=\"canonical\" href=\"https:\/\/sc-aix.fr\/index.php\/reglement-interieur\/\" \/>\n<meta property=\"og:locale\" content=\"fr_FR\" \/>\n<meta property=\"og:type\" content=\"article\" \/>\n<meta property=\"og:title\" content=\"R\u00e8glement Int\u00e9rieur | Site officiel du Soccer Club Aix-en-Provence F\u00e9minines\" \/>\n<meta property=\"og:description\" content=\"Page R\u00e8glement Int\u00e9rieur du club de football f\u00e9minin SCA fond\u00e9 en 2023 \u00e0 Aix-en-Provence pr\u00e8s de Luynes, Bouc Bel Air, Gardanne et Marseille.\" \/>\n<meta property=\"og:url\" content=\"https:\/\/sc-aix.fr\/index.php\/reglement-interieur\/\" \/>\n<meta property=\"og:site_name\" content=\"Site officiel du Soccer Club Aix-en-Provence F\u00e9minines\" \/>\n<meta property=\"article:publisher\" content=\"https:\/\/www.facebook.com\/SportingClubAixois\/\" \/>\n<meta property=\"article:modified_time\" content=\"2025-11-28T02:01:53+00:00\" \/>\n<meta property=\"og:image\" content=\"https:\/\/sc-aix.fr\/wp-content\/uploads\/2023\/09\/logo_yoast.jpg\" \/>\n\t<meta property=\"og:image:width\" content=\"1200\" \/>\n\t<meta property=\"og:image:height\" content=\"675\" \/>\n\t<meta property=\"og:image:type\" content=\"image\/jpeg\" \/>\n<script type=\"application\/ld+json\" class=\"yoast-schema-graph\">{\"@context\":\"https:\\\/\\\/schema.org\",\"@graph\":[{\"@type\":\"WebPage\",\"@id\":\"https:\\\/\\\/sc-aix.fr\\\/index.php\\\/reglement-interieur\\\/\",\"url\":\"https:\\\/\\\/sc-aix.fr\\\/index.php\\\/reglement-interieur\\\/\",\"name\":\"R\u00e8glement Int\u00e9rieur | Site officiel du Soccer Club Aix-en-Provence F\u00e9minines\",\"isPartOf\":{\"@id\":\"https:\\\/\\\/sc-aix.fr\\\/#website\"},\"datePublished\":\"2023-03-18T00:25:21+00:00\",\"dateModified\":\"2025-11-28T02:01:53+00:00\",\"description\":\"Page R\u00e8glement Int\u00e9rieur du club de football f\u00e9minin SCA fond\u00e9 en 2023 \u00e0 Aix-en-Provence pr\u00e8s de Luynes, Bouc Bel Air, Gardanne et Marseille.\",\"breadcrumb\":{\"@id\":\"https:\\\/\\\/sc-aix.fr\\\/index.php\\\/reglement-interieur\\\/#breadcrumb\"},\"inLanguage\":\"fr-FR\",\"potentialAction\":[{\"@type\":\"ReadAction\",\"target\":[\"https:\\\/\\\/sc-aix.fr\\\/index.php\\\/reglement-interieur\\\/\"]}]},{\"@type\":\"BreadcrumbList\",\"@id\":\"https:\\\/\\\/sc-aix.fr\\\/index.php\\\/reglement-interieur\\\/#breadcrumb\",\"itemListElement\":[{\"@type\":\"ListItem\",\"position\":1,\"name\":\"Accueil\",\"item\":\"https:\\\/\\\/sc-aix.fr\\\/\"},{\"@type\":\"ListItem\",\"position\":2,\"name\":\"R\u00e8glement Int\u00e9rieur\"}]},{\"@type\":\"WebSite\",\"@id\":\"https:\\\/\\\/sc-aix.fr\\\/#website\",\"url\":\"https:\\\/\\\/sc-aix.fr\\\/\",\"name\":\"Soccer Club Aix-en-Provence F\u00e9minines\",\"description\":\"Un club de football 100% F\u00e9minin au c\u0153ur d&#039;Aix-en-Provence.\",\"publisher\":{\"@id\":\"https:\\\/\\\/sc-aix.fr\\\/#organization\"},\"alternateName\":\"SCAF\",\"potentialAction\":[{\"@type\":\"SearchAction\",\"target\":{\"@type\":\"EntryPoint\",\"urlTemplate\":\"https:\\\/\\\/sc-aix.fr\\\/?s={search_term_string}\"},\"query-input\":{\"@type\":\"PropertyValueSpecification\",\"valueRequired\":true,\"valueName\":\"search_term_string\"}}],\"inLanguage\":\"fr-FR\"},{\"@type\":\"Organization\",\"@id\":\"https:\\\/\\\/sc-aix.fr\\\/#organization\",\"name\":\"Soccer Club Aix-en-Provence F\u00e9minines\",\"alternateName\":\"SCAF\",\"url\":\"https:\\\/\\\/sc-aix.fr\\\/\",\"logo\":{\"@type\":\"ImageObject\",\"inLanguage\":\"fr-FR\",\"@id\":\"https:\\\/\\\/sc-aix.fr\\\/#\\\/schema\\\/logo\\\/image\\\/\",\"url\":\"https:\\\/\\\/sc-aix.fr\\\/wp-content\\\/uploads\\\/2023\\\/03\\\/logo_aix_260x260.png\",\"contentUrl\":\"https:\\\/\\\/sc-aix.fr\\\/wp-content\\\/uploads\\\/2023\\\/03\\\/logo_aix_260x260.png\",\"width\":260,\"height\":260,\"caption\":\"Soccer Club Aix-en-Provence F\u00e9minines\"},\"image\":{\"@id\":\"https:\\\/\\\/sc-aix.fr\\\/#\\\/schema\\\/logo\\\/image\\\/\"},\"sameAs\":[\"https:\\\/\\\/www.facebook.com\\\/SportingClubAixois\\\/\",\"https:\\\/\\\/www.instagram.com\\\/scaixf\\\/\",\"https:\\\/\\\/www.youtube.com\\\/@SportingClubAix\",\"https:\\\/\\\/www.tiktok.com\\\/@scaixf\"]}]}<\/script>\n<!-- \/ Yoast SEO plugin. -->","yoast_head_json":{"title":"R\u00e8glement Int\u00e9rieur | Site officiel du Soccer Club Aix-en-Provence F\u00e9minines","description":"Page R\u00e8glement Int\u00e9rieur du club de football f\u00e9minin SCA fond\u00e9 en 2023 \u00e0 Aix-en-Provence pr\u00e8s de Luynes, Bouc Bel Air, Gardanne et Marseille.","robots":{"index":"index","follow":"follow","max-snippet":"max-snippet:-1","max-image-preview":"max-image-preview:large","max-video-preview":"max-video-preview:-1"},"canonical":"https:\/\/sc-aix.fr\/index.php\/reglement-interieur\/","og_locale":"fr_FR","og_type":"article","og_title":"R\u00e8glement Int\u00e9rieur | Site officiel du Soccer Club Aix-en-Provence F\u00e9minines","og_description":"Page R\u00e8glement Int\u00e9rieur du club de football f\u00e9minin SCA fond\u00e9 en 2023 \u00e0 Aix-en-Provence pr\u00e8s de Luynes, Bouc Bel Air, Gardanne et Marseille.","og_url":"https:\/\/sc-aix.fr\/index.php\/reglement-interieur\/","og_site_name":"Site officiel du Soccer Club Aix-en-Provence F\u00e9minines","article_publisher":"https:\/\/www.facebook.com\/SportingClubAixois\/","article_modified_time":"2025-11-28T02:01:53+00:00","og_image":[{"width":1200,"height":675,"url":"https:\/\/sc-aix.fr\/wp-content\/uploads\/2023\/09\/logo_yoast.jpg","type":"image\/jpeg"}],"schema":{"@context":"https:\/\/schema.org","@graph":[{"@type":"WebPage","@id":"https:\/\/sc-aix.fr\/index.php\/reglement-interieur\/","url":"https:\/\/sc-aix.fr\/index.php\/reglement-interieur\/","name":"R\u00e8glement Int\u00e9rieur | Site officiel du Soccer Club Aix-en-Provence F\u00e9minines","isPartOf":{"@id":"https:\/\/sc-aix.fr\/#website"},"datePublished":"2023-03-18T00:25:21+00:00","dateModified":"2025-11-28T02:01:53+00:00","description":"Page R\u00e8glement Int\u00e9rieur du club de football f\u00e9minin SCA fond\u00e9 en 2023 \u00e0 Aix-en-Provence pr\u00e8s de Luynes, Bouc Bel Air, Gardanne et Marseille.","breadcrumb":{"@id":"https:\/\/sc-aix.fr\/index.php\/reglement-interieur\/#breadcrumb"},"inLanguage":"fr-FR","potentialAction":[{"@type":"ReadAction","target":["https:\/\/sc-aix.fr\/index.php\/reglement-interieur\/"]}]},{"@type":"BreadcrumbList","@id":"https:\/\/sc-aix.fr\/index.php\/reglement-interieur\/#breadcrumb","itemListElement":[{"@type":"ListItem","position":1,"name":"Accueil","item":"https:\/\/sc-aix.fr\/"},{"@type":"ListItem","position":2,"name":"R\u00e8glement Int\u00e9rieur"}]},{"@type":"WebSite","@id":"https:\/\/sc-aix.fr\/#website","url":"https:\/\/sc-aix.fr\/","name":"Soccer Club Aix-en-Provence F\u00e9minines","description":"Un club de football 100% F\u00e9minin au c\u0153ur d&#039;Aix-en-Provence.","publisher":{"@id":"https:\/\/sc-aix.fr\/#organization"},"alternateName":"SCAF","potentialAction":[{"@type":"SearchAction","target":{"@type":"EntryPoint","urlTemplate":"https:\/\/sc-aix.fr\/?s={search_term_string}"},"query-input":{"@type":"PropertyValueSpecification","valueRequired":true,"valueName":"search_term_string"}}],"inLanguage":"fr-FR"},{"@type":"Organization","@id":"https:\/\/sc-aix.fr\/#organization","name":"Soccer Club Aix-en-Provence F\u00e9minines","alternateName":"SCAF","url":"https:\/\/sc-aix.fr\/","logo":{"@type":"ImageObject","inLanguage":"fr-FR","@id":"https:\/\/sc-aix.fr\/#\/schema\/logo\/image\/","url":"https:\/\/sc-aix.fr\/wp-content\/uploads\/2023\/03\/logo_aix_260x260.png","contentUrl":"https:\/\/sc-aix.fr\/wp-content\/uploads\/2023\/03\/logo_aix_260x260.png","width":260,"height":260,"caption":"Soccer Club Aix-en-Provence F\u00e9minines"},"image":{"@id":"https:\/\/sc-aix.fr\/#\/schema\/logo\/image\/"},"sameAs":["https:\/\/www.facebook.com\/SportingClubAixois\/","https:\/\/www.instagram.com\/scaixf\/","https:\/\/www.youtube.com\/@SportingClubAix","https:\/\/www.tiktok.com\/@scaixf"]}]}},"_links":{"self":[{"href":"https:\/\/sc-aix.fr\/index.php\/wp-json\/wp\/v2\/pages\/2706","targetHints":{"allow":["GET"]}}],"collection":[{"href":"https:\/\/sc-aix.fr\/index.php\/wp-json\/wp\/v2\/pages"}],"about":[{"href":"https:\/\/sc-aix.fr\/index.php\/wp-json\/wp\/v2\/types\/page"}],"author":[{"embeddable":true,"href":"https:\/\/sc-aix.fr\/index.php\/wp-json\/wp\/v2\/users\/1"}],"replies":[{"embeddable":true,"href":"https:\/\/sc-aix.fr\/index.php\/wp-json\/wp\/v2\/comments?post=2706"}],"version-history":[{"count":0,"href":"https:\/\/sc-aix.fr\/index.php\/wp-json\/wp\/v2\/pages\/2706\/revisions"}],"wp:attachment":[{"href":"https:\/\/sc-aix.fr\/index.php\/wp-json\/wp\/v2\/media?parent=2706"}],"curies":[{"name":"wp","href":"https:\/\/api.w.org\/{rel}","templated":true}]}}