{"id":3243,"date":"2023-03-22T23:33:35","date_gmt":"2023-03-22T22:33:35","guid":{"rendered":"https:\/\/sc-aix.fr\/?page_id=3243"},"modified":"2023-12-26T00:39:28","modified_gmt":"2023-12-25T23:39:28","slug":"tombola","status":"publish","type":"page","link":"https:\/\/sc-aix.fr\/index.php\/tombola\/","title":{"rendered":"Tombola"},"content":{"rendered":"<div class=\"wpb-content-wrapper\"><p>[vc_row css_animation=&#8221;fadeIn&#8221;][vc_column css_animation=&#8221;fadeInUp&#8221;]\n        <div class=\"rs-heading style5  vc_custom_1703547565505  \">\n        \t<div class=\"title-inner \">\n        \t\t       \t\t\n\t            \n\t            <h2 class=\"title \" style=\"color: #ffffff\"><span class=\"watermark\">SCAF<\/span><span class=\"left\">[<\/span>SCAF<span class=\"right\">]<\/span><\/h2> <span class=\"lines-bg\"><\/span>\n\t            <div class=\"title-img bottom-img\"><\/div>\n\t        <\/div><\/div>[vc_separator color=&#8221;custom&#8221; accent_color=&#8221;rgba(255,255,255,0.1)&#8221;][vc_single_image image=&#8221;6516&#8243; img_size=&#8221;full&#8221; alignment=&#8221;center&#8221; style=&#8221;vc_box_rounded&#8221;][vc_column_text]<span class=\"postuler\">R\u00e8glement de la tombola du Sporting Club Aix-en-Provence<\/span>[\/vc_column_text][vc_column_text]<span class=\"text-recrut\">\ud83c\udf81 D\u00e9crochez la chance! Notre tombola vous r\u00e9serve des moments d&#8217;\u00e9vasion, de bien-\u00eatre, et des cadeaux sensationnels. En jeu : un weekend magique, des d\u00e9lices chez Boulangerie No\u00e9, des instants cocooning GreenCocoon, des exp\u00e9riences VIP, et bien plus encore. Ne manquez pas votre chance de gagner des souvenirs inoubliables! \ud83c\udf89<\/span><\/p>\n<h4 class=\"text-recrut\">Article 1 : Organisation de la tombola<\/h4>\n<p><span class=\"text-recrut\">Le Sporting Club Aix-en-Provence F\u00e9minines organise une tombola dont les b\u00e9n\u00e9fices seront utilis\u00e9s pour financer les activit\u00e9s du club.<\/span><\/p>\n<h4 class=\"text-recrut\">Article 2 : Modalit\u00e9s de participation<\/h4>\n<p><span class=\"text-recrut\">La participation \u00e0 la tombola est ouverte \u00e0 toute personne majeure r\u00e9sidant en France m\u00e9tropolitaine. Les mineurs peuvent participer \u00e0 la tombola avec l&#8217;accord de leurs parents ou tuteurs l\u00e9gaux.<\/span><\/p>\n<h4 class=\"text-recrut\">Article 3 : Achat des tickets<\/h4>\n<p><span class=\"text-recrut\">Les tickets de tombola sont vendus au prix de<strong> 2 euros chacun<\/strong>. Les participants peuvent acheter autant de tickets qu&#8217;ils le souhaitent. Les tickets sont disponibles aupr\u00e8s des membres du club, sur le site officiel du club ou lors des \u00e9v\u00e9nements organis\u00e9s par le club.<\/span><\/p>\n<h4 class=\"text-recrut\">Article 4 : Tirage au sort<\/h4>\n<p><span class=\"text-recrut\">Le tirage au sort aura lieu le Aix-en-Provence \u00e0 la Moli\u00e8re. Les gagnants seront d\u00e9sign\u00e9s par tirage au sort parmi l&#8217;ensemble des tickets vendus. Les r\u00e9sultats seront publi\u00e9s sur le site internet du club ainsi que sur les r\u00e9seaux sociaux.<\/span><\/p>\n<h4 class=\"text-recrut\">Article 5 : Lots<\/h4>\n<p><span class=\"text-recrut\">Les lots sont offerts par les partenaires du club et seront d\u00e9voil\u00e9s lors du tirage au sort. Les lots ne pourront pas \u00eatre \u00e9chang\u00e9s contre de l&#8217;argent.<\/span><\/p>\n<h4 class=\"text-recrut\">Article 6 : Remise des lots<\/h4>\n<p><span class=\"text-recrut\">Les gagnants seront contact\u00e9s par t\u00e9l\u00e9phone ou par email pour organiser la remise des lots. Les lots seront remis en main propre ou envoy\u00e9s par courrier postal.<\/span><\/p>\n<h4 class=\"text-recrut\">Article 7 : Responsabilit\u00e9<\/h4>\n<p><span class=\"text-recrut\">Le SCAF d\u00e9cline toute responsabilit\u00e9 en cas de perte ou de vol des tickets de tombola. Il en va de m\u00eame pour les lots remis aux gagnants.<\/span><\/p>\n<h4 class=\"text-recrut\">Article 8 : Protection des donn\u00e9es personnelles<\/h4>\n<p><span class=\"text-recrut\">Les donn\u00e9es personnelles collect\u00e9es lors de la vente des tickets de tombola sont destin\u00e9es uniquement \u00e0 l&#8217;organisation de la tombola et ne seront pas utilis\u00e9es \u00e0 des fins commerciales. Les participants ont un droit d&#8217;acc\u00e8s, de rectification et de suppression de leurs donn\u00e9es personnelles conform\u00e9ment \u00e0 la loi informatique et libert\u00e9s.<\/span><\/p>\n<h4 class=\"text-recrut\">Article 9 : Acceptation du r\u00e8glement<\/h4>\n<p><span class=\"text-recrut\">La participation \u00e0 la tombola implique l&#8217;acceptation pleine et enti\u00e8re du pr\u00e9sent r\u00e8glement. En cas de litige, la d\u00e9cision du club sera souveraine et sans appel.<\/span>[\/vc_column_text][vc_raw_html]JTVCY29udGFjdC1mb3JtLTclMjBpZCUzRCUyMjMyNTQlMjIlMjB0aXRsZSUzRCUyMlRvbWJvbGElMjIlNUQ=[\/vc_raw_html][vc_single_image image=&#8221;6514&#8243; img_size=&#8221;full&#8221; style=&#8221;vc_box_rounded&#8221;][\/vc_column][\/vc_row]<\/p>\n<\/div>","protected":false},"excerpt":{"rendered":"<p>[vc_row css_animation=&#8221;fadeIn&#8221;][vc_column css_animation=&#8221;fadeInUp&#8221;][vc_separator color=&#8221;custom&#8221; accent_color=&#8221;rgba(255,255,255,0.1)&#8221;][vc_single_image image=&#8221;6516&#8243; img_size=&#8221;full&#8221; alignment=&#8221;center&#8221; style=&#8221;vc_box_rounded&#8221;][vc_column_text]R\u00e8glement de la tombola du Sporting Club Aix-en-Provence[\/vc_column_text][vc_column_text]\ud83c\udf81 D\u00e9crochez la chance! Notre tombola vous r\u00e9serve des moments d&#8217;\u00e9vasion, de bien-\u00eatre, et des cadeaux sensationnels. En jeu : un weekend magique, des d\u00e9lices chez Boulangerie No\u00e9, des instants cocooning GreenCocoon, des exp\u00e9riences VIP, et bien plus encore. Ne&#8230;<\/p>\n","protected":false},"author":1,"featured_media":0,"parent":0,"menu_order":0,"comment_status":"closed","ping_status":"closed","template":"","meta":{"rs_blank_template":"","rs_page_bg_color":"","slide_template_v7":"","footnotes":""},"class_list":["post-3243","page","type-page","status-publish","hentry"],"yoast_head":"<!-- This site is optimized with the Yoast SEO plugin v27.4 - https:\/\/yoast.com\/product\/yoast-seo-wordpress\/ -->\n<title>Tombola | Site officiel du Soccer Club Aix-en-Provence F\u00e9minines<\/title>\n<meta name=\"description\" content=\"Page recrutement du club de football f\u00e9minin SCA fond\u00e9 en 2023 \u00e0 Aix-en-Provence pr\u00e8s de Luynes, Bouc Bel Air, Gardanne et Marseille.\" \/>\n<meta name=\"robots\" content=\"index, follow, max-snippet:-1, max-image-preview:large, max-video-preview:-1\" \/>\n<link rel=\"canonical\" href=\"https:\/\/sc-aix.fr\/index.php\/tombola\/\" \/>\n<meta property=\"og:locale\" content=\"fr_FR\" \/>\n<meta property=\"og:type\" content=\"article\" \/>\n<meta property=\"og:title\" content=\"Tombola | Site officiel du Soccer Club Aix-en-Provence F\u00e9minines\" \/>\n<meta property=\"og:description\" content=\"Page recrutement du club de football f\u00e9minin SCA fond\u00e9 en 2023 \u00e0 Aix-en-Provence pr\u00e8s de Luynes, Bouc Bel Air, Gardanne et Marseille.\" \/>\n<meta property=\"og:url\" content=\"https:\/\/sc-aix.fr\/index.php\/tombola\/\" \/>\n<meta property=\"og:site_name\" content=\"Site officiel du Soccer Club Aix-en-Provence F\u00e9minines\" \/>\n<meta property=\"article:publisher\" content=\"https:\/\/www.facebook.com\/SportingClubAixois\/\" \/>\n<meta property=\"article:modified_time\" content=\"2023-12-25T23:39:28+00:00\" \/>\n<meta property=\"og:image\" content=\"https:\/\/sc-aix.fr\/wp-content\/uploads\/2023\/09\/logo_yoast.jpg\" \/>\n\t<meta property=\"og:image:width\" content=\"1200\" \/>\n\t<meta property=\"og:image:height\" content=\"675\" \/>\n\t<meta property=\"og:image:type\" content=\"image\/jpeg\" \/>\n<script type=\"application\/ld+json\" class=\"yoast-schema-graph\">{\"@context\":\"https:\\\/\\\/schema.org\",\"@graph\":[{\"@type\":\"WebPage\",\"@id\":\"https:\\\/\\\/sc-aix.fr\\\/index.php\\\/tombola\\\/\",\"url\":\"https:\\\/\\\/sc-aix.fr\\\/index.php\\\/tombola\\\/\",\"name\":\"Tombola | Site officiel du Soccer Club Aix-en-Provence F\u00e9minines\",\"isPartOf\":{\"@id\":\"https:\\\/\\\/sc-aix.fr\\\/#website\"},\"datePublished\":\"2023-03-22T22:33:35+00:00\",\"dateModified\":\"2023-12-25T23:39:28+00:00\",\"description\":\"Page recrutement du club de football f\u00e9minin SCA fond\u00e9 en 2023 \u00e0 Aix-en-Provence pr\u00e8s de Luynes, Bouc Bel Air, Gardanne et Marseille.\",\"breadcrumb\":{\"@id\":\"https:\\\/\\\/sc-aix.fr\\\/index.php\\\/tombola\\\/#breadcrumb\"},\"inLanguage\":\"fr-FR\",\"potentialAction\":[{\"@type\":\"ReadAction\",\"target\":[\"https:\\\/\\\/sc-aix.fr\\\/index.php\\\/tombola\\\/\"]}]},{\"@type\":\"BreadcrumbList\",\"@id\":\"https:\\\/\\\/sc-aix.fr\\\/index.php\\\/tombola\\\/#breadcrumb\",\"itemListElement\":[{\"@type\":\"ListItem\",\"position\":1,\"name\":\"Accueil\",\"item\":\"https:\\\/\\\/sc-aix.fr\\\/\"},{\"@type\":\"ListItem\",\"position\":2,\"name\":\"Tombola\"}]},{\"@type\":\"WebSite\",\"@id\":\"https:\\\/\\\/sc-aix.fr\\\/#website\",\"url\":\"https:\\\/\\\/sc-aix.fr\\\/\",\"name\":\"Soccer Club Aix-en-Provence F\u00e9minines\",\"description\":\"Un club de football 100% F\u00e9minin au c\u0153ur d&#039;Aix-en-Provence.\",\"publisher\":{\"@id\":\"https:\\\/\\\/sc-aix.fr\\\/#organization\"},\"alternateName\":\"SCAF\",\"potentialAction\":[{\"@type\":\"SearchAction\",\"target\":{\"@type\":\"EntryPoint\",\"urlTemplate\":\"https:\\\/\\\/sc-aix.fr\\\/?s={search_term_string}\"},\"query-input\":{\"@type\":\"PropertyValueSpecification\",\"valueRequired\":true,\"valueName\":\"search_term_string\"}}],\"inLanguage\":\"fr-FR\"},{\"@type\":\"Organization\",\"@id\":\"https:\\\/\\\/sc-aix.fr\\\/#organization\",\"name\":\"Soccer Club Aix-en-Provence F\u00e9minines\",\"alternateName\":\"SCAF\",\"url\":\"https:\\\/\\\/sc-aix.fr\\\/\",\"logo\":{\"@type\":\"ImageObject\",\"inLanguage\":\"fr-FR\",\"@id\":\"https:\\\/\\\/sc-aix.fr\\\/#\\\/schema\\\/logo\\\/image\\\/\",\"url\":\"https:\\\/\\\/sc-aix.fr\\\/wp-content\\\/uploads\\\/2023\\\/03\\\/logo_aix_260x260.png\",\"contentUrl\":\"https:\\\/\\\/sc-aix.fr\\\/wp-content\\\/uploads\\\/2023\\\/03\\\/logo_aix_260x260.png\",\"width\":260,\"height\":260,\"caption\":\"Soccer Club Aix-en-Provence F\u00e9minines\"},\"image\":{\"@id\":\"https:\\\/\\\/sc-aix.fr\\\/#\\\/schema\\\/logo\\\/image\\\/\"},\"sameAs\":[\"https:\\\/\\\/www.facebook.com\\\/SportingClubAixois\\\/\",\"https:\\\/\\\/www.instagram.com\\\/scaixf\\\/\",\"https:\\\/\\\/www.youtube.com\\\/@SportingClubAix\",\"https:\\\/\\\/www.tiktok.com\\\/@scaixf\"]}]}<\/script>\n<!-- \/ Yoast SEO plugin. -->","yoast_head_json":{"title":"Tombola | Site officiel du Soccer Club Aix-en-Provence F\u00e9minines","description":"Page recrutement du club de football f\u00e9minin SCA fond\u00e9 en 2023 \u00e0 Aix-en-Provence pr\u00e8s de Luynes, Bouc Bel Air, Gardanne et Marseille.","robots":{"index":"index","follow":"follow","max-snippet":"max-snippet:-1","max-image-preview":"max-image-preview:large","max-video-preview":"max-video-preview:-1"},"canonical":"https:\/\/sc-aix.fr\/index.php\/tombola\/","og_locale":"fr_FR","og_type":"article","og_title":"Tombola | Site officiel du Soccer Club Aix-en-Provence F\u00e9minines","og_description":"Page recrutement du club de football f\u00e9minin SCA fond\u00e9 en 2023 \u00e0 Aix-en-Provence pr\u00e8s de Luynes, Bouc Bel Air, Gardanne et Marseille.","og_url":"https:\/\/sc-aix.fr\/index.php\/tombola\/","og_site_name":"Site officiel du Soccer Club Aix-en-Provence F\u00e9minines","article_publisher":"https:\/\/www.facebook.com\/SportingClubAixois\/","article_modified_time":"2023-12-25T23:39:28+00:00","og_image":[{"width":1200,"height":675,"url":"https:\/\/sc-aix.fr\/wp-content\/uploads\/2023\/09\/logo_yoast.jpg","type":"image\/jpeg"}],"schema":{"@context":"https:\/\/schema.org","@graph":[{"@type":"WebPage","@id":"https:\/\/sc-aix.fr\/index.php\/tombola\/","url":"https:\/\/sc-aix.fr\/index.php\/tombola\/","name":"Tombola | Site officiel du Soccer Club Aix-en-Provence F\u00e9minines","isPartOf":{"@id":"https:\/\/sc-aix.fr\/#website"},"datePublished":"2023-03-22T22:33:35+00:00","dateModified":"2023-12-25T23:39:28+00:00","description":"Page recrutement du club de football f\u00e9minin SCA fond\u00e9 en 2023 \u00e0 Aix-en-Provence pr\u00e8s de Luynes, Bouc Bel Air, Gardanne et Marseille.","breadcrumb":{"@id":"https:\/\/sc-aix.fr\/index.php\/tombola\/#breadcrumb"},"inLanguage":"fr-FR","potentialAction":[{"@type":"ReadAction","target":["https:\/\/sc-aix.fr\/index.php\/tombola\/"]}]},{"@type":"BreadcrumbList","@id":"https:\/\/sc-aix.fr\/index.php\/tombola\/#breadcrumb","itemListElement":[{"@type":"ListItem","position":1,"name":"Accueil","item":"https:\/\/sc-aix.fr\/"},{"@type":"ListItem","position":2,"name":"Tombola"}]},{"@type":"WebSite","@id":"https:\/\/sc-aix.fr\/#website","url":"https:\/\/sc-aix.fr\/","name":"Soccer Club Aix-en-Provence F\u00e9minines","description":"Un club de football 100% F\u00e9minin au c\u0153ur d&#039;Aix-en-Provence.","publisher":{"@id":"https:\/\/sc-aix.fr\/#organization"},"alternateName":"SCAF","potentialAction":[{"@type":"SearchAction","target":{"@type":"EntryPoint","urlTemplate":"https:\/\/sc-aix.fr\/?s={search_term_string}"},"query-input":{"@type":"PropertyValueSpecification","valueRequired":true,"valueName":"search_term_string"}}],"inLanguage":"fr-FR"},{"@type":"Organization","@id":"https:\/\/sc-aix.fr\/#organization","name":"Soccer Club Aix-en-Provence F\u00e9minines","alternateName":"SCAF","url":"https:\/\/sc-aix.fr\/","logo":{"@type":"ImageObject","inLanguage":"fr-FR","@id":"https:\/\/sc-aix.fr\/#\/schema\/logo\/image\/","url":"https:\/\/sc-aix.fr\/wp-content\/uploads\/2023\/03\/logo_aix_260x260.png","contentUrl":"https:\/\/sc-aix.fr\/wp-content\/uploads\/2023\/03\/logo_aix_260x260.png","width":260,"height":260,"caption":"Soccer Club Aix-en-Provence F\u00e9minines"},"image":{"@id":"https:\/\/sc-aix.fr\/#\/schema\/logo\/image\/"},"sameAs":["https:\/\/www.facebook.com\/SportingClubAixois\/","https:\/\/www.instagram.com\/scaixf\/","https:\/\/www.youtube.com\/@SportingClubAix","https:\/\/www.tiktok.com\/@scaixf"]}]}},"_links":{"self":[{"href":"https:\/\/sc-aix.fr\/index.php\/wp-json\/wp\/v2\/pages\/3243","targetHints":{"allow":["GET"]}}],"collection":[{"href":"https:\/\/sc-aix.fr\/index.php\/wp-json\/wp\/v2\/pages"}],"about":[{"href":"https:\/\/sc-aix.fr\/index.php\/wp-json\/wp\/v2\/types\/page"}],"author":[{"embeddable":true,"href":"https:\/\/sc-aix.fr\/index.php\/wp-json\/wp\/v2\/users\/1"}],"replies":[{"embeddable":true,"href":"https:\/\/sc-aix.fr\/index.php\/wp-json\/wp\/v2\/comments?post=3243"}],"version-history":[{"count":0,"href":"https:\/\/sc-aix.fr\/index.php\/wp-json\/wp\/v2\/pages\/3243\/revisions"}],"wp:attachment":[{"href":"https:\/\/sc-aix.fr\/index.php\/wp-json\/wp\/v2\/media?parent=3243"}],"curies":[{"name":"wp","href":"https:\/\/api.w.org\/{rel}","templated":true}]}}