{"id":6672,"date":"2023-06-07T14:56:10","date_gmt":"2023-06-07T12:56:10","guid":{"rendered":"https:\/\/sc-aix.fr\/?page_id=6672"},"modified":"2025-11-28T02:38:54","modified_gmt":"2025-11-28T01:38:54","slug":"actualites-scaf","status":"publish","type":"page","link":"https:\/\/sc-aix.fr\/index.php\/actualites-scaf\/","title":{"rendered":"Actualit\u00e9s"},"content":{"rendered":"<div class=\"wpb-content-wrapper\"><p>[vc_row][vc_column css_animation=&#8221;fadeInUp&#8221;]<div class=\"rs-blog-grid rs-blog \">\n\t\t\t\t\t<div class=\"row\"><div class=\"blog-item col-lg-6 col-md-12 style2 \">\n\t\t\t\t\t\t\t\t\t<div class=\"blog-img image-scale\">\n\t\t\t\t\t\t\t\t\t\t<div class=\"image-wrap\"><a href=\"https:\/\/sc-aix.fr\/?post_type=post&p=16202\"> <img loading=\"lazy\" decoding=\"async\" width=\"1200\" height=\"740\" src=\"https:\/\/sc-aix.fr\/wp-content\/uploads\/2026\/04\/om.webp\" class=\"attachment-post-thumbnail size-post-thumbnail wp-post-image\" alt=\"SCAF vs OM\" srcset=\"https:\/\/sc-aix.fr\/wp-content\/uploads\/2026\/04\/om.webp 1200w, https:\/\/sc-aix.fr\/wp-content\/uploads\/2026\/04\/om-300x185.webp 300w, https:\/\/sc-aix.fr\/wp-content\/uploads\/2026\/04\/om-1024x631.webp 1024w, https:\/\/sc-aix.fr\/wp-content\/uploads\/2026\/04\/om-768x474.webp 768w, https:\/\/sc-aix.fr\/wp-content\/uploads\/2026\/04\/om-255x157.webp 255w, https:\/\/sc-aix.fr\/wp-content\/uploads\/2026\/04\/om-128x79.webp 128w, https:\/\/sc-aix.fr\/wp-content\/uploads\/2026\/04\/om-32x20.webp 32w, https:\/\/sc-aix.fr\/wp-content\/uploads\/2026\/04\/om-600x370.webp 600w\" sizes=\"auto, (max-width: 1200px) 100vw, 1200px\" \/> <\/a><\/div>\n\t\t\t\t\t\t\t\t\t\t<div class=\"all-meta\">\n\t\t\t\t\t\t\t\t\t\t\t<div class=\"meta meta-date\">\n\t\t\t\t\t\t\t\t\t\t<span class=\"month-day\">20<\/span>\n                                        <span class=\"month-name\">Avr<\/span>\n\t\t\t\t\t\t\t\t<\/div>\n\t\t\t\t\t\t\t\t\t \t\t<div class=\"meta author\"><i class=\"glyph-icon flaticon-user-1\"><\/i> <span class=\"author\"> SCAF<\/span><\/div>\n\t\t\t\t\t\t\t\t \t\t<\/div>\n\t\t\t\t\t\t\t\t \t<\/div>\n\t\t\t\t\t\t\t\t<div class=\"bottom-shadow1 blog-meta \">\n\t\t\t\t\t\t\t\t\t\t<h3 class=\"blog-title\"><a href=\"https:\/\/sc-aix.fr\/?post_type=post&p=16202\"> Une belle r\u00e9sistance face \u00e0 l\u2019OM, champion de R1 <\/a><\/h3>\n\t\t\t\t\t\t\t\t\t\t<div class=\"blog-desc\">\n\t\t\t\t\t\t\t\tDans cette 20e journ\u00e9e de championnat, nos 13 joueuses ont livr\u00e9 un match plein d\u2019abn\u00e9gation face \u00e0 l\u2019Olympique de Marseille, que nous rencontrions pour la seconde fois en deux semaines. Malgr\u00e9 un effectif r\u00e9duit, nous avons tenu le 1-0...\n\t\t\t\t\t\t\t<\/div>\n\t\t\t\t\t\t\t\t\t\t<div class=\"blog-button\"><a href=\"https:\/\/sc-aix.fr\/?post_type=post&#038;p=16202\">En savoir plus<\/a><\/div>\n\t\t\t\t\t\t\t\t<\/div>\n\t\t\t\t\t\t\t<\/div><div class=\"blog-item col-lg-6 col-md-12 style2 \">\n\t\t\t\t\t\t\t\t\t<div class=\"blog-img image-scale\">\n\t\t\t\t\t\t\t\t\t\t<div class=\"image-wrap\"><a href=\"https:\/\/sc-aix.fr\/?post_type=post&p=16117\"> <img loading=\"lazy\" decoding=\"async\" width=\"1200\" height=\"740\" src=\"https:\/\/sc-aix.fr\/wp-content\/uploads\/2026\/03\/om.webp\" class=\"attachment-post-thumbnail size-post-thumbnail wp-post-image\" alt=\"Olympique de Marseille vs SCAF\" srcset=\"https:\/\/sc-aix.fr\/wp-content\/uploads\/2026\/03\/om.webp 1200w, https:\/\/sc-aix.fr\/wp-content\/uploads\/2026\/03\/om-300x185.webp 300w, https:\/\/sc-aix.fr\/wp-content\/uploads\/2026\/03\/om-1024x631.webp 1024w, https:\/\/sc-aix.fr\/wp-content\/uploads\/2026\/03\/om-768x474.webp 768w, https:\/\/sc-aix.fr\/wp-content\/uploads\/2026\/03\/om-255x157.webp 255w, https:\/\/sc-aix.fr\/wp-content\/uploads\/2026\/03\/om-128x79.webp 128w, https:\/\/sc-aix.fr\/wp-content\/uploads\/2026\/03\/om-32x20.webp 32w, https:\/\/sc-aix.fr\/wp-content\/uploads\/2026\/03\/om-600x370.webp 600w\" sizes=\"auto, (max-width: 1200px) 100vw, 1200px\" \/> <\/a><\/div>\n\t\t\t\t\t\t\t\t\t\t<div class=\"all-meta\">\n\t\t\t\t\t\t\t\t\t\t\t<div class=\"meta meta-date\">\n\t\t\t\t\t\t\t\t\t\t<span class=\"month-day\">31<\/span>\n                                        <span class=\"month-name\">Mar<\/span>\n\t\t\t\t\t\t\t\t<\/div>\n\t\t\t\t\t\t\t\t\t \t\t<div class=\"meta author\"><i class=\"glyph-icon flaticon-user-1\"><\/i> <span class=\"author\"> SCAF<\/span><\/div>\n\t\t\t\t\t\t\t\t \t\t<\/div>\n\t\t\t\t\t\t\t\t \t<\/div>\n\t\t\t\t\t\t\t\t<div class=\"bottom-shadow1 blog-meta \">\n\t\t\t\t\t\t\t\t\t\t<h3 class=\"blog-title\"><a href=\"https:\/\/sc-aix.fr\/?post_type=post&p=16117\"> Demi-finale de la Coupe de Provence <\/a><\/h3>\n\t\t\t\t\t\t\t\t\t\t<div class=\"blog-desc\">\n\t\t\t\t\t\t\t\tDeux rendez-vous d\u2019exception nous attendent, mais celui-ci retient tous les regards. En demi-finale de la Coupe de Provence, nous affronterons l\u2019Olympique de Marseille. Un adversaire de prestige, une confrontation attendue face \u00e0 nos voisins. \ud83d\udcc5 Rendez-vous le 12 avril...\n\t\t\t\t\t\t\t<\/div>\n\t\t\t\t\t\t\t\t\t\t<div class=\"blog-button\"><a href=\"https:\/\/sc-aix.fr\/?post_type=post&#038;p=16117\">En savoir plus<\/a><\/div>\n\t\t\t\t\t\t\t\t<\/div>\n\t\t\t\t\t\t\t<\/div><div class=\"blog-item col-lg-6 col-md-12 style2 \">\n\t\t\t\t\t\t\t\t\t<div class=\"blog-img image-scale\">\n\t\t\t\t\t\t\t\t\t\t<div class=\"image-wrap\"><a href=\"https:\/\/sc-aix.fr\/?post_type=post&p=15927\"> <img loading=\"lazy\" decoding=\"async\" width=\"1200\" height=\"740\" src=\"https:\/\/sc-aix.fr\/wp-content\/uploads\/2026\/02\/r1.webp\" class=\"attachment-post-thumbnail size-post-thumbnail wp-post-image\" alt=\"R1 Escates\" srcset=\"https:\/\/sc-aix.fr\/wp-content\/uploads\/2026\/02\/r1.webp 1200w, https:\/\/sc-aix.fr\/wp-content\/uploads\/2026\/02\/r1-300x185.webp 300w, https:\/\/sc-aix.fr\/wp-content\/uploads\/2026\/02\/r1-1024x631.webp 1024w, https:\/\/sc-aix.fr\/wp-content\/uploads\/2026\/02\/r1-768x474.webp 768w, https:\/\/sc-aix.fr\/wp-content\/uploads\/2026\/02\/r1-255x157.webp 255w, https:\/\/sc-aix.fr\/wp-content\/uploads\/2026\/02\/r1-128x79.webp 128w, https:\/\/sc-aix.fr\/wp-content\/uploads\/2026\/02\/r1-32x20.webp 32w, https:\/\/sc-aix.fr\/wp-content\/uploads\/2026\/02\/r1-600x370.webp 600w\" sizes=\"auto, (max-width: 1200px) 100vw, 1200px\" \/> <\/a><\/div>\n\t\t\t\t\t\t\t\t\t\t<div class=\"all-meta\">\n\t\t\t\t\t\t\t\t\t\t\t<div class=\"meta meta-date\">\n\t\t\t\t\t\t\t\t\t\t<span class=\"month-day\">08<\/span>\n                                        <span class=\"month-name\">F\u00e9v<\/span>\n\t\t\t\t\t\t\t\t<\/div>\n\t\t\t\t\t\t\t\t\t \t\t<div class=\"meta author\"><i class=\"glyph-icon flaticon-user-1\"><\/i> <span class=\"author\"> SCAF<\/span><\/div>\n\t\t\t\t\t\t\t\t \t\t<\/div>\n\t\t\t\t\t\t\t\t \t<\/div>\n\t\t\t\t\t\t\t\t<div class=\"bottom-shadow1 blog-meta \">\n\t\t\t\t\t\t\t\t\t\t<h3 class=\"blog-title\"><a href=\"https:\/\/sc-aix.fr\/?post_type=post&p=15927\"> La R1 F\u00e9minine devient R\u00e9gionale 1 Escates : une nouvelle \u00e8re ! <\/a><\/h3>\n\t\t\t\t\t\t\t\t\t\t<div class=\"blog-desc\">\n\t\t\t\t\t\t\t\tGrande nouvelle pour notre championnat : la R1 F\u00e9minine s\u2019appelle d\u00e9sormais R\u00e9gionale 1 Eskates ! Gr\u00e2ce \u00e0 un partenariat avec Eskates, Pixellot et MyCoach, chaque rencontre de notre championnat sera d\u00e9sormais film\u00e9e (live). Concr\u00e8tement, la ligue produira des r\u00e9sum\u00e9s...\n\t\t\t\t\t\t\t<\/div>\n\t\t\t\t\t\t\t\t\t\t<div class=\"blog-button\"><a href=\"https:\/\/sc-aix.fr\/?post_type=post&#038;p=15927\">En savoir plus<\/a><\/div>\n\t\t\t\t\t\t\t\t<\/div>\n\t\t\t\t\t\t\t<\/div><div class=\"blog-item col-lg-6 col-md-12 style2 \">\n\t\t\t\t\t\t\t\t\t<div class=\"blog-img image-scale\">\n\t\t\t\t\t\t\t\t\t\t<div class=\"image-wrap\"><a href=\"https:\/\/sc-aix.fr\/?post_type=post&p=15680\"> <img loading=\"lazy\" decoding=\"async\" width=\"1200\" height=\"740\" src=\"https:\/\/sc-aix.fr\/wp-content\/uploads\/2025\/12\/toulon.webp\" class=\"attachment-post-thumbnail size-post-thumbnail wp-post-image\" alt=\"Equipe SC Aix F\u00e9minin\" srcset=\"https:\/\/sc-aix.fr\/wp-content\/uploads\/2025\/12\/toulon.webp 1200w, https:\/\/sc-aix.fr\/wp-content\/uploads\/2025\/12\/toulon-300x185.webp 300w, https:\/\/sc-aix.fr\/wp-content\/uploads\/2025\/12\/toulon-1024x631.webp 1024w, https:\/\/sc-aix.fr\/wp-content\/uploads\/2025\/12\/toulon-768x474.webp 768w, https:\/\/sc-aix.fr\/wp-content\/uploads\/2025\/12\/toulon-255x157.webp 255w, https:\/\/sc-aix.fr\/wp-content\/uploads\/2025\/12\/toulon-128x79.webp 128w, https:\/\/sc-aix.fr\/wp-content\/uploads\/2025\/12\/toulon-32x20.webp 32w, https:\/\/sc-aix.fr\/wp-content\/uploads\/2025\/12\/toulon-600x370.webp 600w\" sizes=\"auto, (max-width: 1200px) 100vw, 1200px\" \/> <\/a><\/div>\n\t\t\t\t\t\t\t\t\t\t<div class=\"all-meta\">\n\t\t\t\t\t\t\t\t\t\t\t<div class=\"meta meta-date\">\n\t\t\t\t\t\t\t\t\t\t<span class=\"month-day\">01<\/span>\n                                        <span class=\"month-name\">D\u00e9c<\/span>\n\t\t\t\t\t\t\t\t<\/div>\n\t\t\t\t\t\t\t\t\t \t\t<div class=\"meta author\"><i class=\"glyph-icon flaticon-user-1\"><\/i> <span class=\"author\"> SCAF<\/span><\/div>\n\t\t\t\t\t\t\t\t \t\t<\/div>\n\t\t\t\t\t\t\t\t \t<\/div>\n\t\t\t\t\t\t\t\t<div class=\"bottom-shadow1 blog-meta \">\n\t\t\t\t\t\t\t\t\t\t<h3 class=\"blog-title\"><a href=\"https:\/\/sc-aix.fr\/?post_type=post&p=15680\"> Un week-end contrast\u00e9 <\/a><\/h3>\n\t\t\t\t\t\t\t\t\t\t<div class=\"blog-desc\">\n\t\t\t\t\t\t\t\tLe week-end dernier a \u00e9t\u00e9 riche en \u00e9motions pour le Soccer Club Aix-en-Provence F\u00e9minin (SCAF). Samedi, nos plus jeunes joueuses de l\u2019\u00e9cole de foot se sont rendues \u00e0 Rognac, o\u00f9 elles ont brill\u00e9 par de belles performances. Une superbe...\n\t\t\t\t\t\t\t<\/div>\n\t\t\t\t\t\t\t\t\t\t<div class=\"blog-button\"><a href=\"https:\/\/sc-aix.fr\/?post_type=post&#038;p=15680\">En savoir plus<\/a><\/div>\n\t\t\t\t\t\t\t\t<\/div>\n\t\t\t\t\t\t\t<\/div><div class=\"blog-item col-lg-6 col-md-12 style2 \">\n\t\t\t\t\t\t\t\t\t<div class=\"blog-img image-scale\">\n\t\t\t\t\t\t\t\t\t\t<div class=\"image-wrap\"><a href=\"https:\/\/sc-aix.fr\/?post_type=post&p=15436\"> <img loading=\"lazy\" decoding=\"async\" width=\"1200\" height=\"740\" src=\"https:\/\/sc-aix.fr\/wp-content\/uploads\/2025\/11\/senior_r1.jpg\" class=\"attachment-post-thumbnail size-post-thumbnail wp-post-image\" alt=\"Photo R\u00e9gional 1\" srcset=\"https:\/\/sc-aix.fr\/wp-content\/uploads\/2025\/11\/senior_r1.jpg 1200w, https:\/\/sc-aix.fr\/wp-content\/uploads\/2025\/11\/senior_r1-300x185.jpg 300w, https:\/\/sc-aix.fr\/wp-content\/uploads\/2025\/11\/senior_r1-1024x631.jpg 1024w, https:\/\/sc-aix.fr\/wp-content\/uploads\/2025\/11\/senior_r1-768x474.jpg 768w, https:\/\/sc-aix.fr\/wp-content\/uploads\/2025\/11\/senior_r1-255x157.jpg 255w, https:\/\/sc-aix.fr\/wp-content\/uploads\/2025\/11\/senior_r1-128x79.jpg 128w, https:\/\/sc-aix.fr\/wp-content\/uploads\/2025\/11\/senior_r1-32x20.jpg 32w, https:\/\/sc-aix.fr\/wp-content\/uploads\/2025\/11\/senior_r1-600x370.jpg 600w\" sizes=\"auto, (max-width: 1200px) 100vw, 1200px\" \/> <\/a><\/div>\n\t\t\t\t\t\t\t\t\t\t<div class=\"all-meta\">\n\t\t\t\t\t\t\t\t\t\t\t<div class=\"meta meta-date\">\n\t\t\t\t\t\t\t\t\t\t<span class=\"month-day\">12<\/span>\n                                        <span class=\"month-name\">Nov<\/span>\n\t\t\t\t\t\t\t\t<\/div>\n\t\t\t\t\t\t\t\t\t \t\t<div class=\"meta author\"><i class=\"glyph-icon flaticon-user-1\"><\/i> <span class=\"author\"> SCAF<\/span><\/div>\n\t\t\t\t\t\t\t\t \t\t<\/div>\n\t\t\t\t\t\t\t\t \t<\/div>\n\t\t\t\t\t\t\t\t<div class=\"bottom-shadow1 blog-meta \">\n\t\t\t\t\t\t\t\t\t\t<h3 class=\"blog-title\"><a href=\"https:\/\/sc-aix.fr\/?post_type=post&p=15436\"> Des d\u00e9fis mais aussi des promesses <\/a><\/h3>\n\t\t\t\t\t\t\t\t\t\t<div class=\"blog-desc\">\n\t\t\t\t\t\t\t\tCe week-end, nos diff\u00e9rentes \u00e9quipes ont connu des r\u00e9sultats contrast\u00e9s, mais chacun a montr\u00e9 de belles choses \u00e0 retenir pour la suite. Nos U15 ont affront\u00e9 les Pennes-Mirabeau pour leur premier match de championnat et se sont inclin\u00e9es 2-0....\n\t\t\t\t\t\t\t<\/div>\n\t\t\t\t\t\t\t\t\t\t<div class=\"blog-button\"><a href=\"https:\/\/sc-aix.fr\/?post_type=post&#038;p=15436\">En savoir plus<\/a><\/div>\n\t\t\t\t\t\t\t\t<\/div>\n\t\t\t\t\t\t\t<\/div><div class=\"blog-item col-lg-6 col-md-12 style2 \">\n\t\t\t\t\t\t\t\t\t<div class=\"blog-img image-scale\">\n\t\t\t\t\t\t\t\t\t\t<div class=\"image-wrap\"><a href=\"https:\/\/sc-aix.fr\/?post_type=post&p=15415\"> <img loading=\"lazy\" decoding=\"async\" width=\"1200\" height=\"740\" src=\"https:\/\/sc-aix.fr\/wp-content\/uploads\/2025\/11\/avignon.webp\" class=\"attachment-post-thumbnail size-post-thumbnail wp-post-image\" alt=\"SCAF vs AC Avignon\" srcset=\"https:\/\/sc-aix.fr\/wp-content\/uploads\/2025\/11\/avignon.webp 1200w, https:\/\/sc-aix.fr\/wp-content\/uploads\/2025\/11\/avignon-300x185.webp 300w, https:\/\/sc-aix.fr\/wp-content\/uploads\/2025\/11\/avignon-1024x631.webp 1024w, https:\/\/sc-aix.fr\/wp-content\/uploads\/2025\/11\/avignon-768x474.webp 768w, https:\/\/sc-aix.fr\/wp-content\/uploads\/2025\/11\/avignon-255x157.webp 255w, https:\/\/sc-aix.fr\/wp-content\/uploads\/2025\/11\/avignon-128x79.webp 128w, https:\/\/sc-aix.fr\/wp-content\/uploads\/2025\/11\/avignon-32x20.webp 32w, https:\/\/sc-aix.fr\/wp-content\/uploads\/2025\/11\/avignon-600x370.webp 600w\" sizes=\"auto, (max-width: 1200px) 100vw, 1200px\" \/> <\/a><\/div>\n\t\t\t\t\t\t\t\t\t\t<div class=\"all-meta\">\n\t\t\t\t\t\t\t\t\t\t\t<div class=\"meta meta-date\">\n\t\t\t\t\t\t\t\t\t\t<span class=\"month-day\">03<\/span>\n                                        <span class=\"month-name\">Nov<\/span>\n\t\t\t\t\t\t\t\t<\/div>\n\t\t\t\t\t\t\t\t\t \t\t<div class=\"meta author\"><i class=\"glyph-icon flaticon-user-1\"><\/i> <span class=\"author\"> SCAF<\/span><\/div>\n\t\t\t\t\t\t\t\t \t\t<\/div>\n\t\t\t\t\t\t\t\t \t<\/div>\n\t\t\t\t\t\t\t\t<div class=\"bottom-shadow1 blog-meta \">\n\t\t\t\t\t\t\t\t\t\t<h3 class=\"blog-title\"><a href=\"https:\/\/sc-aix.fr\/?post_type=post&p=15415\"> Nos r\u00e9sultats du week-end <\/a><\/h3>\n\t\t\t\t\t\t\t\t\t\t<div class=\"blog-desc\">\n\t\t\t\t\t\t\t\tCe week-end, nos \u00e9quipes ont v\u00e9cu des fortunes diverses sur les terrains. D\u2019abord, notre \u00e9quipe U18, qui recevait le SMUC, s\u2019est malheureusement inclin\u00e9e 2-0 dans un match compliqu\u00e9. Elles ont \u00e9t\u00e9 nettement domin\u00e9es en termes de possession et de...\n\t\t\t\t\t\t\t<\/div>\n\t\t\t\t\t\t\t\t\t\t<div class=\"blog-button\"><a href=\"https:\/\/sc-aix.fr\/?post_type=post&#038;p=15415\">En savoir plus<\/a><\/div>\n\t\t\t\t\t\t\t\t<\/div>\n\t\t\t\t\t\t\t<\/div><\/div><div class=\"pagination-area\"><div class=\"nav-links\"><span aria-label=\"Page 1\" aria-current=\"page\" class=\"page-numbers current\">1<\/span>\n<a aria-label=\"Page 2\" class=\"page-numbers\" href=\"https:\/\/sc-aix.fr\/index.php\/wp-json\/wp\/v2\/pages\/6672\/page\/2\/\">2<\/a>\n<a aria-label=\"Page 3\" class=\"page-numbers\" href=\"https:\/\/sc-aix.fr\/index.php\/wp-json\/wp\/v2\/pages\/6672\/page\/3\/\">3<\/a>\n<span class=\"page-numbers dots\">\u2026<\/span>\n<a aria-label=\"Page 12\" class=\"page-numbers\" href=\"https:\/\/sc-aix.fr\/index.php\/wp-json\/wp\/v2\/pages\/6672\/page\/12\/\">12<\/a>\n<a class=\"next page-numbers\" href=\"https:\/\/sc-aix.fr\/index.php\/wp-json\/wp\/v2\/pages\/6672\/page\/2\/\">Suivant\u00a0\u00bb<\/a><\/div><\/div><\/div>[\/vc_column][\/vc_row]<\/p>\n<\/div>","protected":false},"excerpt":{"rendered":"<p>[vc_row][vc_column css_animation=&#8221;fadeInUp&#8221;][\/vc_column]&#8230;<\/p>\n","protected":false},"author":1,"featured_media":0,"parent":0,"menu_order":0,"comment_status":"closed","ping_status":"closed","template":"","meta":{"rs_blank_template":"","rs_page_bg_color":"","slide_template_v7":"","footnotes":""},"class_list":["post-6672","page","type-page","status-publish","hentry"],"yoast_head":"<!-- This site is optimized with the Yoast SEO plugin v27.4 - https:\/\/yoast.com\/product\/yoast-seo-wordpress\/ -->\n<title>Actualit\u00e9s | Site officiel du Soccer Club Aix-en-Provence F\u00e9minines<\/title>\n<meta name=\"description\" content=\"Page Actualit\u00e9s du club de football f\u00e9minin SCAF fond\u00e9 en 2023 \u00e0 Aix-en-Provence pr\u00e8s de Luynes, Bouc Bel Air, Gardanne et Marseille.\" \/>\n<meta name=\"robots\" content=\"index, follow, max-snippet:-1, max-image-preview:large, max-video-preview:-1\" \/>\n<link rel=\"canonical\" href=\"https:\/\/sc-aix.fr\/index.php\/actualites-scaf\/\" \/>\n<meta property=\"og:locale\" content=\"fr_FR\" \/>\n<meta property=\"og:type\" content=\"article\" \/>\n<meta property=\"og:title\" content=\"Actualit\u00e9s | Site officiel du Soccer Club Aix-en-Provence F\u00e9minines\" \/>\n<meta property=\"og:description\" content=\"Page Actualit\u00e9s du club de football f\u00e9minin SCAF fond\u00e9 en 2023 \u00e0 Aix-en-Provence pr\u00e8s de Luynes, Bouc Bel Air, Gardanne et Marseille.\" \/>\n<meta property=\"og:url\" content=\"https:\/\/sc-aix.fr\/index.php\/actualites-scaf\/\" \/>\n<meta property=\"og:site_name\" content=\"Site officiel du Soccer Club Aix-en-Provence F\u00e9minines\" \/>\n<meta property=\"article:publisher\" content=\"https:\/\/www.facebook.com\/SportingClubAixois\/\" \/>\n<meta property=\"article:modified_time\" content=\"2025-11-28T01:38:54+00:00\" \/>\n<meta property=\"og:image\" content=\"https:\/\/sc-aix.fr\/wp-content\/uploads\/2023\/09\/logo_yoast.jpg\" \/>\n\t<meta property=\"og:image:width\" content=\"1200\" \/>\n\t<meta property=\"og:image:height\" content=\"675\" \/>\n\t<meta property=\"og:image:type\" content=\"image\/jpeg\" \/>\n<script type=\"application\/ld+json\" class=\"yoast-schema-graph\">{\"@context\":\"https:\\\/\\\/schema.org\",\"@graph\":[{\"@type\":\"WebPage\",\"@id\":\"https:\\\/\\\/sc-aix.fr\\\/index.php\\\/actualites-scaf\\\/\",\"url\":\"https:\\\/\\\/sc-aix.fr\\\/index.php\\\/actualites-scaf\\\/\",\"name\":\"Actualit\u00e9s | Site officiel du Soccer Club Aix-en-Provence F\u00e9minines\",\"isPartOf\":{\"@id\":\"https:\\\/\\\/sc-aix.fr\\\/#website\"},\"datePublished\":\"2023-06-07T12:56:10+00:00\",\"dateModified\":\"2025-11-28T01:38:54+00:00\",\"description\":\"Page Actualit\u00e9s du club de football f\u00e9minin SCAF fond\u00e9 en 2023 \u00e0 Aix-en-Provence pr\u00e8s de Luynes, Bouc Bel Air, Gardanne et Marseille.\",\"breadcrumb\":{\"@id\":\"https:\\\/\\\/sc-aix.fr\\\/index.php\\\/actualites-scaf\\\/#breadcrumb\"},\"inLanguage\":\"fr-FR\",\"potentialAction\":[{\"@type\":\"ReadAction\",\"target\":[\"https:\\\/\\\/sc-aix.fr\\\/index.php\\\/actualites-scaf\\\/\"]}]},{\"@type\":\"BreadcrumbList\",\"@id\":\"https:\\\/\\\/sc-aix.fr\\\/index.php\\\/actualites-scaf\\\/#breadcrumb\",\"itemListElement\":[{\"@type\":\"ListItem\",\"position\":1,\"name\":\"Accueil\",\"item\":\"https:\\\/\\\/sc-aix.fr\\\/\"},{\"@type\":\"ListItem\",\"position\":2,\"name\":\"Actualit\u00e9s\"}]},{\"@type\":\"WebSite\",\"@id\":\"https:\\\/\\\/sc-aix.fr\\\/#website\",\"url\":\"https:\\\/\\\/sc-aix.fr\\\/\",\"name\":\"Soccer Club Aix-en-Provence F\u00e9minines\",\"description\":\"Un club de football 100% F\u00e9minin au c\u0153ur d&#039;Aix-en-Provence.\",\"publisher\":{\"@id\":\"https:\\\/\\\/sc-aix.fr\\\/#organization\"},\"alternateName\":\"SCAF\",\"potentialAction\":[{\"@type\":\"SearchAction\",\"target\":{\"@type\":\"EntryPoint\",\"urlTemplate\":\"https:\\\/\\\/sc-aix.fr\\\/?s={search_term_string}\"},\"query-input\":{\"@type\":\"PropertyValueSpecification\",\"valueRequired\":true,\"valueName\":\"search_term_string\"}}],\"inLanguage\":\"fr-FR\"},{\"@type\":\"Organization\",\"@id\":\"https:\\\/\\\/sc-aix.fr\\\/#organization\",\"name\":\"Soccer Club Aix-en-Provence F\u00e9minines\",\"alternateName\":\"SCAF\",\"url\":\"https:\\\/\\\/sc-aix.fr\\\/\",\"logo\":{\"@type\":\"ImageObject\",\"inLanguage\":\"fr-FR\",\"@id\":\"https:\\\/\\\/sc-aix.fr\\\/#\\\/schema\\\/logo\\\/image\\\/\",\"url\":\"https:\\\/\\\/sc-aix.fr\\\/wp-content\\\/uploads\\\/2023\\\/03\\\/logo_aix_260x260.png\",\"contentUrl\":\"https:\\\/\\\/sc-aix.fr\\\/wp-content\\\/uploads\\\/2023\\\/03\\\/logo_aix_260x260.png\",\"width\":260,\"height\":260,\"caption\":\"Soccer Club Aix-en-Provence F\u00e9minines\"},\"image\":{\"@id\":\"https:\\\/\\\/sc-aix.fr\\\/#\\\/schema\\\/logo\\\/image\\\/\"},\"sameAs\":[\"https:\\\/\\\/www.facebook.com\\\/SportingClubAixois\\\/\",\"https:\\\/\\\/www.instagram.com\\\/scaixf\\\/\",\"https:\\\/\\\/www.youtube.com\\\/@SportingClubAix\",\"https:\\\/\\\/www.tiktok.com\\\/@scaixf\"]}]}<\/script>\n<!-- \/ Yoast SEO plugin. -->","yoast_head_json":{"title":"Actualit\u00e9s | Site officiel du Soccer Club Aix-en-Provence F\u00e9minines","description":"Page Actualit\u00e9s du club de football f\u00e9minin SCAF fond\u00e9 en 2023 \u00e0 Aix-en-Provence pr\u00e8s de Luynes, Bouc Bel Air, Gardanne et Marseille.","robots":{"index":"index","follow":"follow","max-snippet":"max-snippet:-1","max-image-preview":"max-image-preview:large","max-video-preview":"max-video-preview:-1"},"canonical":"https:\/\/sc-aix.fr\/index.php\/actualites-scaf\/","og_locale":"fr_FR","og_type":"article","og_title":"Actualit\u00e9s | Site officiel du Soccer Club Aix-en-Provence F\u00e9minines","og_description":"Page Actualit\u00e9s du club de football f\u00e9minin SCAF fond\u00e9 en 2023 \u00e0 Aix-en-Provence pr\u00e8s de Luynes, Bouc Bel Air, Gardanne et Marseille.","og_url":"https:\/\/sc-aix.fr\/index.php\/actualites-scaf\/","og_site_name":"Site officiel du Soccer Club Aix-en-Provence F\u00e9minines","article_publisher":"https:\/\/www.facebook.com\/SportingClubAixois\/","article_modified_time":"2025-11-28T01:38:54+00:00","og_image":[{"width":1200,"height":675,"url":"https:\/\/sc-aix.fr\/wp-content\/uploads\/2023\/09\/logo_yoast.jpg","type":"image\/jpeg"}],"schema":{"@context":"https:\/\/schema.org","@graph":[{"@type":"WebPage","@id":"https:\/\/sc-aix.fr\/index.php\/actualites-scaf\/","url":"https:\/\/sc-aix.fr\/index.php\/actualites-scaf\/","name":"Actualit\u00e9s | Site officiel du Soccer Club Aix-en-Provence F\u00e9minines","isPartOf":{"@id":"https:\/\/sc-aix.fr\/#website"},"datePublished":"2023-06-07T12:56:10+00:00","dateModified":"2025-11-28T01:38:54+00:00","description":"Page Actualit\u00e9s du club de football f\u00e9minin SCAF fond\u00e9 en 2023 \u00e0 Aix-en-Provence pr\u00e8s de Luynes, Bouc Bel Air, Gardanne et Marseille.","breadcrumb":{"@id":"https:\/\/sc-aix.fr\/index.php\/actualites-scaf\/#breadcrumb"},"inLanguage":"fr-FR","potentialAction":[{"@type":"ReadAction","target":["https:\/\/sc-aix.fr\/index.php\/actualites-scaf\/"]}]},{"@type":"BreadcrumbList","@id":"https:\/\/sc-aix.fr\/index.php\/actualites-scaf\/#breadcrumb","itemListElement":[{"@type":"ListItem","position":1,"name":"Accueil","item":"https:\/\/sc-aix.fr\/"},{"@type":"ListItem","position":2,"name":"Actualit\u00e9s"}]},{"@type":"WebSite","@id":"https:\/\/sc-aix.fr\/#website","url":"https:\/\/sc-aix.fr\/","name":"Soccer Club Aix-en-Provence F\u00e9minines","description":"Un club de football 100% F\u00e9minin au c\u0153ur d&#039;Aix-en-Provence.","publisher":{"@id":"https:\/\/sc-aix.fr\/#organization"},"alternateName":"SCAF","potentialAction":[{"@type":"SearchAction","target":{"@type":"EntryPoint","urlTemplate":"https:\/\/sc-aix.fr\/?s={search_term_string}"},"query-input":{"@type":"PropertyValueSpecification","valueRequired":true,"valueName":"search_term_string"}}],"inLanguage":"fr-FR"},{"@type":"Organization","@id":"https:\/\/sc-aix.fr\/#organization","name":"Soccer Club Aix-en-Provence F\u00e9minines","alternateName":"SCAF","url":"https:\/\/sc-aix.fr\/","logo":{"@type":"ImageObject","inLanguage":"fr-FR","@id":"https:\/\/sc-aix.fr\/#\/schema\/logo\/image\/","url":"https:\/\/sc-aix.fr\/wp-content\/uploads\/2023\/03\/logo_aix_260x260.png","contentUrl":"https:\/\/sc-aix.fr\/wp-content\/uploads\/2023\/03\/logo_aix_260x260.png","width":260,"height":260,"caption":"Soccer Club Aix-en-Provence F\u00e9minines"},"image":{"@id":"https:\/\/sc-aix.fr\/#\/schema\/logo\/image\/"},"sameAs":["https:\/\/www.facebook.com\/SportingClubAixois\/","https:\/\/www.instagram.com\/scaixf\/","https:\/\/www.youtube.com\/@SportingClubAix","https:\/\/www.tiktok.com\/@scaixf"]}]}},"_links":{"self":[{"href":"https:\/\/sc-aix.fr\/index.php\/wp-json\/wp\/v2\/pages\/6672","targetHints":{"allow":["GET"]}}],"collection":[{"href":"https:\/\/sc-aix.fr\/index.php\/wp-json\/wp\/v2\/pages"}],"about":[{"href":"https:\/\/sc-aix.fr\/index.php\/wp-json\/wp\/v2\/types\/page"}],"author":[{"embeddable":true,"href":"https:\/\/sc-aix.fr\/index.php\/wp-json\/wp\/v2\/users\/1"}],"replies":[{"embeddable":true,"href":"https:\/\/sc-aix.fr\/index.php\/wp-json\/wp\/v2\/comments?post=6672"}],"version-history":[{"count":0,"href":"https:\/\/sc-aix.fr\/index.php\/wp-json\/wp\/v2\/pages\/6672\/revisions"}],"wp:attachment":[{"href":"https:\/\/sc-aix.fr\/index.php\/wp-json\/wp\/v2\/media?parent=6672"}],"curies":[{"name":"wp","href":"https:\/\/api.w.org\/{rel}","templated":true}]}}