{"id":6734,"date":"2023-06-09T02:31:38","date_gmt":"2023-06-09T00:31:38","guid":{"rendered":"https:\/\/sc-aix.fr\/?page_id=6734"},"modified":"2025-11-28T02:40:52","modified_gmt":"2025-11-28T01:40:52","slug":"actualites-academie","status":"publish","type":"page","link":"https:\/\/sc-aix.fr\/index.php\/actualites-academie\/","title":{"rendered":"Actualit\u00e9s"},"content":{"rendered":"<div class=\"wpb-content-wrapper\"><p>[vc_row][vc_column css_animation=&#8221;fadeInUp&#8221;]<div class=\"rs-blog-grid rs-blog \">\n\t\t\t\t\t<div class=\"row\"><div class=\"blog-item col-lg-6 col-md-12 style2 \">\n\t\t\t\t\t\t\t\t\t<div class=\"blog-img image-scale\">\n\t\t\t\t\t\t\t\t\t\t<div class=\"image-wrap\"><a href=\"https:\/\/sc-aix.fr\/?post_type=post&p=15956\"> <img loading=\"lazy\" decoding=\"async\" width=\"1200\" height=\"740\" src=\"https:\/\/sc-aix.fr\/wp-content\/uploads\/2026\/02\/haier.webp\" class=\"attachment-post-thumbnail size-post-thumbnail wp-post-image\" alt=\"Haier Solutions\" srcset=\"https:\/\/sc-aix.fr\/wp-content\/uploads\/2026\/02\/haier.webp 1200w, https:\/\/sc-aix.fr\/wp-content\/uploads\/2026\/02\/haier-300x185.webp 300w, https:\/\/sc-aix.fr\/wp-content\/uploads\/2026\/02\/haier-1024x631.webp 1024w, https:\/\/sc-aix.fr\/wp-content\/uploads\/2026\/02\/haier-768x474.webp 768w, https:\/\/sc-aix.fr\/wp-content\/uploads\/2026\/02\/haier-255x157.webp 255w, https:\/\/sc-aix.fr\/wp-content\/uploads\/2026\/02\/haier-128x79.webp 128w, https:\/\/sc-aix.fr\/wp-content\/uploads\/2026\/02\/haier-32x20.webp 32w, https:\/\/sc-aix.fr\/wp-content\/uploads\/2026\/02\/haier-600x370.webp 600w\" sizes=\"auto, (max-width: 1200px) 100vw, 1200px\" \/> <\/a><\/div>\n\t\t\t\t\t\t\t\t\t\t<div class=\"all-meta\">\n\t\t\t\t\t\t\t\t\t\t\t<div class=\"meta meta-date\">\n\t\t\t\t\t\t\t\t\t\t<span class=\"month-day\">12<\/span>\n                                        <span class=\"month-name\">F\u00e9v<\/span>\n\t\t\t\t\t\t\t\t<\/div>\n\t\t\t\t\t\t\t\t\t \t\t<div class=\"meta author\"><i class=\"glyph-icon flaticon-user-1\"><\/i> <span class=\"author\"> SCAF<\/span><\/div>\n\t\t\t\t\t\t\t\t \t\t<\/div>\n\t\t\t\t\t\t\t\t \t<\/div>\n\t\t\t\t\t\t\t\t<div class=\"bottom-shadow1 blog-meta \">\n\t\t\t\t\t\t\t\t\t\t<h3 class=\"blog-title\"><a href=\"https:\/\/sc-aix.fr\/?post_type=post&p=15956\"> Une rencontre de prestige avec Haier : nos jeunes \u00e0 l\u2019honneur ! <\/a><\/h3>\n\t\t\t\t\t\t\t\t\t\t<div class=\"blog-desc\">\n\t\t\t\t\t\t\t\tMardi 10 f\u00e9vrier, nos jeunes ont eu l\u2019immense plaisir d\u2019accueillir l\u2019un de nos partenaires majeurs : Haier. \u00c9quip\u00e9s de leurs maillots officiels, nos jeunes joueuses ont immortalis\u00e9 ce moment avec les repr\u00e9sentants de Haier, venus sp\u00e9cialement pour nous. Cette...\n\t\t\t\t\t\t\t<\/div>\n\t\t\t\t\t\t\t\t\t\t<div class=\"blog-button\"><a href=\"https:\/\/sc-aix.fr\/?post_type=post&#038;p=15956\">En savoir plus<\/a><\/div>\n\t\t\t\t\t\t\t\t<\/div>\n\t\t\t\t\t\t\t<\/div><div class=\"blog-item col-lg-6 col-md-12 style2 \">\n\t\t\t\t\t\t\t\t\t<div class=\"blog-img image-scale\">\n\t\t\t\t\t\t\t\t\t\t<div class=\"image-wrap\"><a href=\"https:\/\/sc-aix.fr\/?post_type=post&p=15928\"> <img loading=\"lazy\" decoding=\"async\" width=\"1200\" height=\"740\" src=\"https:\/\/sc-aix.fr\/wp-content\/uploads\/2026\/02\/stage.webp\" class=\"attachment-post-thumbnail size-post-thumbnail wp-post-image\" alt=\"Stade de f\u00e9vrier\" srcset=\"https:\/\/sc-aix.fr\/wp-content\/uploads\/2026\/02\/stage.webp 1200w, https:\/\/sc-aix.fr\/wp-content\/uploads\/2026\/02\/stage-300x185.webp 300w, https:\/\/sc-aix.fr\/wp-content\/uploads\/2026\/02\/stage-1024x631.webp 1024w, https:\/\/sc-aix.fr\/wp-content\/uploads\/2026\/02\/stage-768x474.webp 768w, https:\/\/sc-aix.fr\/wp-content\/uploads\/2026\/02\/stage-255x157.webp 255w, https:\/\/sc-aix.fr\/wp-content\/uploads\/2026\/02\/stage-128x79.webp 128w, https:\/\/sc-aix.fr\/wp-content\/uploads\/2026\/02\/stage-32x20.webp 32w, https:\/\/sc-aix.fr\/wp-content\/uploads\/2026\/02\/stage-600x370.webp 600w\" sizes=\"auto, (max-width: 1200px) 100vw, 1200px\" \/> <\/a><\/div>\n\t\t\t\t\t\t\t\t\t\t<div class=\"all-meta\">\n\t\t\t\t\t\t\t\t\t\t\t<div class=\"meta meta-date\">\n\t\t\t\t\t\t\t\t\t\t<span class=\"month-day\">10<\/span>\n                                        <span class=\"month-name\">F\u00e9v<\/span>\n\t\t\t\t\t\t\t\t<\/div>\n\t\t\t\t\t\t\t\t\t \t\t<div class=\"meta author\"><i class=\"glyph-icon flaticon-user-1\"><\/i> <span class=\"author\"> SCAF<\/span><\/div>\n\t\t\t\t\t\t\t\t \t\t<\/div>\n\t\t\t\t\t\t\t\t \t<\/div>\n\t\t\t\t\t\t\t\t<div class=\"bottom-shadow1 blog-meta \">\n\t\t\t\t\t\t\t\t\t\t<h3 class=\"blog-title\"><a href=\"https:\/\/sc-aix.fr\/?post_type=post&p=15928\"> Stage de football du 16 au 20 : places limit\u00e9es ! <\/a><\/h3>\n\t\t\t\t\t\t\t\t\t\t<div class=\"blog-desc\">\n\t\t\t\t\t\t\t\tNous organisons un stage de football unique du lundi 16 au vendredi 20, pens\u00e9 pour un groupe ultra-r\u00e9duit de 12 personnes maximum. L\u2019accent est mis sur un entra\u00eenement individualis\u00e9, avec des s\u00e9ances film\u00e9es tout au long de la semaine....\n\t\t\t\t\t\t\t<\/div>\n\t\t\t\t\t\t\t\t\t\t<div class=\"blog-button\"><a href=\"https:\/\/sc-aix.fr\/?post_type=post&#038;p=15928\">En savoir plus<\/a><\/div>\n\t\t\t\t\t\t\t\t<\/div>\n\t\t\t\t\t\t\t<\/div><div class=\"blog-item col-lg-6 col-md-12 style2 \">\n\t\t\t\t\t\t\t\t\t<div class=\"blog-img image-scale\">\n\t\t\t\t\t\t\t\t\t\t<div class=\"image-wrap\"><a href=\"https:\/\/sc-aix.fr\/?post_type=post&p=15944\"> <img loading=\"lazy\" decoding=\"async\" width=\"1200\" height=\"740\" src=\"https:\/\/sc-aix.fr\/wp-content\/uploads\/2026\/02\/u18.webp\" class=\"attachment-post-thumbnail size-post-thumbnail wp-post-image\" alt=\"U18\" srcset=\"https:\/\/sc-aix.fr\/wp-content\/uploads\/2026\/02\/u18.webp 1200w, https:\/\/sc-aix.fr\/wp-content\/uploads\/2026\/02\/u18-300x185.webp 300w, https:\/\/sc-aix.fr\/wp-content\/uploads\/2026\/02\/u18-1024x631.webp 1024w, https:\/\/sc-aix.fr\/wp-content\/uploads\/2026\/02\/u18-768x474.webp 768w, https:\/\/sc-aix.fr\/wp-content\/uploads\/2026\/02\/u18-255x157.webp 255w, https:\/\/sc-aix.fr\/wp-content\/uploads\/2026\/02\/u18-128x79.webp 128w, https:\/\/sc-aix.fr\/wp-content\/uploads\/2026\/02\/u18-32x20.webp 32w, https:\/\/sc-aix.fr\/wp-content\/uploads\/2026\/02\/u18-600x370.webp 600w\" sizes=\"auto, (max-width: 1200px) 100vw, 1200px\" \/> <\/a><\/div>\n\t\t\t\t\t\t\t\t\t\t<div class=\"all-meta\">\n\t\t\t\t\t\t\t\t\t\t\t<div class=\"meta meta-date\">\n\t\t\t\t\t\t\t\t\t\t<span class=\"month-day\">09<\/span>\n                                        <span class=\"month-name\">F\u00e9v<\/span>\n\t\t\t\t\t\t\t\t<\/div>\n\t\t\t\t\t\t\t\t\t \t\t<div class=\"meta author\"><i class=\"glyph-icon flaticon-user-1\"><\/i> <span class=\"author\"> SCAF<\/span><\/div>\n\t\t\t\t\t\t\t\t \t\t<\/div>\n\t\t\t\t\t\t\t\t \t<\/div>\n\t\t\t\t\t\t\t\t<div class=\"bottom-shadow1 blog-meta \">\n\t\t\t\t\t\t\t\t\t\t<h3 class=\"blog-title\"><a href=\"https:\/\/sc-aix.fr\/?post_type=post&p=15944\"> Les U18 encha\u00eenent avec brio et se rapprochent de la t\u00eate ! <\/a><\/h3>\n\t\t\t\t\t\t\t\t\t\t<div class=\"blog-desc\">\n\t\t\t\t\t\t\t\tNos U18 continuent sur leur lanc\u00e9e : apr\u00e8s avoir battu Plan-de-Cuques et pris la deuxi\u00e8me place, elles viennent de s\u2019imposer 4-0 contre le SMUC. Sur un terrain petit, elles ont fait preuve de caract\u00e8re. Apr\u00e8s plusieurs occasions en premi\u00e8re...\n\t\t\t\t\t\t\t<\/div>\n\t\t\t\t\t\t\t\t\t\t<div class=\"blog-button\"><a href=\"https:\/\/sc-aix.fr\/?post_type=post&#038;p=15944\">En savoir plus<\/a><\/div>\n\t\t\t\t\t\t\t\t<\/div>\n\t\t\t\t\t\t\t<\/div><div class=\"blog-item col-lg-6 col-md-12 style2 \">\n\t\t\t\t\t\t\t\t\t<div class=\"blog-img image-scale\">\n\t\t\t\t\t\t\t\t\t\t<div class=\"image-wrap\"><a href=\"https:\/\/sc-aix.fr\/?post_type=post&p=15159\"> <img loading=\"lazy\" decoding=\"async\" width=\"1200\" height=\"740\" src=\"https:\/\/sc-aix.fr\/wp-content\/uploads\/2025\/08\/r1-calendrier-futsal.webp\" class=\"attachment-post-thumbnail size-post-thumbnail wp-post-image\" alt=\"Calendrier Futsal R\u00e9gional 1\" srcset=\"https:\/\/sc-aix.fr\/wp-content\/uploads\/2025\/08\/r1-calendrier-futsal.webp 1200w, https:\/\/sc-aix.fr\/wp-content\/uploads\/2025\/08\/r1-calendrier-futsal-300x185.webp 300w, https:\/\/sc-aix.fr\/wp-content\/uploads\/2025\/08\/r1-calendrier-futsal-1024x631.webp 1024w, https:\/\/sc-aix.fr\/wp-content\/uploads\/2025\/08\/r1-calendrier-futsal-768x474.webp 768w, https:\/\/sc-aix.fr\/wp-content\/uploads\/2025\/08\/r1-calendrier-futsal-255x157.webp 255w, https:\/\/sc-aix.fr\/wp-content\/uploads\/2025\/08\/r1-calendrier-futsal-128x79.webp 128w, https:\/\/sc-aix.fr\/wp-content\/uploads\/2025\/08\/r1-calendrier-futsal-32x20.webp 32w, https:\/\/sc-aix.fr\/wp-content\/uploads\/2025\/08\/r1-calendrier-futsal-600x370.webp 600w\" sizes=\"auto, (max-width: 1200px) 100vw, 1200px\" \/> <\/a><\/div>\n\t\t\t\t\t\t\t\t\t\t<div class=\"all-meta\">\n\t\t\t\t\t\t\t\t\t\t\t<div class=\"meta meta-date\">\n\t\t\t\t\t\t\t\t\t\t<span class=\"month-day\">12<\/span>\n                                        <span class=\"month-name\">Ao\u00fbt<\/span>\n\t\t\t\t\t\t\t\t<\/div>\n\t\t\t\t\t\t\t\t\t \t\t<div class=\"meta author\"><i class=\"glyph-icon flaticon-user-1\"><\/i> <span class=\"author\"> SCAF<\/span><\/div>\n\t\t\t\t\t\t\t\t \t\t<\/div>\n\t\t\t\t\t\t\t\t \t<\/div>\n\t\t\t\t\t\t\t\t<div class=\"bottom-shadow1 blog-meta \">\n\t\t\t\t\t\t\t\t\t\t<h3 class=\"blog-title\"><a href=\"https:\/\/sc-aix.fr\/?post_type=post&p=15159\"> Calendrier disponible Futsal R1 2025\/2026 <\/a><\/h3>\n\t\t\t\t\t\t\t\t\t\t<div class=\"blog-desc\">\n\t\t\t\t\t\t\t\tLe calendrier officiel de notre \u00e9quipe futsal est d\u00e9sormais disponible ! Retrouvez l\u2019int\u00e9gralit\u00e9 des journ\u00e9es, dates et d\u00e9placements directement sur notre site, ainsi que sur la page officielle de la Ligue M\u00e9diterran\u00e9e (futsal R1). Restez connect\u00e9s pour suivre l\u2019\u00e9volution...\n\t\t\t\t\t\t\t<\/div>\n\t\t\t\t\t\t\t\t\t\t<div class=\"blog-button\"><a href=\"https:\/\/sc-aix.fr\/?post_type=post&#038;p=15159\">En savoir plus<\/a><\/div>\n\t\t\t\t\t\t\t\t<\/div>\n\t\t\t\t\t\t\t<\/div><div class=\"blog-item col-lg-6 col-md-12 style2 \">\n\t\t\t\t\t\t\t\t\t<div class=\"blog-img image-scale\">\n\t\t\t\t\t\t\t\t\t\t<div class=\"image-wrap\"><a href=\"https:\/\/sc-aix.fr\/?post_type=post&p=14967\"> <img loading=\"lazy\" decoding=\"async\" width=\"1200\" height=\"740\" src=\"https:\/\/sc-aix.fr\/wp-content\/uploads\/2025\/07\/kellya_article.webp\" class=\"attachment-post-thumbnail size-post-thumbnail wp-post-image\" alt=\"Article Kellya\" srcset=\"https:\/\/sc-aix.fr\/wp-content\/uploads\/2025\/07\/kellya_article.webp 1200w, https:\/\/sc-aix.fr\/wp-content\/uploads\/2025\/07\/kellya_article-300x185.webp 300w, https:\/\/sc-aix.fr\/wp-content\/uploads\/2025\/07\/kellya_article-1024x631.webp 1024w, https:\/\/sc-aix.fr\/wp-content\/uploads\/2025\/07\/kellya_article-768x474.webp 768w, https:\/\/sc-aix.fr\/wp-content\/uploads\/2025\/07\/kellya_article-255x157.webp 255w, https:\/\/sc-aix.fr\/wp-content\/uploads\/2025\/07\/kellya_article-128x79.webp 128w, https:\/\/sc-aix.fr\/wp-content\/uploads\/2025\/07\/kellya_article-32x20.webp 32w, https:\/\/sc-aix.fr\/wp-content\/uploads\/2025\/07\/kellya_article-600x370.webp 600w\" sizes=\"auto, (max-width: 1200px) 100vw, 1200px\" \/> <\/a><\/div>\n\t\t\t\t\t\t\t\t\t\t<div class=\"all-meta\">\n\t\t\t\t\t\t\t\t\t\t\t<div class=\"meta meta-date\">\n\t\t\t\t\t\t\t\t\t\t<span class=\"month-day\">01<\/span>\n                                        <span class=\"month-name\">Ao\u00fbt<\/span>\n\t\t\t\t\t\t\t\t<\/div>\n\t\t\t\t\t\t\t\t\t \t\t<div class=\"meta author\"><i class=\"glyph-icon flaticon-user-1\"><\/i> <span class=\"author\"> SCAF<\/span><\/div>\n\t\t\t\t\t\t\t\t \t\t<\/div>\n\t\t\t\t\t\t\t\t \t<\/div>\n\t\t\t\t\t\t\t\t<div class=\"bottom-shadow1 blog-meta \">\n\t\t\t\t\t\t\t\t\t\t<h3 class=\"blog-title\"><a href=\"https:\/\/sc-aix.fr\/?post_type=post&p=14967\"> Kellya mise \u00e0 l&#8217;honneur par TOGO Football F\u00e9minin INFOS ! <\/a><\/h3>\n\t\t\t\t\t\t\t\t\t\t<div class=\"blog-desc\">\n\t\t\t\t\t\t\t\tLe Soccer Club Aix-en-Provence F\u00e9minines est fier de mettre en lumi\u00e8re Kellya, jeune d\u00e9fenseure centrale franco-togolaise de 15 ans, r\u00e9cemment mise \u00e0 l\u2019honneur par la page TOGO Football F\u00e9minin INFOS dans un bel article d\u00e9di\u00e9 \u00e0 son parcours prometteur....\n\t\t\t\t\t\t\t<\/div>\n\t\t\t\t\t\t\t\t\t\t<div class=\"blog-button\"><a href=\"https:\/\/sc-aix.fr\/?post_type=post&#038;p=14967\">En savoir plus<\/a><\/div>\n\t\t\t\t\t\t\t\t<\/div>\n\t\t\t\t\t\t\t<\/div><div class=\"blog-item col-lg-6 col-md-12 style2 \">\n\t\t\t\t\t\t\t\t\t<div class=\"blog-img image-scale\">\n\t\t\t\t\t\t\t\t\t\t<div class=\"image-wrap\"><a href=\"https:\/\/sc-aix.fr\/?post_type=post&p=14551\"> <img loading=\"lazy\" decoding=\"async\" width=\"1200\" height=\"740\" src=\"https:\/\/sc-aix.fr\/wp-content\/uploads\/2025\/07\/article_training-camp.jpg\" class=\"attachment-post-thumbnail size-post-thumbnail wp-post-image\" alt=\"Article Training Camp\" srcset=\"https:\/\/sc-aix.fr\/wp-content\/uploads\/2025\/07\/article_training-camp.jpg 1200w, https:\/\/sc-aix.fr\/wp-content\/uploads\/2025\/07\/article_training-camp-300x185.jpg 300w, https:\/\/sc-aix.fr\/wp-content\/uploads\/2025\/07\/article_training-camp-1024x631.jpg 1024w, https:\/\/sc-aix.fr\/wp-content\/uploads\/2025\/07\/article_training-camp-768x474.jpg 768w, https:\/\/sc-aix.fr\/wp-content\/uploads\/2025\/07\/article_training-camp-255x157.jpg 255w, https:\/\/sc-aix.fr\/wp-content\/uploads\/2025\/07\/article_training-camp-128x79.jpg 128w, https:\/\/sc-aix.fr\/wp-content\/uploads\/2025\/07\/article_training-camp-32x20.jpg 32w, https:\/\/sc-aix.fr\/wp-content\/uploads\/2025\/07\/article_training-camp-600x370.jpg 600w\" sizes=\"auto, (max-width: 1200px) 100vw, 1200px\" \/> <\/a><\/div>\n\t\t\t\t\t\t\t\t\t\t<div class=\"all-meta\">\n\t\t\t\t\t\t\t\t\t\t\t<div class=\"meta meta-date\">\n\t\t\t\t\t\t\t\t\t\t<span class=\"month-day\">10<\/span>\n                                        <span class=\"month-name\">Juil<\/span>\n\t\t\t\t\t\t\t\t<\/div>\n\t\t\t\t\t\t\t\t\t \t\t<div class=\"meta author\"><i class=\"glyph-icon flaticon-user-1\"><\/i> <span class=\"author\"> SCAF<\/span><\/div>\n\t\t\t\t\t\t\t\t \t\t<\/div>\n\t\t\t\t\t\t\t\t \t<\/div>\n\t\t\t\t\t\t\t\t<div class=\"bottom-shadow1 blog-meta \">\n\t\t\t\t\t\t\t\t\t\t<h3 class=\"blog-title\"><a href=\"https:\/\/sc-aix.fr\/?post_type=post&p=14551\"> Training Camp <\/a><\/h3>\n\t\t\t\t\t\t\t\t\t\t<div class=\"blog-desc\">\n\t\t\t\t\t\t\t\tLe Soccer Club Aix-en-Provence F\u00e9minines lance son Training Camp, un programme estival exclusif destin\u00e9 \u00e0 un petit groupe de joueuses (entre 3 et 5 maximum) souhaitant se perfectionner individuellement durant l\u2019intersaison. Con\u00e7u pour offrir un accompagnement sur-mesure, ce stage...\n\t\t\t\t\t\t\t<\/div>\n\t\t\t\t\t\t\t\t\t\t<div class=\"blog-button\"><a href=\"https:\/\/sc-aix.fr\/?post_type=post&#038;p=14551\">En savoir plus<\/a><\/div>\n\t\t\t\t\t\t\t\t<\/div>\n\t\t\t\t\t\t\t<\/div><\/div><div class=\"pagination-area\"><div class=\"nav-links\"><span aria-label=\"Page 1\" aria-current=\"page\" class=\"page-numbers current\">1<\/span>\n<a aria-label=\"Page 2\" class=\"page-numbers\" href=\"https:\/\/sc-aix.fr\/index.php\/wp-json\/wp\/v2\/pages\/6734\/page\/2\/\">2<\/a>\n<a aria-label=\"Page 3\" class=\"page-numbers\" href=\"https:\/\/sc-aix.fr\/index.php\/wp-json\/wp\/v2\/pages\/6734\/page\/3\/\">3<\/a>\n<span class=\"page-numbers dots\">\u2026<\/span>\n<a aria-label=\"Page 9\" class=\"page-numbers\" href=\"https:\/\/sc-aix.fr\/index.php\/wp-json\/wp\/v2\/pages\/6734\/page\/9\/\">9<\/a>\n<a class=\"next page-numbers\" href=\"https:\/\/sc-aix.fr\/index.php\/wp-json\/wp\/v2\/pages\/6734\/page\/2\/\">Suivant\u00a0\u00bb<\/a><\/div><\/div><\/div>[\/vc_column][\/vc_row]<\/p>\n<\/div>","protected":false},"excerpt":{"rendered":"<p>[vc_row][vc_column css_animation=&#8221;fadeInUp&#8221;][\/vc_column]&#8230;<\/p>\n","protected":false},"author":1,"featured_media":0,"parent":0,"menu_order":0,"comment_status":"closed","ping_status":"closed","template":"","meta":{"rs_blank_template":"","rs_page_bg_color":"","slide_template_v7":"","footnotes":""},"class_list":["post-6734","page","type-page","status-publish","hentry"],"yoast_head":"<!-- This site is optimized with the Yoast SEO plugin v27.4 - https:\/\/yoast.com\/product\/yoast-seo-wordpress\/ -->\n<title>Actualit\u00e9s | Site officiel du Soccer Club Aix-en-Provence F\u00e9minines<\/title>\n<meta name=\"description\" content=\"Page actualit\u00e9s du club de football f\u00e9minin SCAF fond\u00e9 en 2023 \u00e0 Aix-en-Provence pr\u00e8s de Luynes, Bouc Bel Air, Gardanne et Marseille.\" \/>\n<meta name=\"robots\" content=\"index, follow, max-snippet:-1, max-image-preview:large, max-video-preview:-1\" \/>\n<link rel=\"canonical\" href=\"https:\/\/sc-aix.fr\/index.php\/actualites-academie\/\" \/>\n<meta property=\"og:locale\" content=\"fr_FR\" \/>\n<meta property=\"og:type\" content=\"article\" \/>\n<meta property=\"og:title\" content=\"Actualit\u00e9s | Site officiel du Soccer Club Aix-en-Provence F\u00e9minines\" \/>\n<meta property=\"og:description\" content=\"Page actualit\u00e9s du club de football f\u00e9minin SCAF fond\u00e9 en 2023 \u00e0 Aix-en-Provence pr\u00e8s de Luynes, Bouc Bel Air, Gardanne et Marseille.\" \/>\n<meta property=\"og:url\" content=\"https:\/\/sc-aix.fr\/index.php\/actualites-academie\/\" \/>\n<meta property=\"og:site_name\" content=\"Site officiel du Soccer Club Aix-en-Provence F\u00e9minines\" \/>\n<meta property=\"article:publisher\" content=\"https:\/\/www.facebook.com\/SportingClubAixois\/\" \/>\n<meta property=\"article:modified_time\" content=\"2025-11-28T01:40:52+00:00\" \/>\n<meta property=\"og:image\" content=\"https:\/\/sc-aix.fr\/wp-content\/uploads\/2023\/09\/logo_yoast.jpg\" \/>\n\t<meta property=\"og:image:width\" content=\"1200\" \/>\n\t<meta property=\"og:image:height\" content=\"675\" \/>\n\t<meta property=\"og:image:type\" content=\"image\/jpeg\" \/>\n<script type=\"application\/ld+json\" class=\"yoast-schema-graph\">{\"@context\":\"https:\\\/\\\/schema.org\",\"@graph\":[{\"@type\":\"WebPage\",\"@id\":\"https:\\\/\\\/sc-aix.fr\\\/index.php\\\/actualites-academie\\\/\",\"url\":\"https:\\\/\\\/sc-aix.fr\\\/index.php\\\/actualites-academie\\\/\",\"name\":\"Actualit\u00e9s | Site officiel du Soccer Club Aix-en-Provence F\u00e9minines\",\"isPartOf\":{\"@id\":\"https:\\\/\\\/sc-aix.fr\\\/#website\"},\"datePublished\":\"2023-06-09T00:31:38+00:00\",\"dateModified\":\"2025-11-28T01:40:52+00:00\",\"description\":\"Page actualit\u00e9s du club de football f\u00e9minin SCAF fond\u00e9 en 2023 \u00e0 Aix-en-Provence pr\u00e8s de Luynes, Bouc Bel Air, Gardanne et Marseille.\",\"breadcrumb\":{\"@id\":\"https:\\\/\\\/sc-aix.fr\\\/index.php\\\/actualites-academie\\\/#breadcrumb\"},\"inLanguage\":\"fr-FR\",\"potentialAction\":[{\"@type\":\"ReadAction\",\"target\":[\"https:\\\/\\\/sc-aix.fr\\\/index.php\\\/actualites-academie\\\/\"]}]},{\"@type\":\"BreadcrumbList\",\"@id\":\"https:\\\/\\\/sc-aix.fr\\\/index.php\\\/actualites-academie\\\/#breadcrumb\",\"itemListElement\":[{\"@type\":\"ListItem\",\"position\":1,\"name\":\"Accueil\",\"item\":\"https:\\\/\\\/sc-aix.fr\\\/\"},{\"@type\":\"ListItem\",\"position\":2,\"name\":\"Actualit\u00e9s\"}]},{\"@type\":\"WebSite\",\"@id\":\"https:\\\/\\\/sc-aix.fr\\\/#website\",\"url\":\"https:\\\/\\\/sc-aix.fr\\\/\",\"name\":\"Soccer Club Aix-en-Provence F\u00e9minines\",\"description\":\"Un club de football 100% F\u00e9minin au c\u0153ur d&#039;Aix-en-Provence.\",\"publisher\":{\"@id\":\"https:\\\/\\\/sc-aix.fr\\\/#organization\"},\"alternateName\":\"SCAF\",\"potentialAction\":[{\"@type\":\"SearchAction\",\"target\":{\"@type\":\"EntryPoint\",\"urlTemplate\":\"https:\\\/\\\/sc-aix.fr\\\/?s={search_term_string}\"},\"query-input\":{\"@type\":\"PropertyValueSpecification\",\"valueRequired\":true,\"valueName\":\"search_term_string\"}}],\"inLanguage\":\"fr-FR\"},{\"@type\":\"Organization\",\"@id\":\"https:\\\/\\\/sc-aix.fr\\\/#organization\",\"name\":\"Soccer Club Aix-en-Provence F\u00e9minines\",\"alternateName\":\"SCAF\",\"url\":\"https:\\\/\\\/sc-aix.fr\\\/\",\"logo\":{\"@type\":\"ImageObject\",\"inLanguage\":\"fr-FR\",\"@id\":\"https:\\\/\\\/sc-aix.fr\\\/#\\\/schema\\\/logo\\\/image\\\/\",\"url\":\"https:\\\/\\\/sc-aix.fr\\\/wp-content\\\/uploads\\\/2023\\\/03\\\/logo_aix_260x260.png\",\"contentUrl\":\"https:\\\/\\\/sc-aix.fr\\\/wp-content\\\/uploads\\\/2023\\\/03\\\/logo_aix_260x260.png\",\"width\":260,\"height\":260,\"caption\":\"Soccer Club Aix-en-Provence F\u00e9minines\"},\"image\":{\"@id\":\"https:\\\/\\\/sc-aix.fr\\\/#\\\/schema\\\/logo\\\/image\\\/\"},\"sameAs\":[\"https:\\\/\\\/www.facebook.com\\\/SportingClubAixois\\\/\",\"https:\\\/\\\/www.instagram.com\\\/scaixf\\\/\",\"https:\\\/\\\/www.youtube.com\\\/@SportingClubAix\",\"https:\\\/\\\/www.tiktok.com\\\/@scaixf\"]}]}<\/script>\n<!-- \/ Yoast SEO plugin. -->","yoast_head_json":{"title":"Actualit\u00e9s | Site officiel du Soccer Club Aix-en-Provence F\u00e9minines","description":"Page actualit\u00e9s du club de football f\u00e9minin SCAF fond\u00e9 en 2023 \u00e0 Aix-en-Provence pr\u00e8s de Luynes, Bouc Bel Air, Gardanne et Marseille.","robots":{"index":"index","follow":"follow","max-snippet":"max-snippet:-1","max-image-preview":"max-image-preview:large","max-video-preview":"max-video-preview:-1"},"canonical":"https:\/\/sc-aix.fr\/index.php\/actualites-academie\/","og_locale":"fr_FR","og_type":"article","og_title":"Actualit\u00e9s | Site officiel du Soccer Club Aix-en-Provence F\u00e9minines","og_description":"Page actualit\u00e9s du club de football f\u00e9minin SCAF fond\u00e9 en 2023 \u00e0 Aix-en-Provence pr\u00e8s de Luynes, Bouc Bel Air, Gardanne et Marseille.","og_url":"https:\/\/sc-aix.fr\/index.php\/actualites-academie\/","og_site_name":"Site officiel du Soccer Club Aix-en-Provence F\u00e9minines","article_publisher":"https:\/\/www.facebook.com\/SportingClubAixois\/","article_modified_time":"2025-11-28T01:40:52+00:00","og_image":[{"width":1200,"height":675,"url":"https:\/\/sc-aix.fr\/wp-content\/uploads\/2023\/09\/logo_yoast.jpg","type":"image\/jpeg"}],"schema":{"@context":"https:\/\/schema.org","@graph":[{"@type":"WebPage","@id":"https:\/\/sc-aix.fr\/index.php\/actualites-academie\/","url":"https:\/\/sc-aix.fr\/index.php\/actualites-academie\/","name":"Actualit\u00e9s | Site officiel du Soccer Club Aix-en-Provence F\u00e9minines","isPartOf":{"@id":"https:\/\/sc-aix.fr\/#website"},"datePublished":"2023-06-09T00:31:38+00:00","dateModified":"2025-11-28T01:40:52+00:00","description":"Page actualit\u00e9s du club de football f\u00e9minin SCAF fond\u00e9 en 2023 \u00e0 Aix-en-Provence pr\u00e8s de Luynes, Bouc Bel Air, Gardanne et Marseille.","breadcrumb":{"@id":"https:\/\/sc-aix.fr\/index.php\/actualites-academie\/#breadcrumb"},"inLanguage":"fr-FR","potentialAction":[{"@type":"ReadAction","target":["https:\/\/sc-aix.fr\/index.php\/actualites-academie\/"]}]},{"@type":"BreadcrumbList","@id":"https:\/\/sc-aix.fr\/index.php\/actualites-academie\/#breadcrumb","itemListElement":[{"@type":"ListItem","position":1,"name":"Accueil","item":"https:\/\/sc-aix.fr\/"},{"@type":"ListItem","position":2,"name":"Actualit\u00e9s"}]},{"@type":"WebSite","@id":"https:\/\/sc-aix.fr\/#website","url":"https:\/\/sc-aix.fr\/","name":"Soccer Club Aix-en-Provence F\u00e9minines","description":"Un club de football 100% F\u00e9minin au c\u0153ur d&#039;Aix-en-Provence.","publisher":{"@id":"https:\/\/sc-aix.fr\/#organization"},"alternateName":"SCAF","potentialAction":[{"@type":"SearchAction","target":{"@type":"EntryPoint","urlTemplate":"https:\/\/sc-aix.fr\/?s={search_term_string}"},"query-input":{"@type":"PropertyValueSpecification","valueRequired":true,"valueName":"search_term_string"}}],"inLanguage":"fr-FR"},{"@type":"Organization","@id":"https:\/\/sc-aix.fr\/#organization","name":"Soccer Club Aix-en-Provence F\u00e9minines","alternateName":"SCAF","url":"https:\/\/sc-aix.fr\/","logo":{"@type":"ImageObject","inLanguage":"fr-FR","@id":"https:\/\/sc-aix.fr\/#\/schema\/logo\/image\/","url":"https:\/\/sc-aix.fr\/wp-content\/uploads\/2023\/03\/logo_aix_260x260.png","contentUrl":"https:\/\/sc-aix.fr\/wp-content\/uploads\/2023\/03\/logo_aix_260x260.png","width":260,"height":260,"caption":"Soccer Club Aix-en-Provence F\u00e9minines"},"image":{"@id":"https:\/\/sc-aix.fr\/#\/schema\/logo\/image\/"},"sameAs":["https:\/\/www.facebook.com\/SportingClubAixois\/","https:\/\/www.instagram.com\/scaixf\/","https:\/\/www.youtube.com\/@SportingClubAix","https:\/\/www.tiktok.com\/@scaixf"]}]}},"_links":{"self":[{"href":"https:\/\/sc-aix.fr\/index.php\/wp-json\/wp\/v2\/pages\/6734","targetHints":{"allow":["GET"]}}],"collection":[{"href":"https:\/\/sc-aix.fr\/index.php\/wp-json\/wp\/v2\/pages"}],"about":[{"href":"https:\/\/sc-aix.fr\/index.php\/wp-json\/wp\/v2\/types\/page"}],"author":[{"embeddable":true,"href":"https:\/\/sc-aix.fr\/index.php\/wp-json\/wp\/v2\/users\/1"}],"replies":[{"embeddable":true,"href":"https:\/\/sc-aix.fr\/index.php\/wp-json\/wp\/v2\/comments?post=6734"}],"version-history":[{"count":0,"href":"https:\/\/sc-aix.fr\/index.php\/wp-json\/wp\/v2\/pages\/6734\/revisions"}],"wp:attachment":[{"href":"https:\/\/sc-aix.fr\/index.php\/wp-json\/wp\/v2\/media?parent=6734"}],"curies":[{"name":"wp","href":"https:\/\/api.w.org\/{rel}","templated":true}]}}