{"id":12063,"date":"2024-05-09T11:14:02","date_gmt":"2024-05-09T09:14:02","guid":{"rendered":"https:\/\/sc-aix.fr\/?post_type=product&#038;p=12063"},"modified":"2025-08-08T21:44:21","modified_gmt":"2025-08-08T19:44:21","slug":"short","status":"publish","type":"product","link":"https:\/\/sc-aix.fr\/index.php\/produit\/short\/","title":{"rendered":"Short"},"content":{"rendered":"<p>Ce produit est fabriqu\u00e9 avec des fibres de polyester 100 % recycl\u00e9es<\/p>\n<p>\u2022 Coupe standard<\/p>\n<p>Composition: 100% polyester.<\/p>\n","protected":false},"excerpt":{"rendered":"<p>Possibilit\u00e9 de Flocage Num\u00e9ro au choix et logo du club (Faire la demande par mail dans contact)<br \/>\nShort, coloris Unique.<\/p>\n","protected":false},"featured_media":12996,"template":"","meta":{"rs_blank_template":"","rs_page_bg_color":"","slide_template_v7":""},"product_brand":[282],"product_cat":[34],"product_tag":[222],"class_list":{"0":"post-12063","1":"product","2":"type-product","3":"status-publish","4":"has-post-thumbnail","6":"product_brand-nike","7":"product_cat-vetements","8":"product_tag-short","10":"first","11":"instock","12":"shipping-taxable","13":"purchasable","14":"product-type-variable"},"yoast_head":"<!-- This site is optimized with the Yoast SEO plugin v27.4 - https:\/\/yoast.com\/product\/yoast-seo-wordpress\/ -->\n<title>Short | Site officiel du Soccer Club Aix-en-Provence F\u00e9minines<\/title>\n<meta name=\"description\" content=\"Page produit du club de football f\u00e9minin SCAF fond\u00e9 en 2023 \u00e0 Aix-en-Provence pr\u00e8s de Luynes, Bouc Bel Air, Gardanne et Marseille.\" \/>\n<meta name=\"robots\" content=\"noindex, follow\" \/>\n<meta property=\"og:locale\" content=\"fr_FR\" \/>\n<meta property=\"og:type\" content=\"article\" \/>\n<meta property=\"og:title\" content=\"Short | Site officiel du Soccer Club Aix-en-Provence F\u00e9minines\" \/>\n<meta property=\"og:description\" content=\"Page produit du club de football f\u00e9minin SCAF fond\u00e9 en 2023 \u00e0 Aix-en-Provence pr\u00e8s de Luynes, Bouc Bel Air, Gardanne et Marseille.\" \/>\n<meta property=\"og:url\" content=\"https:\/\/sc-aix.fr\/index.php\/produit\/short\/\" \/>\n<meta property=\"og:site_name\" content=\"Site officiel du Soccer Club Aix-en-Provence F\u00e9minines\" \/>\n<meta property=\"article:publisher\" content=\"https:\/\/www.facebook.com\/SportingClubAixois\/\" \/>\n<meta property=\"article:modified_time\" content=\"2025-08-08T19:44:21+00:00\" \/>\n<meta property=\"og:image\" content=\"https:\/\/sc-aix.fr\/wp-content\/uploads\/2024\/05\/short_shop.png\" \/>\n\t<meta property=\"og:image:width\" content=\"1080\" \/>\n\t<meta property=\"og:image:height\" content=\"1080\" \/>\n\t<meta property=\"og:image:type\" content=\"image\/png\" \/>\n<script type=\"application\/ld+json\" class=\"yoast-schema-graph\">{\"@context\":\"https:\\\/\\\/schema.org\",\"@graph\":[{\"@type\":\"WebPage\",\"@id\":\"https:\\\/\\\/sc-aix.fr\\\/index.php\\\/produit\\\/short\\\/\",\"url\":\"https:\\\/\\\/sc-aix.fr\\\/index.php\\\/produit\\\/short\\\/\",\"name\":\"Short | Site officiel du Soccer Club Aix-en-Provence F\u00e9minines\",\"isPartOf\":{\"@id\":\"https:\\\/\\\/sc-aix.fr\\\/#website\"},\"primaryImageOfPage\":{\"@id\":\"https:\\\/\\\/sc-aix.fr\\\/index.php\\\/produit\\\/short\\\/#primaryimage\"},\"image\":{\"@id\":\"https:\\\/\\\/sc-aix.fr\\\/index.php\\\/produit\\\/short\\\/#primaryimage\"},\"thumbnailUrl\":\"https:\\\/\\\/sc-aix.fr\\\/wp-content\\\/uploads\\\/2024\\\/05\\\/short_shop.png\",\"datePublished\":\"2024-05-09T09:14:02+00:00\",\"dateModified\":\"2025-08-08T19:44:21+00:00\",\"description\":\"Page produit du club de football f\u00e9minin SCAF fond\u00e9 en 2023 \u00e0 Aix-en-Provence pr\u00e8s de Luynes, Bouc Bel Air, Gardanne et Marseille.\",\"breadcrumb\":{\"@id\":\"https:\\\/\\\/sc-aix.fr\\\/index.php\\\/produit\\\/short\\\/#breadcrumb\"},\"inLanguage\":\"fr-FR\",\"potentialAction\":[{\"@type\":\"ReadAction\",\"target\":[\"https:\\\/\\\/sc-aix.fr\\\/index.php\\\/produit\\\/short\\\/\"]}]},{\"@type\":\"ImageObject\",\"inLanguage\":\"fr-FR\",\"@id\":\"https:\\\/\\\/sc-aix.fr\\\/index.php\\\/produit\\\/short\\\/#primaryimage\",\"url\":\"https:\\\/\\\/sc-aix.fr\\\/wp-content\\\/uploads\\\/2024\\\/05\\\/short_shop.png\",\"contentUrl\":\"https:\\\/\\\/sc-aix.fr\\\/wp-content\\\/uploads\\\/2024\\\/05\\\/short_shop.png\",\"width\":1080,\"height\":1080,\"caption\":\"Pr\u00e9sentation du short 2024\\\/2025 en noir, arborant un audacieux num\u00e9ro \u00ab 7 \u00bb blanc sur la jambe droite avec le logo embl\u00e9matique Nike blanc positionn\u00e9 juste en dessous. Ce short de sport est \u00e9quip\u00e9 d'une ceinture \u00e9lastique pour un ajustement confortable.\"},{\"@type\":\"BreadcrumbList\",\"@id\":\"https:\\\/\\\/sc-aix.fr\\\/index.php\\\/produit\\\/short\\\/#breadcrumb\",\"itemListElement\":[{\"@type\":\"ListItem\",\"position\":1,\"name\":\"Accueil\",\"item\":\"https:\\\/\\\/sc-aix.fr\\\/\"},{\"@type\":\"ListItem\",\"position\":2,\"name\":\"Boutique\",\"item\":\"https:\\\/\\\/sc-aix.fr\\\/index.php\\\/boutique\\\/\"},{\"@type\":\"ListItem\",\"position\":3,\"name\":\"Short\"}]},{\"@type\":\"WebSite\",\"@id\":\"https:\\\/\\\/sc-aix.fr\\\/#website\",\"url\":\"https:\\\/\\\/sc-aix.fr\\\/\",\"name\":\"Soccer Club Aix-en-Provence F\u00e9minines\",\"description\":\"Un club de football 100% F\u00e9minin au c\u0153ur d&#039;Aix-en-Provence.\",\"publisher\":{\"@id\":\"https:\\\/\\\/sc-aix.fr\\\/#organization\"},\"alternateName\":\"SCAF\",\"potentialAction\":[{\"@type\":\"SearchAction\",\"target\":{\"@type\":\"EntryPoint\",\"urlTemplate\":\"https:\\\/\\\/sc-aix.fr\\\/?s={search_term_string}\"},\"query-input\":{\"@type\":\"PropertyValueSpecification\",\"valueRequired\":true,\"valueName\":\"search_term_string\"}}],\"inLanguage\":\"fr-FR\"},{\"@type\":\"Organization\",\"@id\":\"https:\\\/\\\/sc-aix.fr\\\/#organization\",\"name\":\"Soccer Club Aix-en-Provence F\u00e9minines\",\"alternateName\":\"SCAF\",\"url\":\"https:\\\/\\\/sc-aix.fr\\\/\",\"logo\":{\"@type\":\"ImageObject\",\"inLanguage\":\"fr-FR\",\"@id\":\"https:\\\/\\\/sc-aix.fr\\\/#\\\/schema\\\/logo\\\/image\\\/\",\"url\":\"https:\\\/\\\/sc-aix.fr\\\/wp-content\\\/uploads\\\/2023\\\/03\\\/logo_aix_260x260.png\",\"contentUrl\":\"https:\\\/\\\/sc-aix.fr\\\/wp-content\\\/uploads\\\/2023\\\/03\\\/logo_aix_260x260.png\",\"width\":260,\"height\":260,\"caption\":\"Soccer Club Aix-en-Provence F\u00e9minines\"},\"image\":{\"@id\":\"https:\\\/\\\/sc-aix.fr\\\/#\\\/schema\\\/logo\\\/image\\\/\"},\"sameAs\":[\"https:\\\/\\\/www.facebook.com\\\/SportingClubAixois\\\/\",\"https:\\\/\\\/www.instagram.com\\\/scaixf\\\/\",\"https:\\\/\\\/www.youtube.com\\\/@SportingClubAix\",\"https:\\\/\\\/www.tiktok.com\\\/@scaixf\"]}]}<\/script>\n<!-- \/ Yoast SEO plugin. -->","yoast_head_json":{"title":"Short | Site officiel du Soccer Club Aix-en-Provence F\u00e9minines","description":"Page produit du club de football f\u00e9minin SCAF fond\u00e9 en 2023 \u00e0 Aix-en-Provence pr\u00e8s de Luynes, Bouc Bel Air, Gardanne et Marseille.","robots":{"index":"noindex","follow":"follow"},"og_locale":"fr_FR","og_type":"article","og_title":"Short | Site officiel du Soccer Club Aix-en-Provence F\u00e9minines","og_description":"Page produit du club de football f\u00e9minin SCAF fond\u00e9 en 2023 \u00e0 Aix-en-Provence pr\u00e8s de Luynes, Bouc Bel Air, Gardanne et Marseille.","og_url":"https:\/\/sc-aix.fr\/index.php\/produit\/short\/","og_site_name":"Site officiel du Soccer Club Aix-en-Provence F\u00e9minines","article_publisher":"https:\/\/www.facebook.com\/SportingClubAixois\/","article_modified_time":"2025-08-08T19:44:21+00:00","og_image":[{"width":1080,"height":1080,"url":"https:\/\/sc-aix.fr\/wp-content\/uploads\/2024\/05\/short_shop.png","type":"image\/png"}],"schema":{"@context":"https:\/\/schema.org","@graph":[{"@type":"WebPage","@id":"https:\/\/sc-aix.fr\/index.php\/produit\/short\/","url":"https:\/\/sc-aix.fr\/index.php\/produit\/short\/","name":"Short | Site officiel du Soccer Club Aix-en-Provence F\u00e9minines","isPartOf":{"@id":"https:\/\/sc-aix.fr\/#website"},"primaryImageOfPage":{"@id":"https:\/\/sc-aix.fr\/index.php\/produit\/short\/#primaryimage"},"image":{"@id":"https:\/\/sc-aix.fr\/index.php\/produit\/short\/#primaryimage"},"thumbnailUrl":"https:\/\/sc-aix.fr\/wp-content\/uploads\/2024\/05\/short_shop.png","datePublished":"2024-05-09T09:14:02+00:00","dateModified":"2025-08-08T19:44:21+00:00","description":"Page produit du club de football f\u00e9minin SCAF fond\u00e9 en 2023 \u00e0 Aix-en-Provence pr\u00e8s de Luynes, Bouc Bel Air, Gardanne et Marseille.","breadcrumb":{"@id":"https:\/\/sc-aix.fr\/index.php\/produit\/short\/#breadcrumb"},"inLanguage":"fr-FR","potentialAction":[{"@type":"ReadAction","target":["https:\/\/sc-aix.fr\/index.php\/produit\/short\/"]}]},{"@type":"ImageObject","inLanguage":"fr-FR","@id":"https:\/\/sc-aix.fr\/index.php\/produit\/short\/#primaryimage","url":"https:\/\/sc-aix.fr\/wp-content\/uploads\/2024\/05\/short_shop.png","contentUrl":"https:\/\/sc-aix.fr\/wp-content\/uploads\/2024\/05\/short_shop.png","width":1080,"height":1080,"caption":"Pr\u00e9sentation du short 2024\/2025 en noir, arborant un audacieux num\u00e9ro \u00ab 7 \u00bb blanc sur la jambe droite avec le logo embl\u00e9matique Nike blanc positionn\u00e9 juste en dessous. Ce short de sport est \u00e9quip\u00e9 d'une ceinture \u00e9lastique pour un ajustement confortable."},{"@type":"BreadcrumbList","@id":"https:\/\/sc-aix.fr\/index.php\/produit\/short\/#breadcrumb","itemListElement":[{"@type":"ListItem","position":1,"name":"Accueil","item":"https:\/\/sc-aix.fr\/"},{"@type":"ListItem","position":2,"name":"Boutique","item":"https:\/\/sc-aix.fr\/index.php\/boutique\/"},{"@type":"ListItem","position":3,"name":"Short"}]},{"@type":"WebSite","@id":"https:\/\/sc-aix.fr\/#website","url":"https:\/\/sc-aix.fr\/","name":"Soccer Club Aix-en-Provence F\u00e9minines","description":"Un club de football 100% F\u00e9minin au c\u0153ur d&#039;Aix-en-Provence.","publisher":{"@id":"https:\/\/sc-aix.fr\/#organization"},"alternateName":"SCAF","potentialAction":[{"@type":"SearchAction","target":{"@type":"EntryPoint","urlTemplate":"https:\/\/sc-aix.fr\/?s={search_term_string}"},"query-input":{"@type":"PropertyValueSpecification","valueRequired":true,"valueName":"search_term_string"}}],"inLanguage":"fr-FR"},{"@type":"Organization","@id":"https:\/\/sc-aix.fr\/#organization","name":"Soccer Club Aix-en-Provence F\u00e9minines","alternateName":"SCAF","url":"https:\/\/sc-aix.fr\/","logo":{"@type":"ImageObject","inLanguage":"fr-FR","@id":"https:\/\/sc-aix.fr\/#\/schema\/logo\/image\/","url":"https:\/\/sc-aix.fr\/wp-content\/uploads\/2023\/03\/logo_aix_260x260.png","contentUrl":"https:\/\/sc-aix.fr\/wp-content\/uploads\/2023\/03\/logo_aix_260x260.png","width":260,"height":260,"caption":"Soccer Club Aix-en-Provence F\u00e9minines"},"image":{"@id":"https:\/\/sc-aix.fr\/#\/schema\/logo\/image\/"},"sameAs":["https:\/\/www.facebook.com\/SportingClubAixois\/","https:\/\/www.instagram.com\/scaixf\/","https:\/\/www.youtube.com\/@SportingClubAix","https:\/\/www.tiktok.com\/@scaixf"]}]}},"_links":{"self":[{"href":"https:\/\/sc-aix.fr\/index.php\/wp-json\/wp\/v2\/product\/12063","targetHints":{"allow":["GET"]}}],"collection":[{"href":"https:\/\/sc-aix.fr\/index.php\/wp-json\/wp\/v2\/product"}],"about":[{"href":"https:\/\/sc-aix.fr\/index.php\/wp-json\/wp\/v2\/types\/product"}],"wp:featuredmedia":[{"embeddable":true,"href":"https:\/\/sc-aix.fr\/index.php\/wp-json\/wp\/v2\/media\/12996"}],"wp:attachment":[{"href":"https:\/\/sc-aix.fr\/index.php\/wp-json\/wp\/v2\/media?parent=12063"}],"wp:term":[{"taxonomy":"product_brand","embeddable":true,"href":"https:\/\/sc-aix.fr\/index.php\/wp-json\/wp\/v2\/product_brand?post=12063"},{"taxonomy":"product_cat","embeddable":true,"href":"https:\/\/sc-aix.fr\/index.php\/wp-json\/wp\/v2\/product_cat?post=12063"},{"taxonomy":"product_tag","embeddable":true,"href":"https:\/\/sc-aix.fr\/index.php\/wp-json\/wp\/v2\/product_tag?post=12063"}],"curies":[{"name":"wp","href":"https:\/\/api.w.org\/{rel}","templated":true}]}}